{"id":3897,"date":"2025-01-10T09:16:44","date_gmt":"2025-01-10T09:16:44","guid":{"rendered":"https:\/\/strokeneurorehab.com\/?page_id=3897"},"modified":"2025-06-16T15:12:24","modified_gmt":"2025-06-16T13:12:24","slug":"home-snr-training","status":"publish","type":"page","link":"https:\/\/strokeneurorehab.com\/en\/otthoni-snr-trening\/","title":{"rendered":"Home SNR training"},"content":{"rendered":"<div data-elementor-type=\"wp-page\" data-elementor-id=\"3897\" class=\"elementor elementor-3897\" data-elementor-settings=\"{&quot;ha_cmc_init_switcher&quot;:&quot;no&quot;}\" data-elementor-post-type=\"page\">\n\t\t\t\t<div class=\"elementor-element elementor-element-3620740 e-flex e-con-boxed e-con e-parent\" data-id=\"3620740\" data-element_type=\"container\" data-e-type=\"container\" data-settings=\"{&quot;_ha_eqh_enable&quot;:false}\">\n\t\t\t\t\t<div class=\"e-con-inner\">\n\t\t\t\t<div class=\"elementor-element elementor-element-43d4552 elementor-widget elementor-widget-heading\" data-id=\"43d4552\" data-element_type=\"widget\" data-e-type=\"widget\" data-widget_type=\"heading.default\">\n\t\t\t\t<div class=\"elementor-widget-container\">\n\t\t\t\t\t<h2 class=\"elementor-heading-title elementor-size-default\">Home-based physiotherapy service \n<\/h2>\t\t\t\t<\/div>\n\t\t\t\t<\/div>\n\t\t\t\t<div class=\"elementor-element elementor-element-8472218 elementor-widget elementor-widget-text-editor\" data-id=\"8472218\" data-element_type=\"widget\" data-e-type=\"widget\" data-widget_type=\"text-editor.default\">\n\t\t\t\t<div class=\"elementor-widget-container\">\n\t\t\t\t\t\t\t\t\t<p><span style=\"font-weight: 400;\">THE <\/span><b>Stroke Neuro Rehab Ltd.<\/b><span style=\"font-weight: 400;\"> its key service is <\/span><b>home-based physiotherapy<\/b><span style=\"font-weight: 400;\">, which is an ideal solution for stroke victims and those after other neurological or accidental injuries who want to start or continue their rehabilitation in a home environment. Our goal is for our qualified physiotherapists to provide a personalized, intensive training program, directly in the victim&#039;s home, to promote faster recovery and regain an independent quality of life.<\/span><\/p>\t\t\t\t\t\t\t\t<\/div>\n\t\t\t\t<\/div>\n\t\t\t\t\t<\/div>\n\t\t\t\t<\/div>\n\t\t<div class=\"elementor-element elementor-element-2709e13 e-flex e-con-boxed e-con e-parent\" data-id=\"2709e13\" data-element_type=\"container\" data-e-type=\"container\" data-settings=\"{&quot;_ha_eqh_enable&quot;:false}\">\n\t\t\t\t\t<div class=\"e-con-inner\">\n\t\t<div class=\"elementor-element elementor-element-9017c7f e-con-full e-flex e-con e-child\" data-id=\"9017c7f\" data-element_type=\"container\" data-e-type=\"container\" data-settings=\"{&quot;_ha_eqh_enable&quot;:false}\">\n\t\t\t\t<div class=\"elementor-element elementor-element-8f5f6d4 elementor-widget elementor-widget-heading\" data-id=\"8f5f6d4\" data-element_type=\"widget\" data-e-type=\"widget\" data-widget_type=\"heading.default\">\n\t\t\t\t<div class=\"elementor-widget-container\">\n\t\t\t\t\t<h2 class=\"elementor-heading-title elementor-size-default\">Why is home-based physiotherapy beneficial?<\/h2>\t\t\t\t<\/div>\n\t\t\t\t<\/div>\n\t\t\t\t<div class=\"elementor-element elementor-element-26e3bbf elementor-widget elementor-widget-text-editor\" data-id=\"26e3bbf\" data-element_type=\"widget\" data-e-type=\"widget\" data-widget_type=\"text-editor.default\">\n\t\t\t\t<div class=\"elementor-widget-container\">\n\t\t\t\t\t\t\t\t\t<ul><li style=\"font-weight: 400;\" aria-level=\"1\"><b>Convenient and time-saving:<\/b><span style=\"font-weight: 400;\"> No need to travel, the trainer comes to your home.<\/span><\/li><li style=\"font-weight: 400;\" aria-level=\"1\"><b>Unique, personalized treatment:<\/b><span style=\"font-weight: 400;\"> During therapeutic gymnastics, we perform exercises tailored to individual needs and condition.<\/span><\/li><li style=\"font-weight: 400;\" aria-level=\"1\"><b>Safe environment:<\/b><span style=\"font-weight: 400;\"> Exercises done at home help you relearn everyday movements.<\/span><\/li><li style=\"font-weight: 400;\" aria-level=\"1\"><b>Continuous development:<\/b><span style=\"font-weight: 400;\"> Our physiotherapist regularly monitors your progress and adjusts the program as necessary for the most effective results.<\/span><\/li><\/ul>\t\t\t\t\t\t\t\t<\/div>\n\t\t\t\t<\/div>\n\t\t\t\t<\/div>\n\t\t<div class=\"elementor-element elementor-element-e4ed714 e-con-full e-flex e-con e-child\" data-id=\"e4ed714\" data-element_type=\"container\" data-e-type=\"container\" data-settings=\"{&quot;_ha_eqh_enable&quot;:false}\">\n\t\t\t\t<div class=\"elementor-element elementor-element-62fea0c elementor-widget elementor-widget-image\" data-id=\"62fea0c\" data-element_type=\"widget\" data-e-type=\"widget\" data-widget_type=\"image.default\">\n\t\t\t\t<div class=\"elementor-widget-container\">\n\t\t\t\t\t\t\t\t\t\t\t\t\t\t\t<img fetchpriority=\"high\" decoding=\"async\" width=\"1920\" height=\"1190\" src=\"https:\/\/strokeneurorehab.com\/wp-content\/uploads\/2025\/01\/Nevtelen-terv-16-scaled-e1657530606818.jpg\" class=\"attachment-full size-full wp-image-5934\" alt=\"\" srcset=\"https:\/\/strokeneurorehab.com\/wp-content\/uploads\/2025\/01\/Nevtelen-terv-16-scaled-e1657530606818.jpg 1920w, https:\/\/strokeneurorehab.com\/wp-content\/uploads\/2025\/01\/Nevtelen-terv-16-scaled-e1657530606818-300x186.jpg 300w, https:\/\/strokeneurorehab.com\/wp-content\/uploads\/2025\/01\/Nevtelen-terv-16-scaled-e1657530606818-1024x635.jpg 1024w, https:\/\/strokeneurorehab.com\/wp-content\/uploads\/2025\/01\/Nevtelen-terv-16-scaled-e1657530606818-768x476.jpg 768w, https:\/\/strokeneurorehab.com\/wp-content\/uploads\/2025\/01\/Nevtelen-terv-16-scaled-e1657530606818-1536x952.jpg 1536w, https:\/\/strokeneurorehab.com\/wp-content\/uploads\/2025\/01\/Nevtelen-terv-16-scaled-e1657530606818-600x372.jpg 600w\" sizes=\"(max-width: 1920px) 100vw, 1920px\" \/>\t\t\t\t\t\t\t\t\t\t\t\t\t\t\t<\/div>\n\t\t\t\t<\/div>\n\t\t\t\t<\/div>\n\t\t\t\t\t<\/div>\n\t\t\t\t<\/div>\n\t\t<div class=\"elementor-element elementor-element-e7fa534 e-flex e-con-boxed e-con e-parent\" data-id=\"e7fa534\" data-element_type=\"container\" data-e-type=\"container\" data-settings=\"{&quot;_ha_eqh_enable&quot;:false}\">\n\t\t\t\t\t<div class=\"e-con-inner\">\n\t\t\t\t<div class=\"elementor-element elementor-element-935f9f9 elementor-widget elementor-widget-heading\" data-id=\"935f9f9\" data-element_type=\"widget\" data-e-type=\"widget\" data-widget_type=\"heading.default\">\n\t\t\t\t<div class=\"elementor-widget-container\">\n\t\t\t\t\t<h2 class=\"elementor-heading-title elementor-size-default\">How does home-based physical therapy work?\n<\/h2>\t\t\t\t<\/div>\n\t\t\t\t<\/div>\n\t\t\t\t<div class=\"elementor-element elementor-element-2a034be elementor-widget elementor-widget-text-editor\" data-id=\"2a034be\" data-element_type=\"widget\" data-e-type=\"widget\" data-widget_type=\"text-editor.default\">\n\t\t\t\t<div class=\"elementor-widget-container\">\n\t\t\t\t\t\t\t\t\t<p><span style=\"font-weight: 400;\">You must contact us at the contact information provided, and after consultation, you will receive the contact information of a physiotherapist close to your home, who will arrange an appointment with you. <\/span><b>with a condition assessment<\/b><span style=\"font-weight: 400;\"> begins, during which the physical abilities of the affected person, the rehabilitation goals and the necessary forms of movement are determined. Our qualified trainer then visits the patient at times tailored to the patient, and guided, task-oriented exercises are performed. The therapies aim to improve walking ability, hand functions, balance and coordination.<\/span><\/p>\t\t\t\t\t\t\t\t<\/div>\n\t\t\t\t<\/div>\n\t\t\t\t\t<\/div>\n\t\t\t\t<\/div>\n\t\t<div class=\"elementor-element elementor-element-060921a e-flex e-con-boxed e-con e-parent\" data-id=\"060921a\" data-element_type=\"container\" data-e-type=\"container\" data-settings=\"{&quot;_ha_eqh_enable&quot;:false}\">\n\t\t\t\t\t<div class=\"e-con-inner\">\n\t\t<div class=\"elementor-element elementor-element-08b8f97 e-con-full e-flex e-con e-child\" data-id=\"08b8f97\" data-element_type=\"container\" data-e-type=\"container\" data-settings=\"{&quot;_ha_eqh_enable&quot;:false}\">\n\t\t\t\t<div class=\"elementor-element elementor-element-cbcbf3b elementor-widget elementor-widget-image\" data-id=\"cbcbf3b\" data-element_type=\"widget\" data-e-type=\"widget\" data-widget_type=\"image.default\">\n\t\t\t\t<div class=\"elementor-widget-container\">\n\t\t\t\t\t\t\t\t\t\t\t\t\t\t\t<img decoding=\"async\" width=\"1069\" height=\"751\" src=\"https:\/\/strokeneurorehab.com\/wp-content\/uploads\/2025\/01\/image-2.png\" class=\"attachment-full size-full wp-image-5939\" alt=\"\" srcset=\"https:\/\/strokeneurorehab.com\/wp-content\/uploads\/2025\/01\/image-2.png 1069w, https:\/\/strokeneurorehab.com\/wp-content\/uploads\/2025\/01\/image-2-300x211.png 300w, https:\/\/strokeneurorehab.com\/wp-content\/uploads\/2025\/01\/image-2-1024x719.png 1024w, https:\/\/strokeneurorehab.com\/wp-content\/uploads\/2025\/01\/image-2-768x540.png 768w, https:\/\/strokeneurorehab.com\/wp-content\/uploads\/2025\/01\/image-2-600x422.png 600w\" sizes=\"(max-width: 1069px) 100vw, 1069px\" \/>\t\t\t\t\t\t\t\t\t\t\t\t\t\t\t<\/div>\n\t\t\t\t<\/div>\n\t\t\t\t<\/div>\n\t\t<div class=\"elementor-element elementor-element-9bce14e e-con-full e-flex e-con e-child\" data-id=\"9bce14e\" data-element_type=\"container\" data-e-type=\"container\" data-settings=\"{&quot;_ha_eqh_enable&quot;:false}\">\n\t\t\t\t<div class=\"elementor-element elementor-element-2562e9f elementor-widget elementor-widget-heading\" data-id=\"2562e9f\" data-element_type=\"widget\" data-e-type=\"widget\" data-widget_type=\"heading.default\">\n\t\t\t\t<div class=\"elementor-widget-container\">\n\t\t\t\t\t<h2 class=\"elementor-heading-title elementor-size-default\">The Stroke Neuro Rehab Method<\/h2>\t\t\t\t<\/div>\n\t\t\t\t<\/div>\n\t\t\t\t<div class=\"elementor-element elementor-element-e71813e elementor-widget elementor-widget-text-editor\" data-id=\"e71813e\" data-element_type=\"widget\" data-e-type=\"widget\" data-widget_type=\"text-editor.default\">\n\t\t\t\t<div class=\"elementor-widget-container\">\n\t\t\t\t\t\t\t\t\t<p><span style=\"font-weight: 400;\">Our physiotherapists are <\/span><b>SNR\u00ae functional training<\/b><span style=\"font-weight: 400;\"> and the <\/span><b>ARNI method<\/b><span style=\"font-weight: 400;\"> These programs effectively support rehabilitation, improve muscle strength, movement coordination, and the skills necessary for independent living during home-based physiotherapy.<\/span><\/p><p><b>Who do we recommend the service to?<\/b><\/p><ul><li style=\"font-weight: 400;\" aria-level=\"1\"><span style=\"font-weight: 400;\">For stroke patients who have difficulty moving around.<\/span><\/li><li style=\"font-weight: 400;\" aria-level=\"1\"><span style=\"font-weight: 400;\">Those who want to heal in a homely, peaceful environment.<\/span><\/li><li style=\"font-weight: 400;\" aria-level=\"1\"><span style=\"font-weight: 400;\">For people with limited mobility or who require an escort.<\/span><\/li><li style=\"font-weight: 400;\" aria-level=\"1\"><span style=\"font-weight: 400;\">For older people, for whom home exercise is the most convenient solution.<\/span><\/li><li style=\"font-weight: 400;\" aria-level=\"1\"><span style=\"font-weight: 400;\">In the period after the accident.<\/span><\/li><li style=\"font-weight: 400;\" aria-level=\"1\"><span style=\"font-weight: 400;\">For people living with multiple sclerosis and Parkinson&#039;s disease.<\/span><\/li><\/ul>\t\t\t\t\t\t\t\t<\/div>\n\t\t\t\t<\/div>\n\t\t\t\t<div class=\"elementor-element elementor-element-5ed7916 elementor-align-center elementor-widget elementor-widget-button\" data-id=\"5ed7916\" data-element_type=\"widget\" data-e-type=\"widget\" data-widget_type=\"button.default\">\n\t\t\t\t<div class=\"elementor-widget-container\">\n\t\t\t\t\t\t\t\t\t<div class=\"elementor-button-wrapper\">\n\t\t\t\t\t<a class=\"elementor-button elementor-button-link elementor-size-sm\" href=\"https:\/\/strokeneurorehab.com\/kapcsolat\/\">\n\t\t\t\t\t\t<span class=\"elementor-button-content-wrapper\">\n\t\t\t\t\t\t\t\t\t<span class=\"elementor-button-text\">Contact us! <\/span>\n\t\t\t\t\t<\/span>\n\t\t\t\t\t<\/a>\n\t\t\t\t<\/div>\n\t\t\t\t\t\t\t\t<\/div>\n\t\t\t\t<\/div>\n\t\t\t\t<\/div>\n\t\t\t\t\t<\/div>\n\t\t\t\t<\/div>\n\t\t\t\t<\/div>","protected":false},"excerpt":{"rendered":"<p>H\u00e1zhoz j\u00e1r\u00f3s gy\u00f3gytorna szolg\u00e1ltat\u00e1s A Stroke Neuro Rehab Kft. kiemelt szolg\u00e1ltat\u00e1sa a h\u00e1zhoz j\u00e1r\u00f3s gy\u00f3gytorna, amely ide\u00e1lis megold\u00e1s stroke-on \u00e1tesett [&hellip;]<\/p>\n","protected":false},"author":1,"featured_media":0,"parent":0,"menu_order":0,"comment_status":"closed","ping_status":"closed","template":"","meta":{"site-sidebar-layout":"no-sidebar","site-content-layout":"page-builder","ast-site-content-layout":"full-width-container","site-content-style":"default","site-sidebar-style":"default","ast-global-header-display":"","ast-banner-title-visibility":"","ast-main-header-display":"","ast-hfb-above-header-display":"","ast-hfb-below-header-display":"","ast-hfb-mobile-header-display":"","site-post-title":"disabled","ast-breadcrumbs-content":"","ast-featured-img":"disabled","footer-sml-layout":"","ast-disable-related-posts":"","theme-transparent-header-meta":"","adv-header-id-meta":"","stick-header-meta":"","header-above-stick-meta":"","header-main-stick-meta":"","header-below-stick-meta":"","astra-migrate-meta-layouts":"set","ast-page-background-enabled":"default","ast-page-background-meta":{"desktop":{"background-color":"var(--ast-global-color-4)","background-image":"","background-repeat":"repeat","background-position":"center center","background-size":"auto","background-attachment":"scroll","background-type":"","background-media":"","overlay-type":"","overlay-color":"","overlay-opacity":"","overlay-gradient":""},"tablet":{"background-color":"","background-image":"","background-repeat":"repeat","background-position":"center center","background-size":"auto","background-attachment":"scroll","background-type":"","background-media":"","overlay-type":"","overlay-color":"","overlay-opacity":"","overlay-gradient":""},"mobile":{"background-color":"","background-image":"","background-repeat":"repeat","background-position":"center center","background-size":"auto","background-attachment":"scroll","background-type":"","background-media":"","overlay-type":"","overlay-color":"","overlay-opacity":"","overlay-gradient":""}},"ast-content-background-meta":{"desktop":{"background-color":"var(--ast-global-color-5)","background-image":"","background-repeat":"repeat","background-position":"center center","background-size":"auto","background-attachment":"scroll","background-type":"","background-media":"","overlay-type":"","overlay-color":"","overlay-opacity":"","overlay-gradient":""},"tablet":{"background-color":"var(--ast-global-color-5)","background-image":"","background-repeat":"repeat","background-position":"center center","background-size":"auto","background-attachment":"scroll","background-type":"","background-media":"","overlay-type":"","overlay-color":"","overlay-opacity":"","overlay-gradient":""},"mobile":{"background-color":"var(--ast-global-color-5)","background-image":"","background-repeat":"repeat","background-position":"center center","background-size":"auto","background-attachment":"scroll","background-type":"","background-media":"","overlay-type":"","overlay-color":"","overlay-opacity":"","overlay-gradient":""}},"footnotes":""},"class_list":["post-3897","page","type-page","status-publish","hentry"],"yoast_head":"<!-- This site is optimized with the Yoast SEO Premium plugin v27.1 (Yoast SEO v27.3) - https:\/\/yoast.com\/product\/yoast-seo-premium-wordpress\/ -->\n<title>Otthoni SNR tr\u00e9ning - Stroke Neuro Rehab<\/title>\n<meta name=\"description\" content=\"Fedezd fel az otthoni SNR\u00ae tr\u00e9ninget, amely seg\u00edti a stroke-ot t\u00fal\u00e9l\u0151k gyors \u00e9s hat\u00e9kony rehabilit\u00e1ci\u00f3j\u00e1t szak\u00e9rt\u0151i t\u00e1mogat\u00e1ssal.\" \/>\n<meta name=\"robots\" content=\"index, follow, max-snippet:-1, max-image-preview:large, max-video-preview:-1\" \/>\n<link rel=\"canonical\" href=\"https:\/\/strokeneurorehab.com\/en\/home-snr-training\/\" \/>\n<meta property=\"og:locale\" content=\"en_GB\" \/>\n<meta property=\"og:type\" content=\"article\" \/>\n<meta property=\"og:title\" content=\"Otthoni SNR tr\u00e9ning - Stroke Neuro Rehab\" \/>\n<meta property=\"og:description\" content=\"Fedezd fel az otthoni SNR\u00ae tr\u00e9ninget, amely seg\u00edti a stroke-ot t\u00fal\u00e9l\u0151k gyors \u00e9s hat\u00e9kony rehabilit\u00e1ci\u00f3j\u00e1t szak\u00e9rt\u0151i t\u00e1mogat\u00e1ssal.\" \/>\n<meta property=\"og:url\" content=\"https:\/\/strokeneurorehab.com\/en\/home-snr-training\/\" \/>\n<meta property=\"og:site_name\" content=\"Stroke Neuro Rehab\" \/>\n<meta property=\"article:publisher\" content=\"https:\/\/www.facebook.com\/strokeneurorehab\/?locale=hu_HU\" \/>\n<meta property=\"article:modified_time\" content=\"2025-06-16T13:12:24+00:00\" \/>\n<meta property=\"og:image\" content=\"https:\/\/strokeneurorehab.com\/wp-content\/uploads\/2025\/01\/Nevtelen-terv-16-scaled-e1657530606818.jpg\" \/>\n<meta name=\"twitter:card\" content=\"summary_large_image\" \/>\n<meta name=\"twitter:description\" content=\"Szem\u00e9lyre szabott stroke rehabilit\u00e1ci\u00f3 ARNI m\u00f3dszerrel, k\u00e9pzett instruktorokt\u00f3l. Seg\u00edt\u00fcnk lek\u00fczdeni az agys\u00e9r\u00fcl\u00e9s k\u00f6vetkezm\u00e9nyeit \u00e9s visszatal\u00e1lni az \u00f6n\u00e1ll\u00f3 \u00e9lethez.\" \/>\n<meta name=\"twitter:label1\" content=\"Estimated reading time\" \/>\n\t<meta name=\"twitter:data1\" content=\"2 minutes\" \/>\n<script type=\"application\/ld+json\" class=\"yoast-schema-graph\">{\"@context\":\"https:\\\/\\\/schema.org\",\"@graph\":[{\"@type\":\"WebPage\",\"@id\":\"https:\\\/\\\/strokeneurorehab.com\\\/otthoni-snr-trening\\\/\",\"url\":\"https:\\\/\\\/strokeneurorehab.com\\\/otthoni-snr-trening\\\/\",\"name\":\"Otthoni SNR tr\u00e9ning - Stroke Neuro Rehab\",\"isPartOf\":{\"@id\":\"https:\\\/\\\/strokeneurorehab.com\\\/en\\\/fooldal-english\\\/#website\"},\"primaryImageOfPage\":{\"@id\":\"https:\\\/\\\/strokeneurorehab.com\\\/otthoni-snr-trening\\\/#primaryimage\"},\"image\":{\"@id\":\"https:\\\/\\\/strokeneurorehab.com\\\/otthoni-snr-trening\\\/#primaryimage\"},\"thumbnailUrl\":\"https:\\\/\\\/strokeneurorehab.com\\\/wp-content\\\/uploads\\\/2025\\\/01\\\/Nevtelen-terv-16-scaled-e1657530606818.jpg\",\"datePublished\":\"2025-01-10T09:16:44+00:00\",\"dateModified\":\"2025-06-16T13:12:24+00:00\",\"description\":\"Fedezd fel az otthoni SNR\u00ae tr\u00e9ninget, amely seg\u00edti a stroke-ot t\u00fal\u00e9l\u0151k gyors \u00e9s hat\u00e9kony rehabilit\u00e1ci\u00f3j\u00e1t szak\u00e9rt\u0151i t\u00e1mogat\u00e1ssal.\",\"breadcrumb\":{\"@id\":\"https:\\\/\\\/strokeneurorehab.com\\\/otthoni-snr-trening\\\/#breadcrumb\"},\"inLanguage\":\"en-GB\",\"potentialAction\":[{\"@type\":\"ReadAction\",\"target\":[\"https:\\\/\\\/strokeneurorehab.com\\\/otthoni-snr-trening\\\/\"]}]},{\"@type\":\"ImageObject\",\"inLanguage\":\"en-GB\",\"@id\":\"https:\\\/\\\/strokeneurorehab.com\\\/otthoni-snr-trening\\\/#primaryimage\",\"url\":\"https:\\\/\\\/strokeneurorehab.com\\\/wp-content\\\/uploads\\\/2025\\\/01\\\/Nevtelen-terv-16-scaled-e1657530606818.jpg\",\"contentUrl\":\"https:\\\/\\\/strokeneurorehab.com\\\/wp-content\\\/uploads\\\/2025\\\/01\\\/Nevtelen-terv-16-scaled-e1657530606818.jpg\"},{\"@type\":\"BreadcrumbList\",\"@id\":\"https:\\\/\\\/strokeneurorehab.com\\\/otthoni-snr-trening\\\/#breadcrumb\",\"itemListElement\":[{\"@type\":\"ListItem\",\"position\":1,\"name\":\"Home\",\"item\":\"https:\\\/\\\/strokeneurorehab.com\\\/\"},{\"@type\":\"ListItem\",\"position\":2,\"name\":\"Otthoni SNR tr\u00e9ning\"}]},{\"@type\":\"WebSite\",\"@id\":\"https:\\\/\\\/strokeneurorehab.com\\\/en\\\/fooldal-english\\\/#website\",\"url\":\"https:\\\/\\\/strokeneurorehab.com\\\/en\\\/fooldal-english\\\/\",\"name\":\"Stroke Neuro Rehab\",\"description\":\"Van \u00e9let a stroke ut\u00e1n.\",\"publisher\":{\"@id\":\"https:\\\/\\\/strokeneurorehab.com\\\/en\\\/fooldal-english\\\/#organization\"},\"potentialAction\":[{\"@type\":\"SearchAction\",\"target\":{\"@type\":\"EntryPoint\",\"urlTemplate\":\"https:\\\/\\\/strokeneurorehab.com\\\/en\\\/fooldal-english\\\/?s={search_term_string}\"},\"query-input\":{\"@type\":\"PropertyValueSpecification\",\"valueRequired\":true,\"valueName\":\"search_term_string\"}}],\"inLanguage\":\"en-GB\"},{\"@type\":\"Organization\",\"@id\":\"https:\\\/\\\/strokeneurorehab.com\\\/en\\\/fooldal-english\\\/#organization\",\"name\":\"Stroke Neuro Rehab Kft.\",\"url\":\"https:\\\/\\\/strokeneurorehab.com\\\/en\\\/fooldal-english\\\/\",\"logo\":{\"@type\":\"ImageObject\",\"inLanguage\":\"en-GB\",\"@id\":\"https:\\\/\\\/strokeneurorehab.com\\\/en\\\/fooldal-english\\\/#\\\/schema\\\/logo\\\/image\\\/\",\"url\":\"https:\\\/\\\/strokeneurorehab.com\\\/wp-content\\\/uploads\\\/2024\\\/12\\\/Nevtelen-terv-54.png\",\"contentUrl\":\"https:\\\/\\\/strokeneurorehab.com\\\/wp-content\\\/uploads\\\/2024\\\/12\\\/Nevtelen-terv-54.png\",\"width\":1563,\"height\":1563,\"caption\":\"Stroke Neuro Rehab Kft.\"},\"image\":{\"@id\":\"https:\\\/\\\/strokeneurorehab.com\\\/en\\\/fooldal-english\\\/#\\\/schema\\\/logo\\\/image\\\/\"},\"sameAs\":[\"https:\\\/\\\/www.facebook.com\\\/strokeneurorehab\\\/?locale=hu_HU\",\"https:\\\/\\\/www.instagram.com\\\/stroke_neuro_rehab\\\/\",\"https:\\\/\\\/www.tiktok.com\\\/@stroke_neuro_rehab\"]}]}<\/script>\n<!-- \/ Yoast SEO Premium plugin. -->","yoast_head_json":{"title":"Home SNR training - Stroke Neuro Rehab","description":"Fedezd fel az otthoni SNR\u00ae tr\u00e9ninget, amely seg\u00edti a stroke-ot t\u00fal\u00e9l\u0151k gyors \u00e9s hat\u00e9kony rehabilit\u00e1ci\u00f3j\u00e1t szak\u00e9rt\u0151i t\u00e1mogat\u00e1ssal.","robots":{"index":"index","follow":"follow","max-snippet":"max-snippet:-1","max-image-preview":"max-image-preview:large","max-video-preview":"max-video-preview:-1"},"canonical":"https:\/\/strokeneurorehab.com\/en\/home-snr-training\/","og_locale":"en_GB","og_type":"article","og_title":"Otthoni SNR tr\u00e9ning - Stroke Neuro Rehab","og_description":"Fedezd fel az otthoni SNR\u00ae tr\u00e9ninget, amely seg\u00edti a stroke-ot t\u00fal\u00e9l\u0151k gyors \u00e9s hat\u00e9kony rehabilit\u00e1ci\u00f3j\u00e1t szak\u00e9rt\u0151i t\u00e1mogat\u00e1ssal.","og_url":"https:\/\/strokeneurorehab.com\/en\/home-snr-training\/","og_site_name":"Stroke Neuro Rehab","article_publisher":"https:\/\/www.facebook.com\/strokeneurorehab\/?locale=hu_HU","article_modified_time":"2025-06-16T13:12:24+00:00","og_image":[{"url":"https:\/\/strokeneurorehab.com\/wp-content\/uploads\/2025\/01\/Nevtelen-terv-16-scaled-e1657530606818.jpg","type":"","width":"","height":""}],"twitter_card":"summary_large_image","twitter_description":"Szem\u00e9lyre szabott stroke rehabilit\u00e1ci\u00f3 ARNI m\u00f3dszerrel, k\u00e9pzett instruktorokt\u00f3l. Seg\u00edt\u00fcnk lek\u00fczdeni az agys\u00e9r\u00fcl\u00e9s k\u00f6vetkezm\u00e9nyeit \u00e9s visszatal\u00e1lni az \u00f6n\u00e1ll\u00f3 \u00e9lethez.","twitter_misc":{"Estimated reading time":"2 minutes"},"schema":{"@context":"https:\/\/schema.org","@graph":[{"@type":"WebPage","@id":"https:\/\/strokeneurorehab.com\/otthoni-snr-trening\/","url":"https:\/\/strokeneurorehab.com\/otthoni-snr-trening\/","name":"Home SNR training - Stroke Neuro Rehab","isPartOf":{"@id":"https:\/\/strokeneurorehab.com\/en\/fooldal-english\/#website"},"primaryImageOfPage":{"@id":"https:\/\/strokeneurorehab.com\/otthoni-snr-trening\/#primaryimage"},"image":{"@id":"https:\/\/strokeneurorehab.com\/otthoni-snr-trening\/#primaryimage"},"thumbnailUrl":"https:\/\/strokeneurorehab.com\/wp-content\/uploads\/2025\/01\/Nevtelen-terv-16-scaled-e1657530606818.jpg","datePublished":"2025-01-10T09:16:44+00:00","dateModified":"2025-06-16T13:12:24+00:00","description":"Fedezd fel az otthoni SNR\u00ae tr\u00e9ninget, amely seg\u00edti a stroke-ot t\u00fal\u00e9l\u0151k gyors \u00e9s hat\u00e9kony rehabilit\u00e1ci\u00f3j\u00e1t szak\u00e9rt\u0151i t\u00e1mogat\u00e1ssal.","breadcrumb":{"@id":"https:\/\/strokeneurorehab.com\/otthoni-snr-trening\/#breadcrumb"},"inLanguage":"en-GB","potentialAction":[{"@type":"ReadAction","target":["https:\/\/strokeneurorehab.com\/otthoni-snr-trening\/"]}]},{"@type":"ImageObject","inLanguage":"en-GB","@id":"https:\/\/strokeneurorehab.com\/otthoni-snr-trening\/#primaryimage","url":"https:\/\/strokeneurorehab.com\/wp-content\/uploads\/2025\/01\/Nevtelen-terv-16-scaled-e1657530606818.jpg","contentUrl":"https:\/\/strokeneurorehab.com\/wp-content\/uploads\/2025\/01\/Nevtelen-terv-16-scaled-e1657530606818.jpg"},{"@type":"BreadcrumbList","@id":"https:\/\/strokeneurorehab.com\/otthoni-snr-trening\/#breadcrumb","itemListElement":[{"@type":"ListItem","position":1,"name":"Home","item":"https:\/\/strokeneurorehab.com\/"},{"@type":"ListItem","position":2,"name":"Otthoni SNR tr\u00e9ning"}]},{"@type":"WebSite","@id":"https:\/\/strokeneurorehab.com\/en\/fooldal-english\/#website","url":"https:\/\/strokeneurorehab.com\/en\/fooldal-english\/","name":"Stroke Neuro Rehab","description":"There is life after stroke.","publisher":{"@id":"https:\/\/strokeneurorehab.com\/en\/fooldal-english\/#organization"},"potentialAction":[{"@type":"SearchAction","target":{"@type":"EntryPoint","urlTemplate":"https:\/\/strokeneurorehab.com\/en\/fooldal-english\/?s={search_term_string}"},"query-input":{"@type":"PropertyValueSpecification","valueRequired":true,"valueName":"search_term_string"}}],"inLanguage":"en-GB"},{"@type":"Organization","@id":"https:\/\/strokeneurorehab.com\/en\/fooldal-english\/#organization","name":"Stroke Neuro Rehab Ltd.","url":"https:\/\/strokeneurorehab.com\/en\/fooldal-english\/","logo":{"@type":"ImageObject","inLanguage":"en-GB","@id":"https:\/\/strokeneurorehab.com\/en\/fooldal-english\/#\/schema\/logo\/image\/","url":"https:\/\/strokeneurorehab.com\/wp-content\/uploads\/2024\/12\/Nevtelen-terv-54.png","contentUrl":"https:\/\/strokeneurorehab.com\/wp-content\/uploads\/2024\/12\/Nevtelen-terv-54.png","width":1563,"height":1563,"caption":"Stroke Neuro Rehab Kft."},"image":{"@id":"https:\/\/strokeneurorehab.com\/en\/fooldal-english\/#\/schema\/logo\/image\/"},"sameAs":["https:\/\/www.facebook.com\/strokeneurorehab\/?locale=hu_HU","https:\/\/www.instagram.com\/stroke_neuro_rehab\/","https:\/\/www.tiktok.com\/@stroke_neuro_rehab"]}]}},"_links":{"self":[{"href":"https:\/\/strokeneurorehab.com\/en\/wp-json\/wp\/v2\/pages\/3897","targetHints":{"allow":["GET"]}}],"collection":[{"href":"https:\/\/strokeneurorehab.com\/en\/wp-json\/wp\/v2\/pages"}],"about":[{"href":"https:\/\/strokeneurorehab.com\/en\/wp-json\/wp\/v2\/types\/page"}],"author":[{"embeddable":true,"href":"https:\/\/strokeneurorehab.com\/en\/wp-json\/wp\/v2\/users\/1"}],"replies":[{"embeddable":true,"href":"https:\/\/strokeneurorehab.com\/en\/wp-json\/wp\/v2\/comments?post=3897"}],"version-history":[{"count":0,"href":"https:\/\/strokeneurorehab.com\/en\/wp-json\/wp\/v2\/pages\/3897\/revisions"}],"wp:attachment":[{"href":"https:\/\/strokeneurorehab.com\/en\/wp-json\/wp\/v2\/media?parent=3897"}],"curies":[{"name":"wp","href":"https:\/\/api.w.org\/{rel}","templated":true}]}}