{"id":4198,"date":"2025-01-12T13:20:40","date_gmt":"2025-01-12T13:20:40","guid":{"rendered":"https:\/\/strokeneurorehab.com\/?page_id=4198"},"modified":"2026-02-20T13:19:03","modified_gmt":"2026-02-20T11:19:03","slug":"pastor-gabriella","status":"publish","type":"page","link":"https:\/\/strokeneurorehab.com\/en\/pasztor-gabriella\/","title":{"rendered":"Gabriella P\u00e1sztor \u2013 introduction"},"content":{"rendered":"<div data-elementor-type=\"wp-page\" data-elementor-id=\"4198\" class=\"elementor elementor-4198\" data-elementor-settings=\"{&quot;ha_cmc_init_switcher&quot;:&quot;no&quot;}\" data-elementor-post-type=\"page\">\n\t\t\t\t<div class=\"elementor-element elementor-element-17dc631 e-flex e-con-boxed e-con e-parent\" data-id=\"17dc631\" data-element_type=\"container\" data-e-type=\"container\" data-settings=\"{&quot;_ha_eqh_enable&quot;:false}\">\n\t\t\t\t\t<div class=\"e-con-inner\">\n\t\t\t\t<div class=\"elementor-element elementor-element-cd0bedd elementor-widget elementor-widget-heading\" data-id=\"cd0bedd\" data-element_type=\"widget\" data-e-type=\"widget\" data-widget_type=\"heading.default\">\n\t\t\t\t<div class=\"elementor-widget-container\">\n\t\t\t\t\t<h2 class=\"elementor-heading-title elementor-size-default\">P\u00e1sztor Gabriella<\/h2>\t\t\t\t<\/div>\n\t\t\t\t<\/div>\n\t\t\t\t<div class=\"elementor-element elementor-element-44ca4da elementor-widget elementor-widget-text-editor\" data-id=\"44ca4da\" data-element_type=\"widget\" data-e-type=\"widget\" data-widget_type=\"text-editor.default\">\n\t\t\t\t<div class=\"elementor-widget-container\">\n\t\t\t\t\t\t\t\t\tSenior ARNI Associate Instruktor,- Gy\u00f3gytorn\u00e1sz\nThe Chartered Society of Physiotherapy UK\t\t\t\t\t\t\t\t<\/div>\n\t\t\t\t<\/div>\n\t\t\t\t\t<\/div>\n\t\t\t\t<\/div>\n\t\t<div class=\"elementor-element elementor-element-60e7264 e-grid e-con-boxed e-con e-parent\" data-id=\"60e7264\" data-element_type=\"container\" data-e-type=\"container\" data-settings=\"{&quot;_ha_eqh_enable&quot;:false}\">\n\t\t\t\t\t<div class=\"e-con-inner\">\n\t\t\t\t<div class=\"elementor-element elementor-element-f32c437 elementor-widget elementor-widget-image\" data-id=\"f32c437\" data-element_type=\"widget\" data-e-type=\"widget\" data-widget_type=\"image.default\">\n\t\t\t\t<div class=\"elementor-widget-container\">\n\t\t\t\t\t\t\t\t\t\t\t\t\t\t\t<img fetchpriority=\"high\" decoding=\"async\" width=\"467\" height=\"700\" src=\"https:\/\/strokeneurorehab.com\/wp-content\/uploads\/2026\/02\/pasztor_gabriella_nagy.webp\" class=\"attachment-full size-full wp-image-8102\" alt=\"\" srcset=\"https:\/\/strokeneurorehab.com\/wp-content\/uploads\/2026\/02\/pasztor_gabriella_nagy.webp 467w, https:\/\/strokeneurorehab.com\/wp-content\/uploads\/2026\/02\/pasztor_gabriella_nagy-200x300.webp 200w, https:\/\/strokeneurorehab.com\/wp-content\/uploads\/2026\/02\/pasztor_gabriella_nagy-8x12.webp 8w\" sizes=\"(max-width: 467px) 100vw, 467px\" \/>\t\t\t\t\t\t\t\t\t\t\t\t\t\t\t<\/div>\n\t\t\t\t<\/div>\n\t\t\t\t<div class=\"elementor-element elementor-element-33bf002 elementor-widget elementor-widget-text-editor\" data-id=\"33bf002\" data-element_type=\"widget\" data-e-type=\"widget\" data-widget_type=\"text-editor.default\">\n\t\t\t\t<div class=\"elementor-widget-container\">\n\t\t\t\t\t\t\t\t\t<p><strong>I met the ARNI team in London and as a Senior ARNI Instructor I am the organization&#039;s physiotherapist. I am also the International Coordinator and Instructor of the ARNI Institute. As a physiotherapist I consider the ARNI method to be a very effective and excellent rehabilitation. Hundreds of my patients are now confident and able to live independently after learning and applying the exercise series.<\/strong><\/p><p>I was able to obtain the position of Senior Instructor with many years of practice, more than 25 years of professional experience behind me and with continuous learning and application. It is a great pleasure for me to be the exclusive representative of the method and to be the first to introduce, apply and teach the method, which has been used in London for more than 17 years, in Hungary. I am happy about the opportunity to help stroke survivors.<\/p><p>The experience gained over many years, the 3rd diploma and 18 further training courses all help us to prove success and improvement in a very short time with a new functional therapy, ARNI, which is based on evidence. As a physiotherapist, I see how much functional therapy is needed so that patients can return to everyday, active life as soon as possible and be able to take care of themselves.<\/p><h5><b>PUBLICATIONS<\/b><\/h5><p><b>2008.<\/b> \u201cGluteal muscle exercises \u2013 practical manual\u201d national publication, Phytotec Hung\u00e1ria Kft.<\/p><p><b>Other<\/b><br \/><b>2012-2013.<\/b>\u00a0President, Hungarian Community Group, HANA, Hull, Yorkshire, UK<br \/><b>2014-2016.<\/b>\u00a0Rotary Club, Merseyside<br \/><b>2016.<\/b>\u00a0Rotary Club Finchley, London<\/p><p><b>PROFESSIONAL MEMBERSHIP<\/b><br \/><b>2013.<\/b>\u00a0ARNI Institute Associate \/ for Stroke Survivor\/ London, UK<br \/><b>2014.<\/b>\u00a0MIRMT \/ Full Member of the International Register of Massage Therapists, London,<br \/><b>2017.<\/b> NRPT \/ Full memeer the National Register of Personal Trainers London<\/p>\t\t\t\t\t\t\t\t<\/div>\n\t\t\t\t<\/div>\n\t\t\t\t\t<\/div>\n\t\t\t\t<\/div>\n\t\t<div class=\"elementor-element elementor-element-0a42392 e-flex e-con-boxed e-con e-parent\" data-id=\"0a42392\" data-element_type=\"container\" data-e-type=\"container\" data-settings=\"{&quot;_ha_eqh_enable&quot;:false}\">\n\t\t\t\t\t<div class=\"e-con-inner\">\n\t\t<div class=\"elementor-element elementor-element-28b82d1 e-con-full e-flex e-con e-child\" data-id=\"28b82d1\" data-element_type=\"container\" data-e-type=\"container\" data-settings=\"{&quot;_ha_eqh_enable&quot;:false}\">\n\t\t\t\t<div class=\"elementor-element elementor-element-79b9106 elementor-widget elementor-widget-text-editor\" data-id=\"79b9106\" data-element_type=\"widget\" data-e-type=\"widget\" data-widget_type=\"text-editor.default\">\n\t\t\t\t<div class=\"elementor-widget-container\">\n\t\t\t\t\t\t\t\t\t<p><b>2021<\/b>\u00a0\u2013 Stroke Neuro Rehab Healthcare Service Ltd. Owner<br \/><b>2019<\/b>\u00a0\u2013 European Development Manager\/ARNI Hungary<br \/><b>2018<\/b>\u00a0\u2013 ARNI course teaching for healthcare professionals and physiotherapists, organizing ARNI Workshops for stroke survivors<br \/><b>2013<\/b>\u00a0\u2013 Senior ARNI Instructor, Alternative Massage and Movement Therapist, Rose Health Solution Ltd owner. Rehabilitation of stroke patients based on the ARNI method, condition assessment, complex therapies, treatments, prevention, rehabilitation, massages, body control therapies<br \/><b>2015<\/b>\u00a0\u2013 Work experience, PhysioMedicine, Private Clinic, London, UK Musculoskeletal and Neurological.<br \/><b>2014<\/b>\u00a0Work experience, Wythenshawe Hospital, Manchester Primary CareTrust, UK Musculoskeletal and Neurological volunteer work experience\u00a0<br \/><b>2013<\/b>\u00a0Work Experience, Burscough Private Clinic and Rehabilitation Centre<br \/><b>2012-2013<\/b>\u00a0Patient Coordinator, HICA ResidentialCare Home, Hedon, UK\u00a0<br \/><b>2011-2012<\/b>\u00a0Work and study, learning English in England<br \/><b>2009\u20132011<\/b>\u00a0Physiotherapist, Wellness Spa Manager, Eg\u00e9szs\u00e9gkapu \u2013 Gy\u00f3gycentrum, Budapest Physiotherapist, wellness, fitness, prevention, rehabilitation, physiotherapist, therapeutic massage, intimate gymnastics, body shaping gymnastics organization, management, supervision, for adults, children, healthy people and patients. Complex physiotherapy\/physiotherapy, therapeutic massage, physiotherapy\/<br \/><b>2007\u20132011<\/b>\u00a0Wellness Spa Manager, M\u00e1t\u00e9szalka Municipal Swimming Pool, Wellness, fitness, Organization, execution, supervision of active and passive wellness programs (swimming competitions, aquastep, aquafitness). Aquatic therapy. Organization of adult, child and baby swimming lessons. Swimming lessons for school students according to the timetable.\u00a0<br \/><b>1992 \u2013 2010<\/b>\u00a0Leading physiotherapist, M\u00e1t\u00e9szalka Regional Hospital, creation, development and management of a 16-person central physiotherapy and physiotherapy department. Management and performance of preventive, postoperative, rehabilitation gymnastics, intimate gymnastics and McKenzie treatments.<br \/><b>1985\u20131992<\/b>\u00a0Biology-Physical Education teacher, V.sz Elementary School M\u00e1t\u00e9szalka Teaching biology and physical education to elementary school students, athletics and handball training\u00a0<br \/><b>2016<\/b>\u00a0Senior ARNI\/Stroke Survivor Instructor<br \/><b>2013<\/b>\u00a0ARNI\/Stroke Survivor Instructor, ARNI Institute, UK London Special, functional rehabilitation of stroke patients based on the ARNI method,\u00a0<br \/><b>2014<\/b>\u00a0Kinesio Tape Therapist, UK Manchester TK1-TK2, Practical techniques to promote the body&#039;s natural healing<br \/><b>2011<\/b>\u00a0Doctor of Alternative Massage and Movement Therapy Hu-Man Medica Traditional Medicine and Esoteric Sciences Free University Movement and massage theory, practice, mechanisms of action<\/p>\t\t\t\t\t\t\t\t<\/div>\n\t\t\t\t<\/div>\n\t\t\t\t<\/div>\n\t\t<div class=\"elementor-element elementor-element-807495f e-con-full e-flex e-con e-child\" data-id=\"807495f\" data-element_type=\"container\" data-e-type=\"container\" data-settings=\"{&quot;_ha_eqh_enable&quot;:false}\">\n\t\t\t\t<div class=\"elementor-element elementor-element-098bde6 elementor-widget elementor-widget-text-editor\" data-id=\"098bde6\" data-element_type=\"widget\" data-e-type=\"widget\" data-widget_type=\"text-editor.default\">\n\t\t\t\t<div class=\"elementor-widget-container\">\n\t\t\t\t\t\t\t\t\t<p><b>2011<\/b>\u00a0Lava stone body massage and chakra therapy theory and practice Essere Hungary Kft, Massage theory, practice, Specialized postgraduate diploma<br \/><b>2011<\/b>\u00a0Semi-precious Stone Therapeutic Lifting Facial Massage Essere Hungary Ltd, Massage Theory, Practice, Specialized Postgraduate Diploma<br \/><b>2010<\/b>\u00a0Traditional Thai\/oil\/foot massages, Prenatal massage, Infant and child massage Lhamo Vital Studio Budapest, Massage theory, practice, Specialized postgraduate diploma<br \/><b>2009<\/b>\u00a0Modern Scoliosis Therapy (according to Schroth) Scoliosis diagnostics, according to Schroth, treatment plan, corset treatment, Viszen International Health Education Center, theory, practice, Specialized Postgraduate Diploma<br \/><b>2009<\/b>\u00a0Theory and practice of lymphoedema drainage treatment Theory and practice: physiology, anatomy, lymphatic drainage techniques, Euro Medica Budapest Specialized Postgraduate Diploma<br \/><b>2005<\/b>\u00a0Mc Kenzie Mechanical Diagnosis and Therapy \u201cE\u201d Pre- and Post-operative Treatment of Spinal Hernia with Special Therapy, Theory and Practice Mc Kenzie Institute International, Postgraduate Diploma in Specialization<br \/><b>2004<\/b>\u00a0Wellness consultant, wellness fitness manager Health culture, lifestyle consulting, project planning, business planning, program packages, Employee management, motivation, conflict management, health tourism, competition analysis Wellness marketing, law, financial and economic knowledge, practical training IWI (International Wellness Institute) Budapest, Specialized postgraduate diploma, OKJ<br \/><b>2003<\/b>\u00a0Mc Kenzie Mechanical Diagnosis and Therapy \u201cD\u201d Mc Kenzie Institute International Budapest, Specialized Postgraduate Diploma<br \/><b>2002<\/b>\u00a0Incontinence rehabilitation physiotherapy treatment Anatomy, Gynecology, Urology. Therapeutic exercise 1st Gynecological Clinic Budapest, Specialized postgraduate diploma<br \/><b>2001<\/b>\u00a0Fit-ball training Basic Specialized Postgraduate Diploma<br \/><b>1996\u20131997<\/b>\u00a0Mc Kenzie Mechanical Diagnosis and Therapy \u201cA, B, C\u201d Mc Kenzie Institute International, Budapest, Postgraduate Diploma in Specialization<br \/><b>1995\u20131998<\/b>\u00a0Physiotherapist SOTE University of Health Sciences, Diploma with honors. I was a field practice leader for the Physiotherapists of the University of Debrecen for nearly 10 years.<br \/><b>1991\u20131993<\/b>\u00a0Physical education teacher<br \/>Hungarian University of Physical Education, Budapest, Diploma<br \/><b>1981\u20131985<\/b>\u00a0Biology and Physical Education Teacher<br \/>Gy\u00f6rgy Bessenyei Teacher Training College, Ny\u00edregyh\u00e1za, Diploma<\/p>\t\t\t\t\t\t\t\t<\/div>\n\t\t\t\t<\/div>\n\t\t\t\t<\/div>\n\t\t\t\t\t<\/div>\n\t\t\t\t<\/div>\n\t\t\t\t<\/div>","protected":false},"excerpt":{"rendered":"<p>P\u00e1sztor Gabriella Senior ARNI Associate Instruktor,- Gy\u00f3gytorn\u00e1sz The Chartered Society of Physiotherapy UK Londonban ismerkedtem meg az ARNI csapat\u00e1val, \u00e9s [&hellip;]<\/p>\n","protected":false},"author":1,"featured_media":0,"parent":0,"menu_order":0,"comment_status":"closed","ping_status":"closed","template":"","meta":{"site-sidebar-layout":"no-sidebar","site-content-layout":"page-builder","ast-site-content-layout":"full-width-container","site-content-style":"default","site-sidebar-style":"default","ast-global-header-display":"","ast-banner-title-visibility":"","ast-main-header-display":"","ast-hfb-above-header-display":"","ast-hfb-below-header-display":"","ast-hfb-mobile-header-display":"","site-post-title":"disabled","ast-breadcrumbs-content":"","ast-featured-img":"disabled","footer-sml-layout":"","ast-disable-related-posts":"","theme-transparent-header-meta":"","adv-header-id-meta":"","stick-header-meta":"","header-above-stick-meta":"","header-main-stick-meta":"","header-below-stick-meta":"","astra-migrate-meta-layouts":"set","ast-page-background-enabled":"default","ast-page-background-meta":{"desktop":{"background-color":"var(--ast-global-color-4)","background-image":"","background-repeat":"repeat","background-position":"center center","background-size":"auto","background-attachment":"scroll","background-type":"","background-media":"","overlay-type":"","overlay-color":"","overlay-opacity":"","overlay-gradient":""},"tablet":{"background-color":"","background-image":"","background-repeat":"repeat","background-position":"center center","background-size":"auto","background-attachment":"scroll","background-type":"","background-media":"","overlay-type":"","overlay-color":"","overlay-opacity":"","overlay-gradient":""},"mobile":{"background-color":"","background-image":"","background-repeat":"repeat","background-position":"center center","background-size":"auto","background-attachment":"scroll","background-type":"","background-media":"","overlay-type":"","overlay-color":"","overlay-opacity":"","overlay-gradient":""}},"ast-content-background-meta":{"desktop":{"background-color":"var(--ast-global-color-5)","background-image":"","background-repeat":"repeat","background-position":"center center","background-size":"auto","background-attachment":"scroll","background-type":"","background-media":"","overlay-type":"","overlay-color":"","overlay-opacity":"","overlay-gradient":""},"tablet":{"background-color":"var(--ast-global-color-5)","background-image":"","background-repeat":"repeat","background-position":"center center","background-size":"auto","background-attachment":"scroll","background-type":"","background-media":"","overlay-type":"","overlay-color":"","overlay-opacity":"","overlay-gradient":""},"mobile":{"background-color":"var(--ast-global-color-5)","background-image":"","background-repeat":"repeat","background-position":"center center","background-size":"auto","background-attachment":"scroll","background-type":"","background-media":"","overlay-type":"","overlay-color":"","overlay-opacity":"","overlay-gradient":""}},"footnotes":""},"class_list":["post-4198","page","type-page","status-publish","hentry"],"yoast_head":"<!-- This site is optimized with the Yoast SEO Premium plugin v27.1 (Yoast SEO v27.3) - https:\/\/yoast.com\/product\/yoast-seo-premium-wordpress\/ -->\n<title>P\u00e1sztor Gabriella - bemutatkoz\u00f3 - Stroke Neuro Rehab<\/title>\n<meta name=\"description\" content=\"Ismerd meg P\u00e1sztor Gabriella senior instruktor \u00e9s gy\u00f3gytorn\u00e1szt, aki elhivatott a stroke rehabilit\u00e1ci\u00f3j\u00e1ban \u00e9s a betegek t\u00e1mogat\u00e1s\u00e1ban.\" \/>\n<meta name=\"robots\" content=\"index, follow, max-snippet:-1, max-image-preview:large, max-video-preview:-1\" \/>\n<link rel=\"canonical\" href=\"https:\/\/strokeneurorehab.com\/en\/pastor-gabriella\/\" \/>\n<meta property=\"og:locale\" content=\"en_GB\" \/>\n<meta property=\"og:type\" content=\"article\" \/>\n<meta property=\"og:title\" content=\"P\u00e1sztor Gabriella - bemutatkoz\u00f3 - Stroke Neuro Rehab\" \/>\n<meta property=\"og:description\" content=\"Ismerd meg P\u00e1sztor Gabriella senior instruktor \u00e9s gy\u00f3gytorn\u00e1szt, aki elhivatott a stroke rehabilit\u00e1ci\u00f3j\u00e1ban \u00e9s a betegek t\u00e1mogat\u00e1s\u00e1ban.\" \/>\n<meta property=\"og:url\" content=\"https:\/\/strokeneurorehab.com\/en\/pastor-gabriella\/\" \/>\n<meta property=\"og:site_name\" content=\"Stroke Neuro Rehab\" \/>\n<meta property=\"article:publisher\" content=\"https:\/\/www.facebook.com\/strokeneurorehab\/?locale=hu_HU\" \/>\n<meta property=\"article:modified_time\" content=\"2026-02-20T11:19:03+00:00\" \/>\n<meta property=\"og:image\" content=\"https:\/\/strokeneurorehab.com\/wp-content\/uploads\/2026\/02\/pasztor_gabriella_nagy.webp\" \/>\n\t<meta property=\"og:image:width\" content=\"467\" \/>\n\t<meta property=\"og:image:height\" content=\"700\" \/>\n\t<meta property=\"og:image:type\" content=\"image\/webp\" \/>\n<meta name=\"twitter:card\" content=\"summary_large_image\" \/>\n<meta name=\"twitter:description\" content=\"Szem\u00e9lyre szabott stroke rehabilit\u00e1ci\u00f3 ARNI m\u00f3dszerrel, k\u00e9pzett instruktorokt\u00f3l. Seg\u00edt\u00fcnk lek\u00fczdeni az agys\u00e9r\u00fcl\u00e9s k\u00f6vetkezm\u00e9nyeit \u00e9s visszatal\u00e1lni az \u00f6n\u00e1ll\u00f3 \u00e9lethez.\" \/>\n<meta name=\"twitter:label1\" content=\"Estimated reading time\" \/>\n\t<meta name=\"twitter:data1\" content=\"5 minutes\" \/>\n<script type=\"application\/ld+json\" class=\"yoast-schema-graph\">{\"@context\":\"https:\\\/\\\/schema.org\",\"@graph\":[{\"@type\":\"WebPage\",\"@id\":\"https:\\\/\\\/strokeneurorehab.com\\\/pasztor-gabriella\\\/\",\"url\":\"https:\\\/\\\/strokeneurorehab.com\\\/pasztor-gabriella\\\/\",\"name\":\"P\u00e1sztor Gabriella - bemutatkoz\u00f3 - Stroke Neuro Rehab\",\"isPartOf\":{\"@id\":\"https:\\\/\\\/strokeneurorehab.com\\\/en\\\/fooldal-english\\\/#website\"},\"primaryImageOfPage\":{\"@id\":\"https:\\\/\\\/strokeneurorehab.com\\\/pasztor-gabriella\\\/#primaryimage\"},\"image\":{\"@id\":\"https:\\\/\\\/strokeneurorehab.com\\\/pasztor-gabriella\\\/#primaryimage\"},\"thumbnailUrl\":\"https:\\\/\\\/strokeneurorehab.com\\\/wp-content\\\/uploads\\\/2026\\\/02\\\/pasztor_gabriella_nagy.webp\",\"datePublished\":\"2025-01-12T13:20:40+00:00\",\"dateModified\":\"2026-02-20T11:19:03+00:00\",\"description\":\"Ismerd meg P\u00e1sztor Gabriella senior instruktor \u00e9s gy\u00f3gytorn\u00e1szt, aki elhivatott a stroke rehabilit\u00e1ci\u00f3j\u00e1ban \u00e9s a betegek t\u00e1mogat\u00e1s\u00e1ban.\",\"breadcrumb\":{\"@id\":\"https:\\\/\\\/strokeneurorehab.com\\\/pasztor-gabriella\\\/#breadcrumb\"},\"inLanguage\":\"en-GB\",\"potentialAction\":[{\"@type\":\"ReadAction\",\"target\":[\"https:\\\/\\\/strokeneurorehab.com\\\/pasztor-gabriella\\\/\"]}]},{\"@type\":\"ImageObject\",\"inLanguage\":\"en-GB\",\"@id\":\"https:\\\/\\\/strokeneurorehab.com\\\/pasztor-gabriella\\\/#primaryimage\",\"url\":\"https:\\\/\\\/strokeneurorehab.com\\\/wp-content\\\/uploads\\\/2026\\\/02\\\/pasztor_gabriella_nagy.webp\",\"contentUrl\":\"https:\\\/\\\/strokeneurorehab.com\\\/wp-content\\\/uploads\\\/2026\\\/02\\\/pasztor_gabriella_nagy.webp\"},{\"@type\":\"BreadcrumbList\",\"@id\":\"https:\\\/\\\/strokeneurorehab.com\\\/pasztor-gabriella\\\/#breadcrumb\",\"itemListElement\":[{\"@type\":\"ListItem\",\"position\":1,\"name\":\"Home\",\"item\":\"https:\\\/\\\/strokeneurorehab.com\\\/\"},{\"@type\":\"ListItem\",\"position\":2,\"name\":\"P\u00e1sztor Gabriella &#8211; bemutatkoz\u00f3\"}]},{\"@type\":\"WebSite\",\"@id\":\"https:\\\/\\\/strokeneurorehab.com\\\/en\\\/fooldal-english\\\/#website\",\"url\":\"https:\\\/\\\/strokeneurorehab.com\\\/en\\\/fooldal-english\\\/\",\"name\":\"Stroke Neuro Rehab\",\"description\":\"Van \u00e9let a stroke ut\u00e1n.\",\"publisher\":{\"@id\":\"https:\\\/\\\/strokeneurorehab.com\\\/en\\\/fooldal-english\\\/#organization\"},\"potentialAction\":[{\"@type\":\"SearchAction\",\"target\":{\"@type\":\"EntryPoint\",\"urlTemplate\":\"https:\\\/\\\/strokeneurorehab.com\\\/en\\\/fooldal-english\\\/?s={search_term_string}\"},\"query-input\":{\"@type\":\"PropertyValueSpecification\",\"valueRequired\":true,\"valueName\":\"search_term_string\"}}],\"inLanguage\":\"en-GB\"},{\"@type\":\"Organization\",\"@id\":\"https:\\\/\\\/strokeneurorehab.com\\\/en\\\/fooldal-english\\\/#organization\",\"name\":\"Stroke Neuro Rehab Kft.\",\"url\":\"https:\\\/\\\/strokeneurorehab.com\\\/en\\\/fooldal-english\\\/\",\"logo\":{\"@type\":\"ImageObject\",\"inLanguage\":\"en-GB\",\"@id\":\"https:\\\/\\\/strokeneurorehab.com\\\/en\\\/fooldal-english\\\/#\\\/schema\\\/logo\\\/image\\\/\",\"url\":\"https:\\\/\\\/strokeneurorehab.com\\\/wp-content\\\/uploads\\\/2024\\\/12\\\/Nevtelen-terv-54.png\",\"contentUrl\":\"https:\\\/\\\/strokeneurorehab.com\\\/wp-content\\\/uploads\\\/2024\\\/12\\\/Nevtelen-terv-54.png\",\"width\":1563,\"height\":1563,\"caption\":\"Stroke Neuro Rehab Kft.\"},\"image\":{\"@id\":\"https:\\\/\\\/strokeneurorehab.com\\\/en\\\/fooldal-english\\\/#\\\/schema\\\/logo\\\/image\\\/\"},\"sameAs\":[\"https:\\\/\\\/www.facebook.com\\\/strokeneurorehab\\\/?locale=hu_HU\",\"https:\\\/\\\/www.instagram.com\\\/stroke_neuro_rehab\\\/\",\"https:\\\/\\\/www.tiktok.com\\\/@stroke_neuro_rehab\"]}]}<\/script>\n<!-- \/ Yoast SEO Premium plugin. -->","yoast_head_json":{"title":"Gabriella P\u00e1sztor - introduction - Stroke Neuro Rehab","description":"Ismerd meg P\u00e1sztor Gabriella senior instruktor \u00e9s gy\u00f3gytorn\u00e1szt, aki elhivatott a stroke rehabilit\u00e1ci\u00f3j\u00e1ban \u00e9s a betegek t\u00e1mogat\u00e1s\u00e1ban.","robots":{"index":"index","follow":"follow","max-snippet":"max-snippet:-1","max-image-preview":"max-image-preview:large","max-video-preview":"max-video-preview:-1"},"canonical":"https:\/\/strokeneurorehab.com\/en\/pastor-gabriella\/","og_locale":"en_GB","og_type":"article","og_title":"P\u00e1sztor Gabriella - bemutatkoz\u00f3 - Stroke Neuro Rehab","og_description":"Ismerd meg P\u00e1sztor Gabriella senior instruktor \u00e9s gy\u00f3gytorn\u00e1szt, aki elhivatott a stroke rehabilit\u00e1ci\u00f3j\u00e1ban \u00e9s a betegek t\u00e1mogat\u00e1s\u00e1ban.","og_url":"https:\/\/strokeneurorehab.com\/en\/pastor-gabriella\/","og_site_name":"Stroke Neuro Rehab","article_publisher":"https:\/\/www.facebook.com\/strokeneurorehab\/?locale=hu_HU","article_modified_time":"2026-02-20T11:19:03+00:00","og_image":[{"width":467,"height":700,"url":"https:\/\/strokeneurorehab.com\/wp-content\/uploads\/2026\/02\/pasztor_gabriella_nagy.webp","type":"image\/webp"}],"twitter_card":"summary_large_image","twitter_description":"Szem\u00e9lyre szabott stroke rehabilit\u00e1ci\u00f3 ARNI m\u00f3dszerrel, k\u00e9pzett instruktorokt\u00f3l. Seg\u00edt\u00fcnk lek\u00fczdeni az agys\u00e9r\u00fcl\u00e9s k\u00f6vetkezm\u00e9nyeit \u00e9s visszatal\u00e1lni az \u00f6n\u00e1ll\u00f3 \u00e9lethez.","twitter_misc":{"Estimated reading time":"5 minutes"},"schema":{"@context":"https:\/\/schema.org","@graph":[{"@type":"WebPage","@id":"https:\/\/strokeneurorehab.com\/pasztor-gabriella\/","url":"https:\/\/strokeneurorehab.com\/pasztor-gabriella\/","name":"Gabriella P\u00e1sztor - introduction - Stroke Neuro Rehab","isPartOf":{"@id":"https:\/\/strokeneurorehab.com\/en\/fooldal-english\/#website"},"primaryImageOfPage":{"@id":"https:\/\/strokeneurorehab.com\/pasztor-gabriella\/#primaryimage"},"image":{"@id":"https:\/\/strokeneurorehab.com\/pasztor-gabriella\/#primaryimage"},"thumbnailUrl":"https:\/\/strokeneurorehab.com\/wp-content\/uploads\/2026\/02\/pasztor_gabriella_nagy.webp","datePublished":"2025-01-12T13:20:40+00:00","dateModified":"2026-02-20T11:19:03+00:00","description":"Ismerd meg P\u00e1sztor Gabriella senior instruktor \u00e9s gy\u00f3gytorn\u00e1szt, aki elhivatott a stroke rehabilit\u00e1ci\u00f3j\u00e1ban \u00e9s a betegek t\u00e1mogat\u00e1s\u00e1ban.","breadcrumb":{"@id":"https:\/\/strokeneurorehab.com\/pasztor-gabriella\/#breadcrumb"},"inLanguage":"en-GB","potentialAction":[{"@type":"ReadAction","target":["https:\/\/strokeneurorehab.com\/pasztor-gabriella\/"]}]},{"@type":"ImageObject","inLanguage":"en-GB","@id":"https:\/\/strokeneurorehab.com\/pasztor-gabriella\/#primaryimage","url":"https:\/\/strokeneurorehab.com\/wp-content\/uploads\/2026\/02\/pasztor_gabriella_nagy.webp","contentUrl":"https:\/\/strokeneurorehab.com\/wp-content\/uploads\/2026\/02\/pasztor_gabriella_nagy.webp"},{"@type":"BreadcrumbList","@id":"https:\/\/strokeneurorehab.com\/pasztor-gabriella\/#breadcrumb","itemListElement":[{"@type":"ListItem","position":1,"name":"Home","item":"https:\/\/strokeneurorehab.com\/"},{"@type":"ListItem","position":2,"name":"P\u00e1sztor Gabriella &#8211; bemutatkoz\u00f3"}]},{"@type":"WebSite","@id":"https:\/\/strokeneurorehab.com\/en\/fooldal-english\/#website","url":"https:\/\/strokeneurorehab.com\/en\/fooldal-english\/","name":"Stroke Neuro Rehab","description":"There is life after stroke.","publisher":{"@id":"https:\/\/strokeneurorehab.com\/en\/fooldal-english\/#organization"},"potentialAction":[{"@type":"SearchAction","target":{"@type":"EntryPoint","urlTemplate":"https:\/\/strokeneurorehab.com\/en\/fooldal-english\/?s={search_term_string}"},"query-input":{"@type":"PropertyValueSpecification","valueRequired":true,"valueName":"search_term_string"}}],"inLanguage":"en-GB"},{"@type":"Organization","@id":"https:\/\/strokeneurorehab.com\/en\/fooldal-english\/#organization","name":"Stroke Neuro Rehab Ltd.","url":"https:\/\/strokeneurorehab.com\/en\/fooldal-english\/","logo":{"@type":"ImageObject","inLanguage":"en-GB","@id":"https:\/\/strokeneurorehab.com\/en\/fooldal-english\/#\/schema\/logo\/image\/","url":"https:\/\/strokeneurorehab.com\/wp-content\/uploads\/2024\/12\/Nevtelen-terv-54.png","contentUrl":"https:\/\/strokeneurorehab.com\/wp-content\/uploads\/2024\/12\/Nevtelen-terv-54.png","width":1563,"height":1563,"caption":"Stroke Neuro Rehab Kft."},"image":{"@id":"https:\/\/strokeneurorehab.com\/en\/fooldal-english\/#\/schema\/logo\/image\/"},"sameAs":["https:\/\/www.facebook.com\/strokeneurorehab\/?locale=hu_HU","https:\/\/www.instagram.com\/stroke_neuro_rehab\/","https:\/\/www.tiktok.com\/@stroke_neuro_rehab"]}]}},"_links":{"self":[{"href":"https:\/\/strokeneurorehab.com\/en\/wp-json\/wp\/v2\/pages\/4198","targetHints":{"allow":["GET"]}}],"collection":[{"href":"https:\/\/strokeneurorehab.com\/en\/wp-json\/wp\/v2\/pages"}],"about":[{"href":"https:\/\/strokeneurorehab.com\/en\/wp-json\/wp\/v2\/types\/page"}],"author":[{"embeddable":true,"href":"https:\/\/strokeneurorehab.com\/en\/wp-json\/wp\/v2\/users\/1"}],"replies":[{"embeddable":true,"href":"https:\/\/strokeneurorehab.com\/en\/wp-json\/wp\/v2\/comments?post=4198"}],"version-history":[{"count":0,"href":"https:\/\/strokeneurorehab.com\/en\/wp-json\/wp\/v2\/pages\/4198\/revisions"}],"wp:attachment":[{"href":"https:\/\/strokeneurorehab.com\/en\/wp-json\/wp\/v2\/media?parent=4198"}],"curies":[{"name":"wp","href":"https:\/\/api.w.org\/{rel}","templated":true}]}}