{"id":4349,"date":"2025-01-12T17:27:44","date_gmt":"2025-01-12T17:27:44","guid":{"rendered":"https:\/\/strokeneurorehab.com\/?page_id=4349"},"modified":"2026-02-20T16:56:46","modified_gmt":"2026-02-20T14:56:46","slug":"kasa-gyulane","status":"publish","type":"page","link":"https:\/\/strokeneurorehab.com\/en\/kasa-gyulane\/","title":{"rendered":"Gyul\u00e1n\u00e9 K\u00e1sa \u2013 introduction"},"content":{"rendered":"<div data-elementor-type=\"wp-page\" data-elementor-id=\"4349\" class=\"elementor elementor-4349\" data-elementor-settings=\"{&quot;ha_cmc_init_switcher&quot;:&quot;no&quot;}\" data-elementor-post-type=\"page\">\n\t\t\t\t<div class=\"elementor-element elementor-element-b14dd32 e-flex e-con-boxed e-con e-parent\" data-id=\"b14dd32\" data-element_type=\"container\" data-e-type=\"container\" data-settings=\"{&quot;_ha_eqh_enable&quot;:false}\">\n\t\t\t\t\t<div class=\"e-con-inner\">\n\t\t\t\t<div class=\"elementor-element elementor-element-7b44ff9 elementor-widget elementor-widget-heading\" data-id=\"7b44ff9\" data-element_type=\"widget\" data-e-type=\"widget\" data-widget_type=\"heading.default\">\n\t\t\t\t<div class=\"elementor-widget-container\">\n\t\t\t\t\t<h2 class=\"elementor-heading-title elementor-size-default\">Gyul\u00e1n\u00e9 K\u00e1sa\n<\/h2>\t\t\t\t<\/div>\n\t\t\t\t<\/div>\n\t\t\t\t<div class=\"elementor-element elementor-element-271580b elementor-widget elementor-widget-text-editor\" data-id=\"271580b\" data-element_type=\"widget\" data-e-type=\"widget\" data-widget_type=\"text-editor.default\">\n\t\t\t\t<div class=\"elementor-widget-container\">\n\t\t\t\t\t\t\t\t\tSNR\u00ae\/ARNI trainer\t\t\t\t\t\t\t\t<\/div>\n\t\t\t\t<\/div>\n\t\t\t\t\t<\/div>\n\t\t\t\t<\/div>\n\t\t<div class=\"elementor-element elementor-element-84be409 e-flex e-con-boxed e-con e-parent\" data-id=\"84be409\" data-element_type=\"container\" data-e-type=\"container\" data-settings=\"{&quot;background_background&quot;:&quot;classic&quot;,&quot;_ha_eqh_enable&quot;:false}\">\n\t\t\t\t\t<div class=\"e-con-inner\">\n\t\t<div class=\"elementor-element elementor-element-56f4aa3 e-con-full e-flex e-con e-child\" data-id=\"56f4aa3\" data-element_type=\"container\" data-e-type=\"container\" data-settings=\"{&quot;background_background&quot;:&quot;classic&quot;,&quot;_ha_eqh_enable&quot;:false}\">\n\t\t\t\t<div class=\"elementor-element elementor-element-900d828 elementor-widget elementor-widget-image\" data-id=\"900d828\" data-element_type=\"widget\" data-e-type=\"widget\" data-widget_type=\"image.default\">\n\t\t\t\t<div class=\"elementor-widget-container\">\n\t\t\t\t\t\t\t\t\t\t\t\t\t\t\t<img fetchpriority=\"high\" decoding=\"async\" width=\"683\" height=\"764\" src=\"https:\/\/strokeneurorehab.com\/wp-content\/uploads\/2026\/02\/dr-kasa-gyulane-2.jpg\" class=\"attachment-large size-large wp-image-8169\" alt=\"\" srcset=\"https:\/\/strokeneurorehab.com\/wp-content\/uploads\/2026\/02\/dr-kasa-gyulane-2.jpg 683w, https:\/\/strokeneurorehab.com\/wp-content\/uploads\/2026\/02\/dr-kasa-gyulane-2-268x300.jpg 268w, https:\/\/strokeneurorehab.com\/wp-content\/uploads\/2026\/02\/dr-kasa-gyulane-2-11x12.jpg 11w, https:\/\/strokeneurorehab.com\/wp-content\/uploads\/2026\/02\/dr-kasa-gyulane-2-600x671.jpg 600w\" sizes=\"(max-width: 683px) 100vw, 683px\" \/>\t\t\t\t\t\t\t\t\t\t\t\t\t\t\t<\/div>\n\t\t\t\t<\/div>\n\t\t\t\t<\/div>\n\t\t<div class=\"elementor-element elementor-element-f7f2338 e-con-full e-flex e-con e-child\" data-id=\"f7f2338\" data-element_type=\"container\" data-e-type=\"container\" data-settings=\"{&quot;background_background&quot;:&quot;classic&quot;,&quot;_ha_eqh_enable&quot;:false}\">\n\t\t\t\t<div class=\"elementor-element elementor-element-e8cdeef elementor-widget elementor-widget-text-editor\" data-id=\"e8cdeef\" data-element_type=\"widget\" data-e-type=\"widget\" data-widget_type=\"text-editor.default\">\n\t\t\t\t<div class=\"elementor-widget-container\">\n\t\t\t\t\t\t\t\t\t<p><span style=\"font-weight: 400;\">For me, being an SNR\u00ae\/ARNI trainer means that I get an excellent professional background, I am confident in myself and I can be part of an excellent team.<\/span><\/p><p><span style=\"font-weight: 400;\">I have been in healthcare for 28 years. I work in massage and exercise therapy, and I am an aerobics coach. I work in Gyula and appointments are also available in Budapest.<\/span><\/p><p><span style=\"font-weight: 400;\">Throughout my life, I have encountered many sports injuries and rheumatological problems, in which we avoided lumbar or hip surgeries with a lot of movement, gymnastics and massage. With 28 years of experience behind me, I know that the human body must be treated holistically, which for me is body-soul-spirit all in one.\u00a0<\/span><\/p><p><span style=\"font-weight: 400;\">The connectional energy healing I learned from Dr. Eric Pearl in 2011 added a lot to my knowledge. I was able to achieve amazing results in terms of movement and pain reduction.<\/span><\/p><ol start=\"2014\"><li><span style=\"font-weight: 400;\"> My life changed on November 28th. I had a stroke, which, thanks to great perseverance, struggle, and diligence, led me in a very good direction.\u00a0<\/span><\/li><\/ol><p><span style=\"font-weight: 400;\">2017-ben november\u00e9ben tal\u00e1lkoztam az SNR\u00ae\/ARNI-val. Azon a napon tudtam, hogy ezzel rengeteget seg\u00edthetek magamon \u00e9s m\u00e1sokon is. Ez a szakszer\u0171, funkcion\u00e1lis gyakorlat sor, aminek a magas ism\u00e9tl\u00e9ssz\u00e1m az alapja, hihetetlen eszk\u00f6z a kez\u00fcnkben. Az ergo ter\u00e1pi\u00e1s eszk\u00f6z\u00f6kkel saj\u00e1t edz\u0151m lehetek. V\u00e9gtelen\u00fcl boldog vagyok, hogy elv\u00e9geztem az Instruktori k\u00e9pz\u00e9st. \u00cdgy m\u00e1r \u00e9n is eredm\u00e9nyesen fejl\u0151d\u0151m a stabilit\u00e1sban, er\u0151ben \u00e9s j\u00e1r\u00e1stechnik\u00e1ban.<\/span><\/p><p><span style=\"font-weight: 400;\">I will guide you on the path that is open to everyone. I look forward to your questions.<\/span><br \/><br \/><b>Studies:<\/b><br \/><br \/><span style=\"font-weight: 400;\"><strong>2014<\/strong>I obtained my diploma as a lifestyle consultant-trainer in .\u00a0<\/span><br \/><br \/><span style=\"font-weight: 400;\"><strong>2012<\/strong>Honorary Doctor of Teaching in Alternative Natural Sciences,\u00a0<\/span><br \/><br \/><span style=\"font-weight: 400;\"><strong>2011<\/strong>-ben a Gy\u00f3gyhat\u00e1s\u00fa &#8211; k\u00f6z\u00e9rzet jav\u00edt\u00f3 tudom\u00e1nyok mestere lettem.<\/span><br \/><br \/><span style=\"font-weight: 400;\"><strong>1990<\/strong>I learned the science of Swedish and reflexology massage in Canada.<\/span><br \/><br \/><span style=\"font-weight: 400;\"><strong>1991<\/strong>I obtained my Refreshing and Aromatherapy Massage qualification in .<\/span><br \/><br \/><span style=\"font-weight: 400;\"><strong>1991<\/strong>In I completed an aerobics training course in America.<\/span><br \/><br \/><span style=\"font-weight: 400;\"><strong>1989<\/strong>I graduated from the Fodor J\u00f3zsef College of Public Health and Epidemiology in .<\/span><br \/><br \/><br \/><b>Marcsi&#039;s area of work:\u00a0<\/b><span style=\"font-weight: 400;\">Gyula, B\u00e9k\u00e9s, B\u00e9k\u00e9scsaba, Sarkad, Mez\u0151ber\u00e9ny<\/span><\/p>\t\t\t\t\t\t\t\t<\/div>\n\t\t\t\t<\/div>\n\t\t\t\t<\/div>\n\t\t\t\t\t<\/div>\n\t\t\t\t<\/div>\n\t\t\t\t<\/div>","protected":false},"excerpt":{"rendered":"<p>K\u00e1sa Gyul\u00e1n\u00e9 SNR\u00ae\/ARNI tr\u00e9ner Sz\u00e1momra SNR\u00ae\/ARNI tr\u00e9nernek lenni azt jelenti, hogy kiv\u00e1l\u00f3 szakmai h\u00e1tteret kapok, biztos vagyok magamban \u00e9s kit\u0171n\u0151 [&hellip;]<\/p>\n","protected":false},"author":1,"featured_media":0,"parent":0,"menu_order":0,"comment_status":"closed","ping_status":"closed","template":"","meta":{"site-sidebar-layout":"no-sidebar","site-content-layout":"page-builder","ast-site-content-layout":"full-width-container","site-content-style":"default","site-sidebar-style":"default","ast-global-header-display":"","ast-banner-title-visibility":"","ast-main-header-display":"","ast-hfb-above-header-display":"","ast-hfb-below-header-display":"","ast-hfb-mobile-header-display":"","site-post-title":"disabled","ast-breadcrumbs-content":"","ast-featured-img":"disabled","footer-sml-layout":"","ast-disable-related-posts":"","theme-transparent-header-meta":"","adv-header-id-meta":"","stick-header-meta":"","header-above-stick-meta":"","header-main-stick-meta":"","header-below-stick-meta":"","astra-migrate-meta-layouts":"set","ast-page-background-enabled":"default","ast-page-background-meta":{"desktop":{"background-color":"var(--ast-global-color-4)","background-image":"","background-repeat":"repeat","background-position":"center center","background-size":"auto","background-attachment":"scroll","background-type":"","background-media":"","overlay-type":"","overlay-color":"","overlay-opacity":"","overlay-gradient":""},"tablet":{"background-color":"","background-image":"","background-repeat":"repeat","background-position":"center center","background-size":"auto","background-attachment":"scroll","background-type":"","background-media":"","overlay-type":"","overlay-color":"","overlay-opacity":"","overlay-gradient":""},"mobile":{"background-color":"","background-image":"","background-repeat":"repeat","background-position":"center center","background-size":"auto","background-attachment":"scroll","background-type":"","background-media":"","overlay-type":"","overlay-color":"","overlay-opacity":"","overlay-gradient":""}},"ast-content-background-meta":{"desktop":{"background-color":"var(--ast-global-color-5)","background-image":"","background-repeat":"repeat","background-position":"center center","background-size":"auto","background-attachment":"scroll","background-type":"","background-media":"","overlay-type":"","overlay-color":"","overlay-opacity":"","overlay-gradient":""},"tablet":{"background-color":"var(--ast-global-color-5)","background-image":"","background-repeat":"repeat","background-position":"center center","background-size":"auto","background-attachment":"scroll","background-type":"","background-media":"","overlay-type":"","overlay-color":"","overlay-opacity":"","overlay-gradient":""},"mobile":{"background-color":"var(--ast-global-color-5)","background-image":"","background-repeat":"repeat","background-position":"center center","background-size":"auto","background-attachment":"scroll","background-type":"","background-media":"","overlay-type":"","overlay-color":"","overlay-opacity":"","overlay-gradient":""}},"footnotes":""},"class_list":["post-4349","page","type-page","status-publish","hentry"],"yoast_head":"<!-- This site is optimized with the Yoast SEO Premium plugin v27.1 (Yoast SEO v27.3) - https:\/\/yoast.com\/product\/yoast-seo-premium-wordpress\/ -->\n<title>K\u00e1sa Gyul\u00e1n\u00e9 - bemutatkoz\u00f3 - Stroke Neuro Rehab<\/title>\n<meta name=\"description\" content=\"Ismerd meg K\u00e1sa Gyul\u00e1n\u00e9, tapasztalt SNR\u00ae\/ARNI tr\u00e9ner\u00fcnket, aki elhivatott a stroke rehabilit\u00e1ci\u00f3j\u00e1ban \u00e9s a betegek t\u00e1mogat\u00e1s\u00e1ban.\" \/>\n<meta name=\"robots\" content=\"index, follow, max-snippet:-1, max-image-preview:large, max-video-preview:-1\" \/>\n<link rel=\"canonical\" href=\"https:\/\/strokeneurorehab.com\/en\/kasa-gyulane\/\" \/>\n<meta property=\"og:locale\" content=\"en_GB\" \/>\n<meta property=\"og:type\" content=\"article\" \/>\n<meta property=\"og:title\" content=\"K\u00e1sa Gyul\u00e1n\u00e9 - bemutatkoz\u00f3 - Stroke Neuro Rehab\" \/>\n<meta property=\"og:description\" content=\"Ismerd meg K\u00e1sa Gyul\u00e1n\u00e9, tapasztalt SNR\u00ae\/ARNI tr\u00e9ner\u00fcnket, aki elhivatott a stroke rehabilit\u00e1ci\u00f3j\u00e1ban \u00e9s a betegek t\u00e1mogat\u00e1s\u00e1ban.\" \/>\n<meta property=\"og:url\" content=\"https:\/\/strokeneurorehab.com\/en\/kasa-gyulane\/\" \/>\n<meta property=\"og:site_name\" content=\"Stroke Neuro Rehab\" \/>\n<meta property=\"article:publisher\" content=\"https:\/\/www.facebook.com\/strokeneurorehab\/?locale=hu_HU\" \/>\n<meta property=\"article:modified_time\" content=\"2026-02-20T14:56:46+00:00\" \/>\n<meta property=\"og:image\" content=\"https:\/\/strokeneurorehab.com\/wp-content\/uploads\/2026\/02\/dr-kasa-gyulane-2.jpg\" \/>\n\t<meta property=\"og:image:width\" content=\"683\" \/>\n\t<meta property=\"og:image:height\" content=\"764\" \/>\n\t<meta property=\"og:image:type\" content=\"image\/jpeg\" \/>\n<meta name=\"twitter:card\" content=\"summary_large_image\" \/>\n<meta name=\"twitter:description\" content=\"Szem\u00e9lyre szabott stroke rehabilit\u00e1ci\u00f3 ARNI m\u00f3dszerrel, k\u00e9pzett instruktorokt\u00f3l. Seg\u00edt\u00fcnk lek\u00fczdeni az agys\u00e9r\u00fcl\u00e9s k\u00f6vetkezm\u00e9nyeit \u00e9s visszatal\u00e1lni az \u00f6n\u00e1ll\u00f3 \u00e9lethez.\" \/>\n<meta name=\"twitter:label1\" content=\"Estimated reading time\" \/>\n\t<meta name=\"twitter:data1\" content=\"2 minutes\" \/>\n<script type=\"application\/ld+json\" class=\"yoast-schema-graph\">{\"@context\":\"https:\\\/\\\/schema.org\",\"@graph\":[{\"@type\":\"WebPage\",\"@id\":\"https:\\\/\\\/strokeneurorehab.com\\\/kasa-gyulane\\\/\",\"url\":\"https:\\\/\\\/strokeneurorehab.com\\\/kasa-gyulane\\\/\",\"name\":\"K\u00e1sa Gyul\u00e1n\u00e9 - bemutatkoz\u00f3 - Stroke Neuro Rehab\",\"isPartOf\":{\"@id\":\"https:\\\/\\\/strokeneurorehab.com\\\/en\\\/fooldal-english\\\/#website\"},\"primaryImageOfPage\":{\"@id\":\"https:\\\/\\\/strokeneurorehab.com\\\/kasa-gyulane\\\/#primaryimage\"},\"image\":{\"@id\":\"https:\\\/\\\/strokeneurorehab.com\\\/kasa-gyulane\\\/#primaryimage\"},\"thumbnailUrl\":\"https:\\\/\\\/strokeneurorehab.com\\\/wp-content\\\/uploads\\\/2026\\\/02\\\/dr-kasa-gyulane-2.jpg\",\"datePublished\":\"2025-01-12T17:27:44+00:00\",\"dateModified\":\"2026-02-20T14:56:46+00:00\",\"description\":\"Ismerd meg K\u00e1sa Gyul\u00e1n\u00e9, tapasztalt SNR\u00ae\\\/ARNI tr\u00e9ner\u00fcnket, aki elhivatott a stroke rehabilit\u00e1ci\u00f3j\u00e1ban \u00e9s a betegek t\u00e1mogat\u00e1s\u00e1ban.\",\"breadcrumb\":{\"@id\":\"https:\\\/\\\/strokeneurorehab.com\\\/kasa-gyulane\\\/#breadcrumb\"},\"inLanguage\":\"en-GB\",\"potentialAction\":[{\"@type\":\"ReadAction\",\"target\":[\"https:\\\/\\\/strokeneurorehab.com\\\/kasa-gyulane\\\/\"]}]},{\"@type\":\"ImageObject\",\"inLanguage\":\"en-GB\",\"@id\":\"https:\\\/\\\/strokeneurorehab.com\\\/kasa-gyulane\\\/#primaryimage\",\"url\":\"https:\\\/\\\/strokeneurorehab.com\\\/wp-content\\\/uploads\\\/2026\\\/02\\\/dr-kasa-gyulane-2.jpg\",\"contentUrl\":\"https:\\\/\\\/strokeneurorehab.com\\\/wp-content\\\/uploads\\\/2026\\\/02\\\/dr-kasa-gyulane-2.jpg\"},{\"@type\":\"BreadcrumbList\",\"@id\":\"https:\\\/\\\/strokeneurorehab.com\\\/kasa-gyulane\\\/#breadcrumb\",\"itemListElement\":[{\"@type\":\"ListItem\",\"position\":1,\"name\":\"Home\",\"item\":\"https:\\\/\\\/strokeneurorehab.com\\\/\"},{\"@type\":\"ListItem\",\"position\":2,\"name\":\"K\u00e1sa Gyul\u00e1n\u00e9 &#8211; bemutatkoz\u00f3\"}]},{\"@type\":\"WebSite\",\"@id\":\"https:\\\/\\\/strokeneurorehab.com\\\/en\\\/fooldal-english\\\/#website\",\"url\":\"https:\\\/\\\/strokeneurorehab.com\\\/en\\\/fooldal-english\\\/\",\"name\":\"Stroke Neuro Rehab\",\"description\":\"Van \u00e9let a stroke ut\u00e1n.\",\"publisher\":{\"@id\":\"https:\\\/\\\/strokeneurorehab.com\\\/en\\\/fooldal-english\\\/#organization\"},\"potentialAction\":[{\"@type\":\"SearchAction\",\"target\":{\"@type\":\"EntryPoint\",\"urlTemplate\":\"https:\\\/\\\/strokeneurorehab.com\\\/en\\\/fooldal-english\\\/?s={search_term_string}\"},\"query-input\":{\"@type\":\"PropertyValueSpecification\",\"valueRequired\":true,\"valueName\":\"search_term_string\"}}],\"inLanguage\":\"en-GB\"},{\"@type\":\"Organization\",\"@id\":\"https:\\\/\\\/strokeneurorehab.com\\\/en\\\/fooldal-english\\\/#organization\",\"name\":\"Stroke Neuro Rehab Kft.\",\"url\":\"https:\\\/\\\/strokeneurorehab.com\\\/en\\\/fooldal-english\\\/\",\"logo\":{\"@type\":\"ImageObject\",\"inLanguage\":\"en-GB\",\"@id\":\"https:\\\/\\\/strokeneurorehab.com\\\/en\\\/fooldal-english\\\/#\\\/schema\\\/logo\\\/image\\\/\",\"url\":\"https:\\\/\\\/strokeneurorehab.com\\\/wp-content\\\/uploads\\\/2024\\\/12\\\/Nevtelen-terv-54.png\",\"contentUrl\":\"https:\\\/\\\/strokeneurorehab.com\\\/wp-content\\\/uploads\\\/2024\\\/12\\\/Nevtelen-terv-54.png\",\"width\":1563,\"height\":1563,\"caption\":\"Stroke Neuro Rehab Kft.\"},\"image\":{\"@id\":\"https:\\\/\\\/strokeneurorehab.com\\\/en\\\/fooldal-english\\\/#\\\/schema\\\/logo\\\/image\\\/\"},\"sameAs\":[\"https:\\\/\\\/www.facebook.com\\\/strokeneurorehab\\\/?locale=hu_HU\",\"https:\\\/\\\/www.instagram.com\\\/stroke_neuro_rehab\\\/\",\"https:\\\/\\\/www.tiktok.com\\\/@stroke_neuro_rehab\"]}]}<\/script>\n<!-- \/ Yoast SEO Premium plugin. -->","yoast_head_json":{"title":"Gyul\u00e1n\u00e9 K\u00e1sa - introduction - Stroke Neuro Rehab","description":"Ismerd meg K\u00e1sa Gyul\u00e1n\u00e9, tapasztalt SNR\u00ae\/ARNI tr\u00e9ner\u00fcnket, aki elhivatott a stroke rehabilit\u00e1ci\u00f3j\u00e1ban \u00e9s a betegek t\u00e1mogat\u00e1s\u00e1ban.","robots":{"index":"index","follow":"follow","max-snippet":"max-snippet:-1","max-image-preview":"max-image-preview:large","max-video-preview":"max-video-preview:-1"},"canonical":"https:\/\/strokeneurorehab.com\/en\/kasa-gyulane\/","og_locale":"en_GB","og_type":"article","og_title":"K\u00e1sa Gyul\u00e1n\u00e9 - bemutatkoz\u00f3 - Stroke Neuro Rehab","og_description":"Ismerd meg K\u00e1sa Gyul\u00e1n\u00e9, tapasztalt SNR\u00ae\/ARNI tr\u00e9ner\u00fcnket, aki elhivatott a stroke rehabilit\u00e1ci\u00f3j\u00e1ban \u00e9s a betegek t\u00e1mogat\u00e1s\u00e1ban.","og_url":"https:\/\/strokeneurorehab.com\/en\/kasa-gyulane\/","og_site_name":"Stroke Neuro Rehab","article_publisher":"https:\/\/www.facebook.com\/strokeneurorehab\/?locale=hu_HU","article_modified_time":"2026-02-20T14:56:46+00:00","og_image":[{"width":683,"height":764,"url":"https:\/\/strokeneurorehab.com\/wp-content\/uploads\/2026\/02\/dr-kasa-gyulane-2.jpg","type":"image\/jpeg"}],"twitter_card":"summary_large_image","twitter_description":"Szem\u00e9lyre szabott stroke rehabilit\u00e1ci\u00f3 ARNI m\u00f3dszerrel, k\u00e9pzett instruktorokt\u00f3l. Seg\u00edt\u00fcnk lek\u00fczdeni az agys\u00e9r\u00fcl\u00e9s k\u00f6vetkezm\u00e9nyeit \u00e9s visszatal\u00e1lni az \u00f6n\u00e1ll\u00f3 \u00e9lethez.","twitter_misc":{"Estimated reading time":"2 minutes"},"schema":{"@context":"https:\/\/schema.org","@graph":[{"@type":"WebPage","@id":"https:\/\/strokeneurorehab.com\/kasa-gyulane\/","url":"https:\/\/strokeneurorehab.com\/kasa-gyulane\/","name":"Gyul\u00e1n\u00e9 K\u00e1sa - introduction - Stroke Neuro Rehab","isPartOf":{"@id":"https:\/\/strokeneurorehab.com\/en\/fooldal-english\/#website"},"primaryImageOfPage":{"@id":"https:\/\/strokeneurorehab.com\/kasa-gyulane\/#primaryimage"},"image":{"@id":"https:\/\/strokeneurorehab.com\/kasa-gyulane\/#primaryimage"},"thumbnailUrl":"https:\/\/strokeneurorehab.com\/wp-content\/uploads\/2026\/02\/dr-kasa-gyulane-2.jpg","datePublished":"2025-01-12T17:27:44+00:00","dateModified":"2026-02-20T14:56:46+00:00","description":"Ismerd meg K\u00e1sa Gyul\u00e1n\u00e9, tapasztalt SNR\u00ae\/ARNI tr\u00e9ner\u00fcnket, aki elhivatott a stroke rehabilit\u00e1ci\u00f3j\u00e1ban \u00e9s a betegek t\u00e1mogat\u00e1s\u00e1ban.","breadcrumb":{"@id":"https:\/\/strokeneurorehab.com\/kasa-gyulane\/#breadcrumb"},"inLanguage":"en-GB","potentialAction":[{"@type":"ReadAction","target":["https:\/\/strokeneurorehab.com\/kasa-gyulane\/"]}]},{"@type":"ImageObject","inLanguage":"en-GB","@id":"https:\/\/strokeneurorehab.com\/kasa-gyulane\/#primaryimage","url":"https:\/\/strokeneurorehab.com\/wp-content\/uploads\/2026\/02\/dr-kasa-gyulane-2.jpg","contentUrl":"https:\/\/strokeneurorehab.com\/wp-content\/uploads\/2026\/02\/dr-kasa-gyulane-2.jpg"},{"@type":"BreadcrumbList","@id":"https:\/\/strokeneurorehab.com\/kasa-gyulane\/#breadcrumb","itemListElement":[{"@type":"ListItem","position":1,"name":"Home","item":"https:\/\/strokeneurorehab.com\/"},{"@type":"ListItem","position":2,"name":"K\u00e1sa Gyul\u00e1n\u00e9 &#8211; bemutatkoz\u00f3"}]},{"@type":"WebSite","@id":"https:\/\/strokeneurorehab.com\/en\/fooldal-english\/#website","url":"https:\/\/strokeneurorehab.com\/en\/fooldal-english\/","name":"Stroke Neuro Rehab","description":"There is life after stroke.","publisher":{"@id":"https:\/\/strokeneurorehab.com\/en\/fooldal-english\/#organization"},"potentialAction":[{"@type":"SearchAction","target":{"@type":"EntryPoint","urlTemplate":"https:\/\/strokeneurorehab.com\/en\/fooldal-english\/?s={search_term_string}"},"query-input":{"@type":"PropertyValueSpecification","valueRequired":true,"valueName":"search_term_string"}}],"inLanguage":"en-GB"},{"@type":"Organization","@id":"https:\/\/strokeneurorehab.com\/en\/fooldal-english\/#organization","name":"Stroke Neuro Rehab Ltd.","url":"https:\/\/strokeneurorehab.com\/en\/fooldal-english\/","logo":{"@type":"ImageObject","inLanguage":"en-GB","@id":"https:\/\/strokeneurorehab.com\/en\/fooldal-english\/#\/schema\/logo\/image\/","url":"https:\/\/strokeneurorehab.com\/wp-content\/uploads\/2024\/12\/Nevtelen-terv-54.png","contentUrl":"https:\/\/strokeneurorehab.com\/wp-content\/uploads\/2024\/12\/Nevtelen-terv-54.png","width":1563,"height":1563,"caption":"Stroke Neuro Rehab Kft."},"image":{"@id":"https:\/\/strokeneurorehab.com\/en\/fooldal-english\/#\/schema\/logo\/image\/"},"sameAs":["https:\/\/www.facebook.com\/strokeneurorehab\/?locale=hu_HU","https:\/\/www.instagram.com\/stroke_neuro_rehab\/","https:\/\/www.tiktok.com\/@stroke_neuro_rehab"]}]}},"_links":{"self":[{"href":"https:\/\/strokeneurorehab.com\/en\/wp-json\/wp\/v2\/pages\/4349","targetHints":{"allow":["GET"]}}],"collection":[{"href":"https:\/\/strokeneurorehab.com\/en\/wp-json\/wp\/v2\/pages"}],"about":[{"href":"https:\/\/strokeneurorehab.com\/en\/wp-json\/wp\/v2\/types\/page"}],"author":[{"embeddable":true,"href":"https:\/\/strokeneurorehab.com\/en\/wp-json\/wp\/v2\/users\/1"}],"replies":[{"embeddable":true,"href":"https:\/\/strokeneurorehab.com\/en\/wp-json\/wp\/v2\/comments?post=4349"}],"version-history":[{"count":0,"href":"https:\/\/strokeneurorehab.com\/en\/wp-json\/wp\/v2\/pages\/4349\/revisions"}],"wp:attachment":[{"href":"https:\/\/strokeneurorehab.com\/en\/wp-json\/wp\/v2\/media?parent=4349"}],"curies":[{"name":"wp","href":"https:\/\/api.w.org\/{rel}","templated":true}]}}