{"id":4386,"date":"2025-01-12T20:28:12","date_gmt":"2025-01-12T20:28:12","guid":{"rendered":"https:\/\/strokeneurorehab.com\/?page_id=4386"},"modified":"2026-02-20T16:58:30","modified_gmt":"2026-02-20T14:58:30","slug":"konya-horvath-angelika","status":"publish","type":"page","link":"https:\/\/strokeneurorehab.com\/en\/konya-horvath-angelika\/","title":{"rendered":"Angelika K\u00f3nya-Horv\u00e1th \u2013 introduction"},"content":{"rendered":"<div data-elementor-type=\"wp-page\" data-elementor-id=\"4386\" class=\"elementor elementor-4386\" data-elementor-settings=\"{&quot;ha_cmc_init_switcher&quot;:&quot;no&quot;}\" data-elementor-post-type=\"page\">\n\t\t\t\t<div class=\"elementor-element elementor-element-c308752 e-flex e-con-boxed e-con e-parent\" data-id=\"c308752\" data-element_type=\"container\" data-e-type=\"container\" data-settings=\"{&quot;_ha_eqh_enable&quot;:false}\">\n\t\t\t\t\t<div class=\"e-con-inner\">\n\t\t\t\t<div class=\"elementor-element elementor-element-525247d elementor-widget elementor-widget-heading\" data-id=\"525247d\" data-element_type=\"widget\" data-e-type=\"widget\" data-widget_type=\"heading.default\">\n\t\t\t\t<div class=\"elementor-widget-container\">\n\t\t\t\t\t<h2 class=\"elementor-heading-title elementor-size-default\">Angelika Konya-Horvath \n<\/h2>\t\t\t\t<\/div>\n\t\t\t\t<\/div>\n\t\t\t\t<div class=\"elementor-element elementor-element-f7827e3 elementor-widget elementor-widget-text-editor\" data-id=\"f7827e3\" data-element_type=\"widget\" data-e-type=\"widget\" data-widget_type=\"text-editor.default\">\n\t\t\t\t<div class=\"elementor-widget-container\">\n\t\t\t\t\t\t\t\t\tSNR\u00ae\/ARNI trainer\t\t\t\t\t\t\t\t<\/div>\n\t\t\t\t<\/div>\n\t\t\t\t\t<\/div>\n\t\t\t\t<\/div>\n\t\t<div class=\"elementor-element elementor-element-816b87d e-flex e-con-boxed e-con e-parent\" data-id=\"816b87d\" data-element_type=\"container\" data-e-type=\"container\" data-settings=\"{&quot;background_background&quot;:&quot;classic&quot;,&quot;_ha_eqh_enable&quot;:false}\">\n\t\t\t\t\t<div class=\"e-con-inner\">\n\t\t<div class=\"elementor-element elementor-element-c986062 e-con-full e-flex e-con e-child\" data-id=\"c986062\" data-element_type=\"container\" data-e-type=\"container\" data-settings=\"{&quot;background_background&quot;:&quot;classic&quot;,&quot;_ha_eqh_enable&quot;:false}\">\n\t\t\t\t<div class=\"elementor-element elementor-element-09a58f8 elementor-widget elementor-widget-image\" data-id=\"09a58f8\" data-element_type=\"widget\" data-e-type=\"widget\" data-widget_type=\"image.default\">\n\t\t\t\t<div class=\"elementor-widget-container\">\n\t\t\t\t\t\t\t\t\t\t\t\t\t\t\t<img fetchpriority=\"high\" decoding=\"async\" width=\"683\" height=\"764\" src=\"https:\/\/strokeneurorehab.com\/wp-content\/uploads\/2026\/02\/konya-horvath-angelika-2.jpg\" class=\"attachment-large size-large wp-image-8177\" alt=\"\" srcset=\"https:\/\/strokeneurorehab.com\/wp-content\/uploads\/2026\/02\/konya-horvath-angelika-2.jpg 683w, https:\/\/strokeneurorehab.com\/wp-content\/uploads\/2026\/02\/konya-horvath-angelika-2-268x300.jpg 268w, https:\/\/strokeneurorehab.com\/wp-content\/uploads\/2026\/02\/konya-horvath-angelika-2-11x12.jpg 11w, https:\/\/strokeneurorehab.com\/wp-content\/uploads\/2026\/02\/konya-horvath-angelika-2-600x671.jpg 600w\" sizes=\"(max-width: 683px) 100vw, 683px\" \/>\t\t\t\t\t\t\t\t\t\t\t\t\t\t\t<\/div>\n\t\t\t\t<\/div>\n\t\t\t\t<\/div>\n\t\t<div class=\"elementor-element elementor-element-c214c8f e-con-full e-flex e-con e-child\" data-id=\"c214c8f\" data-element_type=\"container\" data-e-type=\"container\" data-settings=\"{&quot;background_background&quot;:&quot;classic&quot;,&quot;_ha_eqh_enable&quot;:false}\">\n\t\t\t\t<div class=\"elementor-element elementor-element-0dd2a15 elementor-widget elementor-widget-text-editor\" data-id=\"0dd2a15\" data-element_type=\"widget\" data-e-type=\"widget\" data-widget_type=\"text-editor.default\">\n\t\t\t\t<div class=\"elementor-widget-container\">\n\t\t\t\t\t\t\t\t\t<p><span style=\"font-weight: 400;\">I graduated as a physiotherapist from the University of Szeged in 2017, and have been living and working here ever since. While working on my thesis, I worked with stroke patients, and during the time I spent with them, I became really interested in this area of physiotherapy. I knew that one day I would like to return to stroke rehabilitation and help those affected with the greatest possible preparation.\u00a0<\/span><br \/><br \/><span style=\"font-weight: 400;\">Erre kaptam lehet\u0151s\u00e9get, amikor megismerkedtem az SNR\u00ae\/ARNI m\u00f3dszerrel. Azonnal mag\u00e1val ragadott az az elhivatotts\u00e1g \u00e9s szakmai tud\u00e1s, hozz\u00e1\u00e1ll\u00e1s, amelyet P\u00e1sztor Gabriella \u00e9s csapata k\u00e9pvisel. \u00dagy \u00e9reztem, ezzel a m\u00f3dszerrel t\u00f6k\u00e9letesen ki tudom eg\u00e9sz\u00edteni a megl\u00e9v\u0151 tud\u00e1somat, lehet\u0151s\u00e9gem van a fejl\u0151d\u00e9sre, \u00faj eszk\u00f6zt\u00e1rral \u00e9s szeml\u00e9letm\u00f3ddal, j\u00f3l m\u0171k\u00f6d\u0151 rendszerben tudom seg\u00edteni az \u00e9rintetteket az fel\u00e9p\u00fcl\u00e9s \u00fatj\u00e1n.<\/span><br \/><br \/><span style=\"font-weight: 400;\">I completed the training in the summer of 2022 and joined the team as a trainer. With dedication, enthusiasm, and continuous development of my skills, I look forward to providing assistance to those who contact me to the best of my ability.<\/span><br \/><br \/><span style=\"font-weight: 400;\">As a member of this team, I already know what it feels like to work with people who share the same goal and whose primary goal is to achieve it, always helping each other.\u00a0<\/span><br \/><br \/><span style=\"font-weight: 400;\">Working with this method, I greatly utilize my empathy and humor, trying to motivate the people I train with, as motivation is one of the most important factors in recovery. It feels great when we set goals with each person and both they and I work together to achieve success.<\/span><br \/><br \/><b>My training:<\/b><\/p><ul><li style=\"font-weight: 400;\" aria-level=\"1\"><span style=\"font-weight: 400;\">Kinematic Taping Basic Course<\/span><\/li><li style=\"font-weight: 400;\" aria-level=\"1\"><span style=\"font-weight: 400;\">Terrier I.<\/span><\/li><li style=\"font-weight: 400;\" aria-level=\"1\"><span style=\"font-weight: 400;\">Trigger point therapy and fascia release techniques<\/span><\/li><li style=\"font-weight: 400;\" aria-level=\"1\"><span style=\"font-weight: 400;\">Scar treatment<\/span><\/li><li style=\"font-weight: 400;\" aria-level=\"1\"><span style=\"font-weight: 400;\">SNR\u00ae\/ARNI Funkcion\u00e1lis Rehabilit\u00e1ci\u00f3s Tr\u00e9ning<\/span><\/li><li style=\"font-weight: 400;\" aria-level=\"1\"><span style=\"font-weight: 400;\">Lymphatic massage<\/span><\/li><\/ul><p>\u00a0<b style=\"font-style: inherit; text-decoration-line: initial;\">Angelika&#039;s area of work: <\/b><span style=\"font-style: inherit; text-decoration-line: initial;\">Szeged and its surroundings<\/span><\/p>\t\t\t\t\t\t\t\t<\/div>\n\t\t\t\t<\/div>\n\t\t\t\t<\/div>\n\t\t\t\t\t<\/div>\n\t\t\t\t<\/div>\n\t\t\t\t<\/div>","protected":false},"excerpt":{"rendered":"<p>K\u00f3nya-Horv\u00e1th Angelika SNR\u00ae\/ARNI tr\u00e9ner 2017-ben v\u00e9geztem gy\u00f3gytorn\u00e1szk\u00e9nt a Szegedi Tudom\u00e1nyegyetemen, az\u00f3ta itt \u00e9lek \u00e9s dolgozom. Szakdolgozatom k\u00e9sz\u00edt\u00e9se sor\u00e1n foglalkoztam stroke-on [&hellip;]<\/p>\n","protected":false},"author":1,"featured_media":0,"parent":0,"menu_order":0,"comment_status":"closed","ping_status":"closed","template":"","meta":{"site-sidebar-layout":"no-sidebar","site-content-layout":"page-builder","ast-site-content-layout":"full-width-container","site-content-style":"default","site-sidebar-style":"default","ast-global-header-display":"","ast-banner-title-visibility":"","ast-main-header-display":"","ast-hfb-above-header-display":"","ast-hfb-below-header-display":"","ast-hfb-mobile-header-display":"","site-post-title":"disabled","ast-breadcrumbs-content":"","ast-featured-img":"disabled","footer-sml-layout":"","ast-disable-related-posts":"","theme-transparent-header-meta":"","adv-header-id-meta":"","stick-header-meta":"","header-above-stick-meta":"","header-main-stick-meta":"","header-below-stick-meta":"","astra-migrate-meta-layouts":"set","ast-page-background-enabled":"default","ast-page-background-meta":{"desktop":{"background-color":"var(--ast-global-color-4)","background-image":"","background-repeat":"repeat","background-position":"center center","background-size":"auto","background-attachment":"scroll","background-type":"","background-media":"","overlay-type":"","overlay-color":"","overlay-opacity":"","overlay-gradient":""},"tablet":{"background-color":"","background-image":"","background-repeat":"repeat","background-position":"center center","background-size":"auto","background-attachment":"scroll","background-type":"","background-media":"","overlay-type":"","overlay-color":"","overlay-opacity":"","overlay-gradient":""},"mobile":{"background-color":"","background-image":"","background-repeat":"repeat","background-position":"center center","background-size":"auto","background-attachment":"scroll","background-type":"","background-media":"","overlay-type":"","overlay-color":"","overlay-opacity":"","overlay-gradient":""}},"ast-content-background-meta":{"desktop":{"background-color":"var(--ast-global-color-5)","background-image":"","background-repeat":"repeat","background-position":"center center","background-size":"auto","background-attachment":"scroll","background-type":"","background-media":"","overlay-type":"","overlay-color":"","overlay-opacity":"","overlay-gradient":""},"tablet":{"background-color":"var(--ast-global-color-5)","background-image":"","background-repeat":"repeat","background-position":"center center","background-size":"auto","background-attachment":"scroll","background-type":"","background-media":"","overlay-type":"","overlay-color":"","overlay-opacity":"","overlay-gradient":""},"mobile":{"background-color":"var(--ast-global-color-5)","background-image":"","background-repeat":"repeat","background-position":"center center","background-size":"auto","background-attachment":"scroll","background-type":"","background-media":"","overlay-type":"","overlay-color":"","overlay-opacity":"","overlay-gradient":""}},"footnotes":""},"class_list":["post-4386","page","type-page","status-publish","hentry"],"yoast_head":"<!-- This site is optimized with the Yoast SEO Premium plugin v27.1 (Yoast SEO v27.3) - https:\/\/yoast.com\/product\/yoast-seo-premium-wordpress\/ -->\n<title>K\u00f3nya-Horv\u00e1th Angelika - bemutatkoz\u00f3 - Stroke Neuro Rehab<\/title>\n<meta name=\"description\" content=\"Ismerd meg K\u00f3nya-Horv\u00e1th Angelik\u00e1t, tapasztalt SNR\u00ae\/ARNI tr\u00e9ner\u00fcnket, aki elhivatott a stroke rehabilit\u00e1ci\u00f3j\u00e1ban \u00e9s a betegek t\u00e1mogat\u00e1s\u00e1ban.\" \/>\n<meta name=\"robots\" content=\"index, follow, max-snippet:-1, max-image-preview:large, max-video-preview:-1\" \/>\n<link rel=\"canonical\" href=\"https:\/\/strokeneurorehab.com\/en\/konya-horvath-angelika\/\" \/>\n<meta property=\"og:locale\" content=\"en_GB\" \/>\n<meta property=\"og:type\" content=\"article\" \/>\n<meta property=\"og:title\" content=\"K\u00f3nya-Horv\u00e1th Angelika - bemutatkoz\u00f3 - Stroke Neuro Rehab\" \/>\n<meta property=\"og:description\" content=\"Ismerd meg K\u00f3nya-Horv\u00e1th Angelik\u00e1t, tapasztalt SNR\u00ae\/ARNI tr\u00e9ner\u00fcnket, aki elhivatott a stroke rehabilit\u00e1ci\u00f3j\u00e1ban \u00e9s a betegek t\u00e1mogat\u00e1s\u00e1ban.\" \/>\n<meta property=\"og:url\" content=\"https:\/\/strokeneurorehab.com\/en\/konya-horvath-angelika\/\" \/>\n<meta property=\"og:site_name\" content=\"Stroke Neuro Rehab\" \/>\n<meta property=\"article:publisher\" content=\"https:\/\/www.facebook.com\/strokeneurorehab\/?locale=hu_HU\" \/>\n<meta property=\"article:modified_time\" content=\"2026-02-20T14:58:30+00:00\" \/>\n<meta property=\"og:image\" content=\"https:\/\/strokeneurorehab.com\/wp-content\/uploads\/2026\/02\/konya-horvath-angelika-2.jpg\" \/>\n\t<meta property=\"og:image:width\" content=\"683\" \/>\n\t<meta property=\"og:image:height\" content=\"764\" \/>\n\t<meta property=\"og:image:type\" content=\"image\/jpeg\" \/>\n<meta name=\"twitter:card\" content=\"summary_large_image\" \/>\n<meta name=\"twitter:description\" content=\"Szem\u00e9lyre szabott stroke rehabilit\u00e1ci\u00f3 ARNI m\u00f3dszerrel, k\u00e9pzett instruktorokt\u00f3l. Seg\u00edt\u00fcnk lek\u00fczdeni az agys\u00e9r\u00fcl\u00e9s k\u00f6vetkezm\u00e9nyeit \u00e9s visszatal\u00e1lni az \u00f6n\u00e1ll\u00f3 \u00e9lethez.\" \/>\n<meta name=\"twitter:label1\" content=\"Estimated reading time\" \/>\n\t<meta name=\"twitter:data1\" content=\"2 minutes\" \/>\n<script type=\"application\/ld+json\" class=\"yoast-schema-graph\">{\"@context\":\"https:\\\/\\\/schema.org\",\"@graph\":[{\"@type\":\"WebPage\",\"@id\":\"https:\\\/\\\/strokeneurorehab.com\\\/konya-horvath-angelika\\\/\",\"url\":\"https:\\\/\\\/strokeneurorehab.com\\\/konya-horvath-angelika\\\/\",\"name\":\"K\u00f3nya-Horv\u00e1th Angelika - bemutatkoz\u00f3 - Stroke Neuro Rehab\",\"isPartOf\":{\"@id\":\"https:\\\/\\\/strokeneurorehab.com\\\/en\\\/fooldal-english\\\/#website\"},\"primaryImageOfPage\":{\"@id\":\"https:\\\/\\\/strokeneurorehab.com\\\/konya-horvath-angelika\\\/#primaryimage\"},\"image\":{\"@id\":\"https:\\\/\\\/strokeneurorehab.com\\\/konya-horvath-angelika\\\/#primaryimage\"},\"thumbnailUrl\":\"https:\\\/\\\/strokeneurorehab.com\\\/wp-content\\\/uploads\\\/2026\\\/02\\\/konya-horvath-angelika-2.jpg\",\"datePublished\":\"2025-01-12T20:28:12+00:00\",\"dateModified\":\"2026-02-20T14:58:30+00:00\",\"description\":\"Ismerd meg K\u00f3nya-Horv\u00e1th Angelik\u00e1t, tapasztalt SNR\u00ae\\\/ARNI tr\u00e9ner\u00fcnket, aki elhivatott a stroke rehabilit\u00e1ci\u00f3j\u00e1ban \u00e9s a betegek t\u00e1mogat\u00e1s\u00e1ban.\",\"breadcrumb\":{\"@id\":\"https:\\\/\\\/strokeneurorehab.com\\\/konya-horvath-angelika\\\/#breadcrumb\"},\"inLanguage\":\"en-GB\",\"potentialAction\":[{\"@type\":\"ReadAction\",\"target\":[\"https:\\\/\\\/strokeneurorehab.com\\\/konya-horvath-angelika\\\/\"]}]},{\"@type\":\"ImageObject\",\"inLanguage\":\"en-GB\",\"@id\":\"https:\\\/\\\/strokeneurorehab.com\\\/konya-horvath-angelika\\\/#primaryimage\",\"url\":\"https:\\\/\\\/strokeneurorehab.com\\\/wp-content\\\/uploads\\\/2026\\\/02\\\/konya-horvath-angelika-2.jpg\",\"contentUrl\":\"https:\\\/\\\/strokeneurorehab.com\\\/wp-content\\\/uploads\\\/2026\\\/02\\\/konya-horvath-angelika-2.jpg\"},{\"@type\":\"BreadcrumbList\",\"@id\":\"https:\\\/\\\/strokeneurorehab.com\\\/konya-horvath-angelika\\\/#breadcrumb\",\"itemListElement\":[{\"@type\":\"ListItem\",\"position\":1,\"name\":\"Home\",\"item\":\"https:\\\/\\\/strokeneurorehab.com\\\/\"},{\"@type\":\"ListItem\",\"position\":2,\"name\":\"K\u00f3nya-Horv\u00e1th Angelika &#8211; bemutatkoz\u00f3\"}]},{\"@type\":\"WebSite\",\"@id\":\"https:\\\/\\\/strokeneurorehab.com\\\/en\\\/fooldal-english\\\/#website\",\"url\":\"https:\\\/\\\/strokeneurorehab.com\\\/en\\\/fooldal-english\\\/\",\"name\":\"Stroke Neuro Rehab\",\"description\":\"Van \u00e9let a stroke ut\u00e1n.\",\"publisher\":{\"@id\":\"https:\\\/\\\/strokeneurorehab.com\\\/en\\\/fooldal-english\\\/#organization\"},\"potentialAction\":[{\"@type\":\"SearchAction\",\"target\":{\"@type\":\"EntryPoint\",\"urlTemplate\":\"https:\\\/\\\/strokeneurorehab.com\\\/en\\\/fooldal-english\\\/?s={search_term_string}\"},\"query-input\":{\"@type\":\"PropertyValueSpecification\",\"valueRequired\":true,\"valueName\":\"search_term_string\"}}],\"inLanguage\":\"en-GB\"},{\"@type\":\"Organization\",\"@id\":\"https:\\\/\\\/strokeneurorehab.com\\\/en\\\/fooldal-english\\\/#organization\",\"name\":\"Stroke Neuro Rehab Kft.\",\"url\":\"https:\\\/\\\/strokeneurorehab.com\\\/en\\\/fooldal-english\\\/\",\"logo\":{\"@type\":\"ImageObject\",\"inLanguage\":\"en-GB\",\"@id\":\"https:\\\/\\\/strokeneurorehab.com\\\/en\\\/fooldal-english\\\/#\\\/schema\\\/logo\\\/image\\\/\",\"url\":\"https:\\\/\\\/strokeneurorehab.com\\\/wp-content\\\/uploads\\\/2024\\\/12\\\/Nevtelen-terv-54.png\",\"contentUrl\":\"https:\\\/\\\/strokeneurorehab.com\\\/wp-content\\\/uploads\\\/2024\\\/12\\\/Nevtelen-terv-54.png\",\"width\":1563,\"height\":1563,\"caption\":\"Stroke Neuro Rehab Kft.\"},\"image\":{\"@id\":\"https:\\\/\\\/strokeneurorehab.com\\\/en\\\/fooldal-english\\\/#\\\/schema\\\/logo\\\/image\\\/\"},\"sameAs\":[\"https:\\\/\\\/www.facebook.com\\\/strokeneurorehab\\\/?locale=hu_HU\",\"https:\\\/\\\/www.instagram.com\\\/stroke_neuro_rehab\\\/\",\"https:\\\/\\\/www.tiktok.com\\\/@stroke_neuro_rehab\"]}]}<\/script>\n<!-- \/ Yoast SEO Premium plugin. -->","yoast_head_json":{"title":"Angelika K\u00f3nya-Horv\u00e1th - introduction - Stroke Neuro Rehab","description":"Ismerd meg K\u00f3nya-Horv\u00e1th Angelik\u00e1t, tapasztalt SNR\u00ae\/ARNI tr\u00e9ner\u00fcnket, aki elhivatott a stroke rehabilit\u00e1ci\u00f3j\u00e1ban \u00e9s a betegek t\u00e1mogat\u00e1s\u00e1ban.","robots":{"index":"index","follow":"follow","max-snippet":"max-snippet:-1","max-image-preview":"max-image-preview:large","max-video-preview":"max-video-preview:-1"},"canonical":"https:\/\/strokeneurorehab.com\/en\/konya-horvath-angelika\/","og_locale":"en_GB","og_type":"article","og_title":"K\u00f3nya-Horv\u00e1th Angelika - bemutatkoz\u00f3 - Stroke Neuro Rehab","og_description":"Ismerd meg K\u00f3nya-Horv\u00e1th Angelik\u00e1t, tapasztalt SNR\u00ae\/ARNI tr\u00e9ner\u00fcnket, aki elhivatott a stroke rehabilit\u00e1ci\u00f3j\u00e1ban \u00e9s a betegek t\u00e1mogat\u00e1s\u00e1ban.","og_url":"https:\/\/strokeneurorehab.com\/en\/konya-horvath-angelika\/","og_site_name":"Stroke Neuro Rehab","article_publisher":"https:\/\/www.facebook.com\/strokeneurorehab\/?locale=hu_HU","article_modified_time":"2026-02-20T14:58:30+00:00","og_image":[{"width":683,"height":764,"url":"https:\/\/strokeneurorehab.com\/wp-content\/uploads\/2026\/02\/konya-horvath-angelika-2.jpg","type":"image\/jpeg"}],"twitter_card":"summary_large_image","twitter_description":"Szem\u00e9lyre szabott stroke rehabilit\u00e1ci\u00f3 ARNI m\u00f3dszerrel, k\u00e9pzett instruktorokt\u00f3l. Seg\u00edt\u00fcnk lek\u00fczdeni az agys\u00e9r\u00fcl\u00e9s k\u00f6vetkezm\u00e9nyeit \u00e9s visszatal\u00e1lni az \u00f6n\u00e1ll\u00f3 \u00e9lethez.","twitter_misc":{"Estimated reading time":"2 minutes"},"schema":{"@context":"https:\/\/schema.org","@graph":[{"@type":"WebPage","@id":"https:\/\/strokeneurorehab.com\/konya-horvath-angelika\/","url":"https:\/\/strokeneurorehab.com\/konya-horvath-angelika\/","name":"Angelika K\u00f3nya-Horv\u00e1th - introduction - Stroke Neuro Rehab","isPartOf":{"@id":"https:\/\/strokeneurorehab.com\/en\/fooldal-english\/#website"},"primaryImageOfPage":{"@id":"https:\/\/strokeneurorehab.com\/konya-horvath-angelika\/#primaryimage"},"image":{"@id":"https:\/\/strokeneurorehab.com\/konya-horvath-angelika\/#primaryimage"},"thumbnailUrl":"https:\/\/strokeneurorehab.com\/wp-content\/uploads\/2026\/02\/konya-horvath-angelika-2.jpg","datePublished":"2025-01-12T20:28:12+00:00","dateModified":"2026-02-20T14:58:30+00:00","description":"Ismerd meg K\u00f3nya-Horv\u00e1th Angelik\u00e1t, tapasztalt SNR\u00ae\/ARNI tr\u00e9ner\u00fcnket, aki elhivatott a stroke rehabilit\u00e1ci\u00f3j\u00e1ban \u00e9s a betegek t\u00e1mogat\u00e1s\u00e1ban.","breadcrumb":{"@id":"https:\/\/strokeneurorehab.com\/konya-horvath-angelika\/#breadcrumb"},"inLanguage":"en-GB","potentialAction":[{"@type":"ReadAction","target":["https:\/\/strokeneurorehab.com\/konya-horvath-angelika\/"]}]},{"@type":"ImageObject","inLanguage":"en-GB","@id":"https:\/\/strokeneurorehab.com\/konya-horvath-angelika\/#primaryimage","url":"https:\/\/strokeneurorehab.com\/wp-content\/uploads\/2026\/02\/konya-horvath-angelika-2.jpg","contentUrl":"https:\/\/strokeneurorehab.com\/wp-content\/uploads\/2026\/02\/konya-horvath-angelika-2.jpg"},{"@type":"BreadcrumbList","@id":"https:\/\/strokeneurorehab.com\/konya-horvath-angelika\/#breadcrumb","itemListElement":[{"@type":"ListItem","position":1,"name":"Home","item":"https:\/\/strokeneurorehab.com\/"},{"@type":"ListItem","position":2,"name":"K\u00f3nya-Horv\u00e1th Angelika &#8211; bemutatkoz\u00f3"}]},{"@type":"WebSite","@id":"https:\/\/strokeneurorehab.com\/en\/fooldal-english\/#website","url":"https:\/\/strokeneurorehab.com\/en\/fooldal-english\/","name":"Stroke Neuro Rehab","description":"There is life after stroke.","publisher":{"@id":"https:\/\/strokeneurorehab.com\/en\/fooldal-english\/#organization"},"potentialAction":[{"@type":"SearchAction","target":{"@type":"EntryPoint","urlTemplate":"https:\/\/strokeneurorehab.com\/en\/fooldal-english\/?s={search_term_string}"},"query-input":{"@type":"PropertyValueSpecification","valueRequired":true,"valueName":"search_term_string"}}],"inLanguage":"en-GB"},{"@type":"Organization","@id":"https:\/\/strokeneurorehab.com\/en\/fooldal-english\/#organization","name":"Stroke Neuro Rehab Ltd.","url":"https:\/\/strokeneurorehab.com\/en\/fooldal-english\/","logo":{"@type":"ImageObject","inLanguage":"en-GB","@id":"https:\/\/strokeneurorehab.com\/en\/fooldal-english\/#\/schema\/logo\/image\/","url":"https:\/\/strokeneurorehab.com\/wp-content\/uploads\/2024\/12\/Nevtelen-terv-54.png","contentUrl":"https:\/\/strokeneurorehab.com\/wp-content\/uploads\/2024\/12\/Nevtelen-terv-54.png","width":1563,"height":1563,"caption":"Stroke Neuro Rehab Kft."},"image":{"@id":"https:\/\/strokeneurorehab.com\/en\/fooldal-english\/#\/schema\/logo\/image\/"},"sameAs":["https:\/\/www.facebook.com\/strokeneurorehab\/?locale=hu_HU","https:\/\/www.instagram.com\/stroke_neuro_rehab\/","https:\/\/www.tiktok.com\/@stroke_neuro_rehab"]}]}},"_links":{"self":[{"href":"https:\/\/strokeneurorehab.com\/en\/wp-json\/wp\/v2\/pages\/4386","targetHints":{"allow":["GET"]}}],"collection":[{"href":"https:\/\/strokeneurorehab.com\/en\/wp-json\/wp\/v2\/pages"}],"about":[{"href":"https:\/\/strokeneurorehab.com\/en\/wp-json\/wp\/v2\/types\/page"}],"author":[{"embeddable":true,"href":"https:\/\/strokeneurorehab.com\/en\/wp-json\/wp\/v2\/users\/1"}],"replies":[{"embeddable":true,"href":"https:\/\/strokeneurorehab.com\/en\/wp-json\/wp\/v2\/comments?post=4386"}],"version-history":[{"count":0,"href":"https:\/\/strokeneurorehab.com\/en\/wp-json\/wp\/v2\/pages\/4386\/revisions"}],"wp:attachment":[{"href":"https:\/\/strokeneurorehab.com\/en\/wp-json\/wp\/v2\/media?parent=4386"}],"curies":[{"name":"wp","href":"https:\/\/api.w.org\/{rel}","templated":true}]}}