{"id":4395,"date":"2025-01-12T20:47:41","date_gmt":"2025-01-12T20:47:41","guid":{"rendered":"https:\/\/strokeneurorehab.com\/?page_id=4395"},"modified":"2026-02-20T16:59:49","modified_gmt":"2026-02-20T14:59:49","slug":"mates-cost","status":"publish","type":"page","link":"https:\/\/strokeneurorehab.com\/en\/kosztya-mate\/","title":{"rendered":"M\u00e1t\u00e9 Kosztya \u2013 introduction"},"content":{"rendered":"<div data-elementor-type=\"wp-page\" data-elementor-id=\"4395\" class=\"elementor elementor-4395\" data-elementor-settings=\"{&quot;ha_cmc_init_switcher&quot;:&quot;no&quot;}\" data-elementor-post-type=\"page\">\n\t\t\t\t<div class=\"elementor-element elementor-element-4b2c0c9 e-flex e-con-boxed e-con e-parent\" data-id=\"4b2c0c9\" data-element_type=\"container\" data-e-type=\"container\" data-settings=\"{&quot;_ha_eqh_enable&quot;:false}\">\n\t\t\t\t\t<div class=\"e-con-inner\">\n\t\t\t\t<div class=\"elementor-element elementor-element-7d0bd18 elementor-widget elementor-widget-heading\" data-id=\"7d0bd18\" data-element_type=\"widget\" data-e-type=\"widget\" data-widget_type=\"heading.default\">\n\t\t\t\t<div class=\"elementor-widget-container\">\n\t\t\t\t\t<h2 class=\"elementor-heading-title elementor-size-default\">Kostya Mate<\/h2>\t\t\t\t<\/div>\n\t\t\t\t<\/div>\n\t\t\t\t<div class=\"elementor-element elementor-element-097d1a5 elementor-widget elementor-widget-text-editor\" data-id=\"097d1a5\" data-element_type=\"widget\" data-e-type=\"widget\" data-widget_type=\"text-editor.default\">\n\t\t\t\t<div class=\"elementor-widget-container\">\n\t\t\t\t\t\t\t\t\tSNR\u00ae\/ARNI trainer\t\t\t\t\t\t\t\t<\/div>\n\t\t\t\t<\/div>\n\t\t\t\t\t<\/div>\n\t\t\t\t<\/div>\n\t\t<div class=\"elementor-element elementor-element-1459a15 e-flex e-con-boxed e-con e-parent\" data-id=\"1459a15\" data-element_type=\"container\" data-e-type=\"container\" data-settings=\"{&quot;background_background&quot;:&quot;classic&quot;,&quot;_ha_eqh_enable&quot;:false}\">\n\t\t\t\t\t<div class=\"e-con-inner\">\n\t\t<div class=\"elementor-element elementor-element-73f1fab e-con-full e-flex e-con e-child\" data-id=\"73f1fab\" data-element_type=\"container\" data-e-type=\"container\" data-settings=\"{&quot;background_background&quot;:&quot;classic&quot;,&quot;_ha_eqh_enable&quot;:false}\">\n\t\t\t\t<div class=\"elementor-element elementor-element-16d74c7 elementor-widget elementor-widget-image\" data-id=\"16d74c7\" data-element_type=\"widget\" data-e-type=\"widget\" data-widget_type=\"image.default\">\n\t\t\t\t<div class=\"elementor-widget-container\">\n\t\t\t\t\t\t\t\t\t\t\t\t\t\t\t<img fetchpriority=\"high\" decoding=\"async\" width=\"683\" height=\"764\" src=\"https:\/\/strokeneurorehab.com\/wp-content\/uploads\/2026\/02\/kosztya-mate-2.jpg\" class=\"attachment-large size-large wp-image-8181\" alt=\"\" srcset=\"https:\/\/strokeneurorehab.com\/wp-content\/uploads\/2026\/02\/kosztya-mate-2.jpg 683w, https:\/\/strokeneurorehab.com\/wp-content\/uploads\/2026\/02\/kosztya-mate-2-268x300.jpg 268w, https:\/\/strokeneurorehab.com\/wp-content\/uploads\/2026\/02\/kosztya-mate-2-11x12.jpg 11w, https:\/\/strokeneurorehab.com\/wp-content\/uploads\/2026\/02\/kosztya-mate-2-600x671.jpg 600w\" sizes=\"(max-width: 683px) 100vw, 683px\" \/>\t\t\t\t\t\t\t\t\t\t\t\t\t\t\t<\/div>\n\t\t\t\t<\/div>\n\t\t\t\t<\/div>\n\t\t<div class=\"elementor-element elementor-element-de3df08 e-con-full e-flex e-con e-child\" data-id=\"de3df08\" data-element_type=\"container\" data-e-type=\"container\" data-settings=\"{&quot;background_background&quot;:&quot;classic&quot;,&quot;_ha_eqh_enable&quot;:false}\">\n\t\t\t\t<div class=\"elementor-element elementor-element-b59b2c1 elementor-widget elementor-widget-text-editor\" data-id=\"b59b2c1\" data-element_type=\"widget\" data-e-type=\"widget\" data-widget_type=\"text-editor.default\">\n\t\t\t\t<div class=\"elementor-widget-container\">\n\t\t\t\t\t\t\t\t\t<p><span style=\"font-weight: 400;\">M\u00e1t\u00e9szalk\u00e1n \u00e9lek, jelenleg a Feh\u00e9rgyarmati K\u00f3rh\u00e1z \u00e9s Gy\u00f3gyf\u00fcrd\u0151, Rehabilit\u00e1ci\u00f3s K\u00f6zpontj\u00e1ban dolgozom, mint gy\u00f3gytorn\u00e1sz. Az SNR\u00ae\/ARNI m\u00f3dszerrel a 2020 nyar\u00e1n ismerkedtem meg.<\/span><br \/><br \/><span style=\"font-weight: 400;\">Amikor az SNR\u00ae csapathoz csatlakoztam, szerettem volna egy lend\u00fcletes \u00e9s produkt\u00edv csapat r\u00e9szese lenni. Stabil szakmai h\u00e1tteret, fejl\u0151d\u00e9si lehet\u0151s\u00e9get, motiv\u00e1ci\u00f3t ad a csapathoz val\u00f3 tartoz\u00e1s. Szakmai tud\u00e1som \u00e9s hat\u00e1rozott megjelen\u00e9sem seg\u00edt a h\u00e9tk\u00f6znapokban, illetve az a k\u00f6sz\u00f6net, amit minden kisebb-nagyobb el\u00e9rt eredm\u00e9nyn\u00e9l a betegekt\u0151l kapok.\u00a0<\/span><br \/><br \/><span style=\"font-weight: 400;\">I deeply believe in the trinity of honesty, fairness, and honest work. The successes I experience in the recovery of patients are truly fulfilling, and I know that what I have chosen as my mission and profession is worth it.\u00a0<\/span><br \/><br \/><span style=\"font-weight: 400;\">I value communication and human connection, and I am motivated by words of gratitude after improvement. My goal is to provide truly quality treatment to those who seek my help.<\/span><br \/>\u00a0<br \/><b style=\"font-style: inherit; text-decoration-line: initial;\">Studies:<br \/><\/b><strong style=\"font-style: inherit; text-decoration-line: initial;\"><br \/>2022.<\/strong><span style=\"font-style: inherit; font-weight: inherit; text-decoration-line: initial;\"> The Arni Institute, FHEQ L4 Functional Rehabilitation &amp; Exercise Training After Stroke<\/span><\/p><p><span style=\"font-weight: 400;\"><strong>2022<\/strong>. SNR\u00ae\/ARNI k\u00e9pz\u00e9s, Budapest<\/span><span style=\"font-weight: 400;\"><br \/><br \/><\/span><span style=\"font-weight: 400;\"><strong>2020<\/strong>. Diploma in Physical Therapy, University of Debrecen, Faculty of Public Health<\/span><span style=\"font-weight: 400;\"><br \/><\/span><span style=\"font-weight: 400;\"><strong>2017<\/strong>. Dynamic Tape Post-Graduate Seminar, University of Debrecen<\/span><br \/><br \/><b>M\u00e1t\u00e9&#039;s area of work:\u00a0<\/b><span style=\"font-weight: 400;\">M\u00e1t\u00e9szalka, Ny\u00edregyh\u00e1za, Debrecen<\/span><\/p>\t\t\t\t\t\t\t\t<\/div>\n\t\t\t\t<\/div>\n\t\t\t\t<\/div>\n\t\t\t\t\t<\/div>\n\t\t\t\t<\/div>\n\t\t\t\t<\/div>","protected":false},"excerpt":{"rendered":"<p>Kosztya M\u00e1t\u00e9 SNR\u00ae\/ARNI tr\u00e9ner M\u00e1t\u00e9szalk\u00e1n \u00e9lek, jelenleg a Feh\u00e9rgyarmati K\u00f3rh\u00e1z \u00e9s Gy\u00f3gyf\u00fcrd\u0151, Rehabilit\u00e1ci\u00f3s K\u00f6zpontj\u00e1ban dolgozom, mint gy\u00f3gytorn\u00e1sz. Az SNR\u00ae\/ARNI m\u00f3dszerrel [&hellip;]<\/p>\n","protected":false},"author":1,"featured_media":0,"parent":0,"menu_order":0,"comment_status":"closed","ping_status":"closed","template":"","meta":{"site-sidebar-layout":"no-sidebar","site-content-layout":"page-builder","ast-site-content-layout":"full-width-container","site-content-style":"default","site-sidebar-style":"default","ast-global-header-display":"","ast-banner-title-visibility":"","ast-main-header-display":"","ast-hfb-above-header-display":"","ast-hfb-below-header-display":"","ast-hfb-mobile-header-display":"","site-post-title":"disabled","ast-breadcrumbs-content":"","ast-featured-img":"disabled","footer-sml-layout":"","ast-disable-related-posts":"","theme-transparent-header-meta":"","adv-header-id-meta":"","stick-header-meta":"","header-above-stick-meta":"","header-main-stick-meta":"","header-below-stick-meta":"","astra-migrate-meta-layouts":"set","ast-page-background-enabled":"default","ast-page-background-meta":{"desktop":{"background-color":"var(--ast-global-color-4)","background-image":"","background-repeat":"repeat","background-position":"center center","background-size":"auto","background-attachment":"scroll","background-type":"","background-media":"","overlay-type":"","overlay-color":"","overlay-opacity":"","overlay-gradient":""},"tablet":{"background-color":"","background-image":"","background-repeat":"repeat","background-position":"center center","background-size":"auto","background-attachment":"scroll","background-type":"","background-media":"","overlay-type":"","overlay-color":"","overlay-opacity":"","overlay-gradient":""},"mobile":{"background-color":"","background-image":"","background-repeat":"repeat","background-position":"center center","background-size":"auto","background-attachment":"scroll","background-type":"","background-media":"","overlay-type":"","overlay-color":"","overlay-opacity":"","overlay-gradient":""}},"ast-content-background-meta":{"desktop":{"background-color":"var(--ast-global-color-5)","background-image":"","background-repeat":"repeat","background-position":"center center","background-size":"auto","background-attachment":"scroll","background-type":"","background-media":"","overlay-type":"","overlay-color":"","overlay-opacity":"","overlay-gradient":""},"tablet":{"background-color":"var(--ast-global-color-5)","background-image":"","background-repeat":"repeat","background-position":"center center","background-size":"auto","background-attachment":"scroll","background-type":"","background-media":"","overlay-type":"","overlay-color":"","overlay-opacity":"","overlay-gradient":""},"mobile":{"background-color":"var(--ast-global-color-5)","background-image":"","background-repeat":"repeat","background-position":"center center","background-size":"auto","background-attachment":"scroll","background-type":"","background-media":"","overlay-type":"","overlay-color":"","overlay-opacity":"","overlay-gradient":""}},"footnotes":""},"class_list":["post-4395","page","type-page","status-publish","hentry"],"yoast_head":"<!-- This site is optimized with the Yoast SEO Premium plugin v27.1 (Yoast SEO v27.3) - https:\/\/yoast.com\/product\/yoast-seo-premium-wordpress\/ -->\n<title>Kosztya M\u00e1t\u00e9 - bemutatkoz\u00f3 - Stroke Neuro Rehab<\/title>\n<meta name=\"description\" content=\"Ismerd meg Kosztya M\u00e1t\u00e9, tapasztalt SNR\u00ae\/ARNI tr\u00e9ner\u00fcnket, aki elhivatott a stroke rehabilit\u00e1ci\u00f3j\u00e1ban \u00e9s a betegek t\u00e1mogat\u00e1s\u00e1ban.\" \/>\n<meta name=\"robots\" content=\"index, follow, max-snippet:-1, max-image-preview:large, max-video-preview:-1\" \/>\n<link rel=\"canonical\" href=\"https:\/\/strokeneurorehab.com\/en\/mates-cost\/\" \/>\n<meta property=\"og:locale\" content=\"en_GB\" \/>\n<meta property=\"og:type\" content=\"article\" \/>\n<meta property=\"og:title\" content=\"Kosztya M\u00e1t\u00e9 - bemutatkoz\u00f3 - Stroke Neuro Rehab\" \/>\n<meta property=\"og:description\" content=\"Ismerd meg Kosztya M\u00e1t\u00e9, tapasztalt SNR\u00ae\/ARNI tr\u00e9ner\u00fcnket, aki elhivatott a stroke rehabilit\u00e1ci\u00f3j\u00e1ban \u00e9s a betegek t\u00e1mogat\u00e1s\u00e1ban.\" \/>\n<meta property=\"og:url\" content=\"https:\/\/strokeneurorehab.com\/en\/mates-cost\/\" \/>\n<meta property=\"og:site_name\" content=\"Stroke Neuro Rehab\" \/>\n<meta property=\"article:publisher\" content=\"https:\/\/www.facebook.com\/strokeneurorehab\/?locale=hu_HU\" \/>\n<meta property=\"article:modified_time\" content=\"2026-02-20T14:59:49+00:00\" \/>\n<meta property=\"og:image\" content=\"https:\/\/strokeneurorehab.com\/wp-content\/uploads\/2026\/02\/kosztya-mate-2.jpg\" \/>\n\t<meta property=\"og:image:width\" content=\"683\" \/>\n\t<meta property=\"og:image:height\" content=\"764\" \/>\n\t<meta property=\"og:image:type\" content=\"image\/jpeg\" \/>\n<meta name=\"twitter:card\" content=\"summary_large_image\" \/>\n<meta name=\"twitter:description\" content=\"Szem\u00e9lyre szabott stroke rehabilit\u00e1ci\u00f3 ARNI m\u00f3dszerrel, k\u00e9pzett instruktorokt\u00f3l. Seg\u00edt\u00fcnk lek\u00fczdeni az agys\u00e9r\u00fcl\u00e9s k\u00f6vetkezm\u00e9nyeit \u00e9s visszatal\u00e1lni az \u00f6n\u00e1ll\u00f3 \u00e9lethez.\" \/>\n<meta name=\"twitter:label1\" content=\"Estimated reading time\" \/>\n\t<meta name=\"twitter:data1\" content=\"2 minutes\" \/>\n<script type=\"application\/ld+json\" class=\"yoast-schema-graph\">{\"@context\":\"https:\\\/\\\/schema.org\",\"@graph\":[{\"@type\":\"WebPage\",\"@id\":\"https:\\\/\\\/strokeneurorehab.com\\\/kosztya-mate\\\/\",\"url\":\"https:\\\/\\\/strokeneurorehab.com\\\/kosztya-mate\\\/\",\"name\":\"Kosztya M\u00e1t\u00e9 - bemutatkoz\u00f3 - Stroke Neuro Rehab\",\"isPartOf\":{\"@id\":\"https:\\\/\\\/strokeneurorehab.com\\\/en\\\/fooldal-english\\\/#website\"},\"primaryImageOfPage\":{\"@id\":\"https:\\\/\\\/strokeneurorehab.com\\\/kosztya-mate\\\/#primaryimage\"},\"image\":{\"@id\":\"https:\\\/\\\/strokeneurorehab.com\\\/kosztya-mate\\\/#primaryimage\"},\"thumbnailUrl\":\"https:\\\/\\\/strokeneurorehab.com\\\/wp-content\\\/uploads\\\/2026\\\/02\\\/kosztya-mate-2.jpg\",\"datePublished\":\"2025-01-12T20:47:41+00:00\",\"dateModified\":\"2026-02-20T14:59:49+00:00\",\"description\":\"Ismerd meg Kosztya M\u00e1t\u00e9, tapasztalt SNR\u00ae\\\/ARNI tr\u00e9ner\u00fcnket, aki elhivatott a stroke rehabilit\u00e1ci\u00f3j\u00e1ban \u00e9s a betegek t\u00e1mogat\u00e1s\u00e1ban.\",\"breadcrumb\":{\"@id\":\"https:\\\/\\\/strokeneurorehab.com\\\/kosztya-mate\\\/#breadcrumb\"},\"inLanguage\":\"en-GB\",\"potentialAction\":[{\"@type\":\"ReadAction\",\"target\":[\"https:\\\/\\\/strokeneurorehab.com\\\/kosztya-mate\\\/\"]}]},{\"@type\":\"ImageObject\",\"inLanguage\":\"en-GB\",\"@id\":\"https:\\\/\\\/strokeneurorehab.com\\\/kosztya-mate\\\/#primaryimage\",\"url\":\"https:\\\/\\\/strokeneurorehab.com\\\/wp-content\\\/uploads\\\/2026\\\/02\\\/kosztya-mate-2.jpg\",\"contentUrl\":\"https:\\\/\\\/strokeneurorehab.com\\\/wp-content\\\/uploads\\\/2026\\\/02\\\/kosztya-mate-2.jpg\"},{\"@type\":\"BreadcrumbList\",\"@id\":\"https:\\\/\\\/strokeneurorehab.com\\\/kosztya-mate\\\/#breadcrumb\",\"itemListElement\":[{\"@type\":\"ListItem\",\"position\":1,\"name\":\"Home\",\"item\":\"https:\\\/\\\/strokeneurorehab.com\\\/\"},{\"@type\":\"ListItem\",\"position\":2,\"name\":\"Kosztya M\u00e1t\u00e9 &#8211; bemutatkoz\u00f3\"}]},{\"@type\":\"WebSite\",\"@id\":\"https:\\\/\\\/strokeneurorehab.com\\\/en\\\/fooldal-english\\\/#website\",\"url\":\"https:\\\/\\\/strokeneurorehab.com\\\/en\\\/fooldal-english\\\/\",\"name\":\"Stroke Neuro Rehab\",\"description\":\"Van \u00e9let a stroke ut\u00e1n.\",\"publisher\":{\"@id\":\"https:\\\/\\\/strokeneurorehab.com\\\/en\\\/fooldal-english\\\/#organization\"},\"potentialAction\":[{\"@type\":\"SearchAction\",\"target\":{\"@type\":\"EntryPoint\",\"urlTemplate\":\"https:\\\/\\\/strokeneurorehab.com\\\/en\\\/fooldal-english\\\/?s={search_term_string}\"},\"query-input\":{\"@type\":\"PropertyValueSpecification\",\"valueRequired\":true,\"valueName\":\"search_term_string\"}}],\"inLanguage\":\"en-GB\"},{\"@type\":\"Organization\",\"@id\":\"https:\\\/\\\/strokeneurorehab.com\\\/en\\\/fooldal-english\\\/#organization\",\"name\":\"Stroke Neuro Rehab Kft.\",\"url\":\"https:\\\/\\\/strokeneurorehab.com\\\/en\\\/fooldal-english\\\/\",\"logo\":{\"@type\":\"ImageObject\",\"inLanguage\":\"en-GB\",\"@id\":\"https:\\\/\\\/strokeneurorehab.com\\\/en\\\/fooldal-english\\\/#\\\/schema\\\/logo\\\/image\\\/\",\"url\":\"https:\\\/\\\/strokeneurorehab.com\\\/wp-content\\\/uploads\\\/2024\\\/12\\\/Nevtelen-terv-54.png\",\"contentUrl\":\"https:\\\/\\\/strokeneurorehab.com\\\/wp-content\\\/uploads\\\/2024\\\/12\\\/Nevtelen-terv-54.png\",\"width\":1563,\"height\":1563,\"caption\":\"Stroke Neuro Rehab Kft.\"},\"image\":{\"@id\":\"https:\\\/\\\/strokeneurorehab.com\\\/en\\\/fooldal-english\\\/#\\\/schema\\\/logo\\\/image\\\/\"},\"sameAs\":[\"https:\\\/\\\/www.facebook.com\\\/strokeneurorehab\\\/?locale=hu_HU\",\"https:\\\/\\\/www.instagram.com\\\/stroke_neuro_rehab\\\/\",\"https:\\\/\\\/www.tiktok.com\\\/@stroke_neuro_rehab\"]}]}<\/script>\n<!-- \/ Yoast SEO Premium plugin. -->","yoast_head_json":{"title":"M\u00e1t\u00e9 Kosztya - introduction - Stroke Neuro Rehab","description":"Ismerd meg Kosztya M\u00e1t\u00e9, tapasztalt SNR\u00ae\/ARNI tr\u00e9ner\u00fcnket, aki elhivatott a stroke rehabilit\u00e1ci\u00f3j\u00e1ban \u00e9s a betegek t\u00e1mogat\u00e1s\u00e1ban.","robots":{"index":"index","follow":"follow","max-snippet":"max-snippet:-1","max-image-preview":"max-image-preview:large","max-video-preview":"max-video-preview:-1"},"canonical":"https:\/\/strokeneurorehab.com\/en\/mates-cost\/","og_locale":"en_GB","og_type":"article","og_title":"Kosztya M\u00e1t\u00e9 - bemutatkoz\u00f3 - Stroke Neuro Rehab","og_description":"Ismerd meg Kosztya M\u00e1t\u00e9, tapasztalt SNR\u00ae\/ARNI tr\u00e9ner\u00fcnket, aki elhivatott a stroke rehabilit\u00e1ci\u00f3j\u00e1ban \u00e9s a betegek t\u00e1mogat\u00e1s\u00e1ban.","og_url":"https:\/\/strokeneurorehab.com\/en\/mates-cost\/","og_site_name":"Stroke Neuro Rehab","article_publisher":"https:\/\/www.facebook.com\/strokeneurorehab\/?locale=hu_HU","article_modified_time":"2026-02-20T14:59:49+00:00","og_image":[{"width":683,"height":764,"url":"https:\/\/strokeneurorehab.com\/wp-content\/uploads\/2026\/02\/kosztya-mate-2.jpg","type":"image\/jpeg"}],"twitter_card":"summary_large_image","twitter_description":"Szem\u00e9lyre szabott stroke rehabilit\u00e1ci\u00f3 ARNI m\u00f3dszerrel, k\u00e9pzett instruktorokt\u00f3l. Seg\u00edt\u00fcnk lek\u00fczdeni az agys\u00e9r\u00fcl\u00e9s k\u00f6vetkezm\u00e9nyeit \u00e9s visszatal\u00e1lni az \u00f6n\u00e1ll\u00f3 \u00e9lethez.","twitter_misc":{"Estimated reading time":"2 minutes"},"schema":{"@context":"https:\/\/schema.org","@graph":[{"@type":"WebPage","@id":"https:\/\/strokeneurorehab.com\/kosztya-mate\/","url":"https:\/\/strokeneurorehab.com\/kosztya-mate\/","name":"M\u00e1t\u00e9 Kosztya - introduction - Stroke Neuro Rehab","isPartOf":{"@id":"https:\/\/strokeneurorehab.com\/en\/fooldal-english\/#website"},"primaryImageOfPage":{"@id":"https:\/\/strokeneurorehab.com\/kosztya-mate\/#primaryimage"},"image":{"@id":"https:\/\/strokeneurorehab.com\/kosztya-mate\/#primaryimage"},"thumbnailUrl":"https:\/\/strokeneurorehab.com\/wp-content\/uploads\/2026\/02\/kosztya-mate-2.jpg","datePublished":"2025-01-12T20:47:41+00:00","dateModified":"2026-02-20T14:59:49+00:00","description":"Ismerd meg Kosztya M\u00e1t\u00e9, tapasztalt SNR\u00ae\/ARNI tr\u00e9ner\u00fcnket, aki elhivatott a stroke rehabilit\u00e1ci\u00f3j\u00e1ban \u00e9s a betegek t\u00e1mogat\u00e1s\u00e1ban.","breadcrumb":{"@id":"https:\/\/strokeneurorehab.com\/kosztya-mate\/#breadcrumb"},"inLanguage":"en-GB","potentialAction":[{"@type":"ReadAction","target":["https:\/\/strokeneurorehab.com\/kosztya-mate\/"]}]},{"@type":"ImageObject","inLanguage":"en-GB","@id":"https:\/\/strokeneurorehab.com\/kosztya-mate\/#primaryimage","url":"https:\/\/strokeneurorehab.com\/wp-content\/uploads\/2026\/02\/kosztya-mate-2.jpg","contentUrl":"https:\/\/strokeneurorehab.com\/wp-content\/uploads\/2026\/02\/kosztya-mate-2.jpg"},{"@type":"BreadcrumbList","@id":"https:\/\/strokeneurorehab.com\/kosztya-mate\/#breadcrumb","itemListElement":[{"@type":"ListItem","position":1,"name":"Home","item":"https:\/\/strokeneurorehab.com\/"},{"@type":"ListItem","position":2,"name":"Kosztya M\u00e1t\u00e9 &#8211; bemutatkoz\u00f3"}]},{"@type":"WebSite","@id":"https:\/\/strokeneurorehab.com\/en\/fooldal-english\/#website","url":"https:\/\/strokeneurorehab.com\/en\/fooldal-english\/","name":"Stroke Neuro Rehab","description":"There is life after stroke.","publisher":{"@id":"https:\/\/strokeneurorehab.com\/en\/fooldal-english\/#organization"},"potentialAction":[{"@type":"SearchAction","target":{"@type":"EntryPoint","urlTemplate":"https:\/\/strokeneurorehab.com\/en\/fooldal-english\/?s={search_term_string}"},"query-input":{"@type":"PropertyValueSpecification","valueRequired":true,"valueName":"search_term_string"}}],"inLanguage":"en-GB"},{"@type":"Organization","@id":"https:\/\/strokeneurorehab.com\/en\/fooldal-english\/#organization","name":"Stroke Neuro Rehab Ltd.","url":"https:\/\/strokeneurorehab.com\/en\/fooldal-english\/","logo":{"@type":"ImageObject","inLanguage":"en-GB","@id":"https:\/\/strokeneurorehab.com\/en\/fooldal-english\/#\/schema\/logo\/image\/","url":"https:\/\/strokeneurorehab.com\/wp-content\/uploads\/2024\/12\/Nevtelen-terv-54.png","contentUrl":"https:\/\/strokeneurorehab.com\/wp-content\/uploads\/2024\/12\/Nevtelen-terv-54.png","width":1563,"height":1563,"caption":"Stroke Neuro Rehab Kft."},"image":{"@id":"https:\/\/strokeneurorehab.com\/en\/fooldal-english\/#\/schema\/logo\/image\/"},"sameAs":["https:\/\/www.facebook.com\/strokeneurorehab\/?locale=hu_HU","https:\/\/www.instagram.com\/stroke_neuro_rehab\/","https:\/\/www.tiktok.com\/@stroke_neuro_rehab"]}]}},"_links":{"self":[{"href":"https:\/\/strokeneurorehab.com\/en\/wp-json\/wp\/v2\/pages\/4395","targetHints":{"allow":["GET"]}}],"collection":[{"href":"https:\/\/strokeneurorehab.com\/en\/wp-json\/wp\/v2\/pages"}],"about":[{"href":"https:\/\/strokeneurorehab.com\/en\/wp-json\/wp\/v2\/types\/page"}],"author":[{"embeddable":true,"href":"https:\/\/strokeneurorehab.com\/en\/wp-json\/wp\/v2\/users\/1"}],"replies":[{"embeddable":true,"href":"https:\/\/strokeneurorehab.com\/en\/wp-json\/wp\/v2\/comments?post=4395"}],"version-history":[{"count":0,"href":"https:\/\/strokeneurorehab.com\/en\/wp-json\/wp\/v2\/pages\/4395\/revisions"}],"wp:attachment":[{"href":"https:\/\/strokeneurorehab.com\/en\/wp-json\/wp\/v2\/media?parent=4395"}],"curies":[{"name":"wp","href":"https:\/\/api.w.org\/{rel}","templated":true}]}}