{"id":4406,"date":"2025-01-12T20:57:14","date_gmt":"2025-01-12T20:57:14","guid":{"rendered":"https:\/\/strokeneurorehab.com\/?page_id=4406"},"modified":"2026-02-20T16:58:40","modified_gmt":"2026-02-20T14:58:40","slug":"andrea-takacs","status":"publish","type":"page","link":"https:\/\/strokeneurorehab.com\/en\/takacs-andrea\/","title":{"rendered":"Andrea Tak\u00e1cs \u2013 introduction"},"content":{"rendered":"<div data-elementor-type=\"wp-page\" data-elementor-id=\"4406\" class=\"elementor elementor-4406\" data-elementor-settings=\"{&quot;ha_cmc_init_switcher&quot;:&quot;no&quot;}\" data-elementor-post-type=\"page\">\n\t\t\t\t<div class=\"elementor-element elementor-element-33e1444 e-flex e-con-boxed e-con e-parent\" data-id=\"33e1444\" data-element_type=\"container\" data-e-type=\"container\" data-settings=\"{&quot;_ha_eqh_enable&quot;:false}\">\n\t\t\t\t\t<div class=\"e-con-inner\">\n\t\t\t\t<div class=\"elementor-element elementor-element-68d070f elementor-widget elementor-widget-heading\" data-id=\"68d070f\" data-element_type=\"widget\" data-e-type=\"widget\" data-widget_type=\"heading.default\">\n\t\t\t\t<div class=\"elementor-widget-container\">\n\t\t\t\t\t<h2 class=\"elementor-heading-title elementor-size-default\">Tak\u00e1cs Andrea \n<\/h2>\t\t\t\t<\/div>\n\t\t\t\t<\/div>\n\t\t\t\t<div class=\"elementor-element elementor-element-dedbb4b elementor-widget elementor-widget-text-editor\" data-id=\"dedbb4b\" data-element_type=\"widget\" data-e-type=\"widget\" data-widget_type=\"text-editor.default\">\n\t\t\t\t<div class=\"elementor-widget-container\">\n\t\t\t\t\t\t\t\t\tSNR\u00ae\/ARNI trainer\t\t\t\t\t\t\t\t<\/div>\n\t\t\t\t<\/div>\n\t\t\t\t\t<\/div>\n\t\t\t\t<\/div>\n\t\t<div class=\"elementor-element elementor-element-795f2b1 e-flex e-con-boxed e-con e-parent\" data-id=\"795f2b1\" data-element_type=\"container\" data-e-type=\"container\" data-settings=\"{&quot;background_background&quot;:&quot;classic&quot;,&quot;_ha_eqh_enable&quot;:false}\">\n\t\t\t\t\t<div class=\"e-con-inner\">\n\t\t<div class=\"elementor-element elementor-element-57e6b4d e-con-full e-flex e-con e-child\" data-id=\"57e6b4d\" data-element_type=\"container\" data-e-type=\"container\" data-settings=\"{&quot;background_background&quot;:&quot;classic&quot;,&quot;_ha_eqh_enable&quot;:false}\">\n\t\t\t\t<div class=\"elementor-element elementor-element-ae4dbd9 elementor-widget elementor-widget-image\" data-id=\"ae4dbd9\" data-element_type=\"widget\" data-e-type=\"widget\" data-widget_type=\"image.default\">\n\t\t\t\t<div class=\"elementor-widget-container\">\n\t\t\t\t\t\t\t\t\t\t\t\t\t\t\t<img fetchpriority=\"high\" decoding=\"async\" width=\"683\" height=\"764\" src=\"https:\/\/strokeneurorehab.com\/wp-content\/uploads\/2026\/02\/takacs_andrea-2.jpg\" class=\"attachment-large size-large wp-image-8182\" alt=\"\" srcset=\"https:\/\/strokeneurorehab.com\/wp-content\/uploads\/2026\/02\/takacs_andrea-2.jpg 683w, https:\/\/strokeneurorehab.com\/wp-content\/uploads\/2026\/02\/takacs_andrea-2-268x300.jpg 268w, https:\/\/strokeneurorehab.com\/wp-content\/uploads\/2026\/02\/takacs_andrea-2-11x12.jpg 11w, https:\/\/strokeneurorehab.com\/wp-content\/uploads\/2026\/02\/takacs_andrea-2-600x671.jpg 600w\" sizes=\"(max-width: 683px) 100vw, 683px\" \/>\t\t\t\t\t\t\t\t\t\t\t\t\t\t\t<\/div>\n\t\t\t\t<\/div>\n\t\t\t\t<\/div>\n\t\t<div class=\"elementor-element elementor-element-b154ef8 e-con-full e-flex e-con e-child\" data-id=\"b154ef8\" data-element_type=\"container\" data-e-type=\"container\" data-settings=\"{&quot;background_background&quot;:&quot;classic&quot;,&quot;_ha_eqh_enable&quot;:false}\">\n\t\t\t\t<div class=\"elementor-element elementor-element-76132fc elementor-widget elementor-widget-text-editor\" data-id=\"76132fc\" data-element_type=\"widget\" data-e-type=\"widget\" data-widget_type=\"text-editor.default\">\n\t\t\t\t<div class=\"elementor-widget-container\">\n\t\t\t\t\t\t\t\t\t<p><span style=\"font-weight: 400;\">I have worked in the social field for almost ten years with people with disabilities, and I have seen many times how an unexpected event or a serious illness changes the lives of individuals and even families. Therefore, I began to look for ways in which I could actively participate in the process of recovery, healing, both physically and mentally.\u00a0<\/span><br \/><br \/><span style=\"font-weight: 400;\">T\u00f6bb k\u00e9pes\u00edt\u00e9st is szereztem, ami az eg\u00e9szs\u00e9gi \u00e1llapot roml\u00e1s\u00e1b\u00f3l ad\u00f3d\u00f3 saj\u00e1tos ig\u00e9nyek kiel\u00e9g\u00edt\u00e9s\u00e9t seg\u00edti, azt\u00e1n 2021- ben r\u00e1tal\u00e1ltam az SNR\u00ae\/ARNI-ra. Azonnal tudtam, hogy ez az, amit kerestem!<\/span><br \/><br \/><span style=\"font-weight: 400;\">Az SNR\u00ae csapat tagjak\u00e9nt, ARNI tr\u00e9nerk\u00e9nt hiszem, hogy mindenkit megillett a min\u0151s\u00e9gi rehabilit\u00e1ci\u00f3, f\u00fcggetlen\u00fcl att\u00f3l, hogy az orsz\u00e1g melyik ter\u00fclet\u00e9n \u00e9l. C\u00e9lom az, hogy lak\u00f3helyemen is min\u00e9l sz\u00e9lesebb k\u00f6rben megismerj\u00e9k, megtanulhass\u00e1k \u00e9s alkalmazhass\u00e1k az \u00e9rintettek ezt a csod\u00e1latos \u00e9s eredm\u00e9nyes m\u00f3dszert.<\/span><br \/><br \/><span style=\"font-weight: 400;\">As a relationship counselor, I can also help my clients adapt to their changed life situation. After all, they have to process what happened to them, roles in the family change or even reverse, daily tasks are reevaluated, and other things become important. These difficulties are rarely talked about, even though love, belonging, and intimate relationships are also a very important part of recovery and have a huge motivating power!<\/span><br \/><br \/><span style=\"font-weight: 400;\">Ez\u00e9rt tartom nagyon \u00e9rt\u00e9kesnek, hogy az SNR\u00ae\/ARNI t\u00e1borokban az \u00f6sszetartoz\u00e1s \u00e9rz\u00e9se is er\u0151s\u00f6dik, hiszen egy\u00fctt dolgoznak, \u00e9s egy\u00fctt t\u00e1ncolnak az \u00e9rintettek \u00e9s hozz\u00e1tartoz\u00f3ik. A siker \u00e9s a k\u00f6z\u00f6s \u00e9lm\u00e9nyek \u00e1ltal k\u00f6zelebb ker\u00fclnek egym\u00e1shoz, ez pedig er\u0151t \u00e9s lend\u00fcletet ad a tov\u00e1bbi feladatokhoz.<\/span><br \/><br \/><span style=\"font-weight: 400;\">&quot;The secret to success lies simply in determination: deciding what you want to achieve and then working towards it day after day, even when it seems like you won&#039;t succeed.&quot;<\/span><\/p><p><span style=\"font-weight: 400;\">~Tony Robbins~\u00a0<\/span><br \/><br \/><b>Andrea&#039;s area of work:\u00a0<\/b><span style=\"font-style: inherit; text-decoration-line: initial;\">Heves and N\u00f3gr\u00e1d counties<\/span><\/p>\t\t\t\t\t\t\t\t<\/div>\n\t\t\t\t<\/div>\n\t\t\t\t<\/div>\n\t\t\t\t\t<\/div>\n\t\t\t\t<\/div>\n\t\t\t\t<\/div>","protected":false},"excerpt":{"rendered":"<p>Tak\u00e1cs Andrea SNR\u00ae\/ARNI tr\u00e9ner Majdnem t\u00edz \u00e9vet dolgoztam szoci\u00e1lis ter\u00fcleten, fogyat\u00e9koss\u00e1ggal \u00e9l\u0151 emberekkel, \u00e9s bizony nagyon sokszor tal\u00e1lkoztam azzal, hogy [&hellip;]<\/p>\n","protected":false},"author":1,"featured_media":0,"parent":0,"menu_order":0,"comment_status":"closed","ping_status":"closed","template":"","meta":{"site-sidebar-layout":"no-sidebar","site-content-layout":"page-builder","ast-site-content-layout":"full-width-container","site-content-style":"default","site-sidebar-style":"default","ast-global-header-display":"","ast-banner-title-visibility":"","ast-main-header-display":"","ast-hfb-above-header-display":"","ast-hfb-below-header-display":"","ast-hfb-mobile-header-display":"","site-post-title":"disabled","ast-breadcrumbs-content":"","ast-featured-img":"disabled","footer-sml-layout":"","ast-disable-related-posts":"","theme-transparent-header-meta":"","adv-header-id-meta":"","stick-header-meta":"","header-above-stick-meta":"","header-main-stick-meta":"","header-below-stick-meta":"","astra-migrate-meta-layouts":"set","ast-page-background-enabled":"default","ast-page-background-meta":{"desktop":{"background-color":"var(--ast-global-color-4)","background-image":"","background-repeat":"repeat","background-position":"center center","background-size":"auto","background-attachment":"scroll","background-type":"","background-media":"","overlay-type":"","overlay-color":"","overlay-opacity":"","overlay-gradient":""},"tablet":{"background-color":"","background-image":"","background-repeat":"repeat","background-position":"center center","background-size":"auto","background-attachment":"scroll","background-type":"","background-media":"","overlay-type":"","overlay-color":"","overlay-opacity":"","overlay-gradient":""},"mobile":{"background-color":"","background-image":"","background-repeat":"repeat","background-position":"center center","background-size":"auto","background-attachment":"scroll","background-type":"","background-media":"","overlay-type":"","overlay-color":"","overlay-opacity":"","overlay-gradient":""}},"ast-content-background-meta":{"desktop":{"background-color":"var(--ast-global-color-5)","background-image":"","background-repeat":"repeat","background-position":"center center","background-size":"auto","background-attachment":"scroll","background-type":"","background-media":"","overlay-type":"","overlay-color":"","overlay-opacity":"","overlay-gradient":""},"tablet":{"background-color":"var(--ast-global-color-5)","background-image":"","background-repeat":"repeat","background-position":"center center","background-size":"auto","background-attachment":"scroll","background-type":"","background-media":"","overlay-type":"","overlay-color":"","overlay-opacity":"","overlay-gradient":""},"mobile":{"background-color":"var(--ast-global-color-5)","background-image":"","background-repeat":"repeat","background-position":"center center","background-size":"auto","background-attachment":"scroll","background-type":"","background-media":"","overlay-type":"","overlay-color":"","overlay-opacity":"","overlay-gradient":""}},"footnotes":""},"class_list":["post-4406","page","type-page","status-publish","hentry"],"yoast_head":"<!-- This site is optimized with the Yoast SEO Premium plugin v27.1 (Yoast SEO v27.3) - https:\/\/yoast.com\/product\/yoast-seo-premium-wordpress\/ -->\n<title>Tak\u00e1cs Andrea\u00a0- bemutatkoz\u00f3 - Stroke Neuro Rehab<\/title>\n<meta name=\"description\" content=\"Ismerd meg Tak\u00e1cs Andrea, tapasztalt SNR\u00ae\/ARNI tr\u00e9ner\u00fcnket, aki elhivatott a stroke rehabilit\u00e1ci\u00f3j\u00e1ban \u00e9s a betegek t\u00e1mogat\u00e1s\u00e1ban.\" \/>\n<meta name=\"robots\" content=\"index, follow, max-snippet:-1, max-image-preview:large, max-video-preview:-1\" \/>\n<link rel=\"canonical\" href=\"https:\/\/strokeneurorehab.com\/en\/andrea-takacs\/\" \/>\n<meta property=\"og:locale\" content=\"en_GB\" \/>\n<meta property=\"og:type\" content=\"article\" \/>\n<meta property=\"og:title\" content=\"Tak\u00e1cs Andrea\u00a0- bemutatkoz\u00f3 - Stroke Neuro Rehab\" \/>\n<meta property=\"og:description\" content=\"Ismerd meg Tak\u00e1cs Andrea, tapasztalt SNR\u00ae\/ARNI tr\u00e9ner\u00fcnket, aki elhivatott a stroke rehabilit\u00e1ci\u00f3j\u00e1ban \u00e9s a betegek t\u00e1mogat\u00e1s\u00e1ban.\" \/>\n<meta property=\"og:url\" content=\"https:\/\/strokeneurorehab.com\/en\/andrea-takacs\/\" \/>\n<meta property=\"og:site_name\" content=\"Stroke Neuro Rehab\" \/>\n<meta property=\"article:publisher\" content=\"https:\/\/www.facebook.com\/strokeneurorehab\/?locale=hu_HU\" \/>\n<meta property=\"article:modified_time\" content=\"2026-02-20T14:58:40+00:00\" \/>\n<meta property=\"og:image\" content=\"https:\/\/strokeneurorehab.com\/wp-content\/uploads\/2026\/02\/takacs_andrea-2.jpg\" \/>\n\t<meta property=\"og:image:width\" content=\"683\" \/>\n\t<meta property=\"og:image:height\" content=\"764\" \/>\n\t<meta property=\"og:image:type\" content=\"image\/jpeg\" \/>\n<meta name=\"twitter:card\" content=\"summary_large_image\" \/>\n<meta name=\"twitter:description\" content=\"Szem\u00e9lyre szabott stroke rehabilit\u00e1ci\u00f3 ARNI m\u00f3dszerrel, k\u00e9pzett instruktorokt\u00f3l. Seg\u00edt\u00fcnk lek\u00fczdeni az agys\u00e9r\u00fcl\u00e9s k\u00f6vetkezm\u00e9nyeit \u00e9s visszatal\u00e1lni az \u00f6n\u00e1ll\u00f3 \u00e9lethez.\" \/>\n<meta name=\"twitter:label1\" content=\"Estimated reading time\" \/>\n\t<meta name=\"twitter:data1\" content=\"2 minutes\" \/>\n<script type=\"application\/ld+json\" class=\"yoast-schema-graph\">{\"@context\":\"https:\\\/\\\/schema.org\",\"@graph\":[{\"@type\":\"WebPage\",\"@id\":\"https:\\\/\\\/strokeneurorehab.com\\\/takacs-andrea\\\/\",\"url\":\"https:\\\/\\\/strokeneurorehab.com\\\/takacs-andrea\\\/\",\"name\":\"Tak\u00e1cs Andrea\u00a0- bemutatkoz\u00f3 - Stroke Neuro Rehab\",\"isPartOf\":{\"@id\":\"https:\\\/\\\/strokeneurorehab.com\\\/en\\\/fooldal-english\\\/#website\"},\"primaryImageOfPage\":{\"@id\":\"https:\\\/\\\/strokeneurorehab.com\\\/takacs-andrea\\\/#primaryimage\"},\"image\":{\"@id\":\"https:\\\/\\\/strokeneurorehab.com\\\/takacs-andrea\\\/#primaryimage\"},\"thumbnailUrl\":\"https:\\\/\\\/strokeneurorehab.com\\\/wp-content\\\/uploads\\\/2026\\\/02\\\/takacs_andrea-2.jpg\",\"datePublished\":\"2025-01-12T20:57:14+00:00\",\"dateModified\":\"2026-02-20T14:58:40+00:00\",\"description\":\"Ismerd meg Tak\u00e1cs Andrea, tapasztalt SNR\u00ae\\\/ARNI tr\u00e9ner\u00fcnket, aki elhivatott a stroke rehabilit\u00e1ci\u00f3j\u00e1ban \u00e9s a betegek t\u00e1mogat\u00e1s\u00e1ban.\",\"breadcrumb\":{\"@id\":\"https:\\\/\\\/strokeneurorehab.com\\\/takacs-andrea\\\/#breadcrumb\"},\"inLanguage\":\"en-GB\",\"potentialAction\":[{\"@type\":\"ReadAction\",\"target\":[\"https:\\\/\\\/strokeneurorehab.com\\\/takacs-andrea\\\/\"]}]},{\"@type\":\"ImageObject\",\"inLanguage\":\"en-GB\",\"@id\":\"https:\\\/\\\/strokeneurorehab.com\\\/takacs-andrea\\\/#primaryimage\",\"url\":\"https:\\\/\\\/strokeneurorehab.com\\\/wp-content\\\/uploads\\\/2026\\\/02\\\/takacs_andrea-2.jpg\",\"contentUrl\":\"https:\\\/\\\/strokeneurorehab.com\\\/wp-content\\\/uploads\\\/2026\\\/02\\\/takacs_andrea-2.jpg\"},{\"@type\":\"BreadcrumbList\",\"@id\":\"https:\\\/\\\/strokeneurorehab.com\\\/takacs-andrea\\\/#breadcrumb\",\"itemListElement\":[{\"@type\":\"ListItem\",\"position\":1,\"name\":\"Home\",\"item\":\"https:\\\/\\\/strokeneurorehab.com\\\/\"},{\"@type\":\"ListItem\",\"position\":2,\"name\":\"Tak\u00e1cs Andrea\u00a0&#8211; bemutatkoz\u00f3\"}]},{\"@type\":\"WebSite\",\"@id\":\"https:\\\/\\\/strokeneurorehab.com\\\/en\\\/fooldal-english\\\/#website\",\"url\":\"https:\\\/\\\/strokeneurorehab.com\\\/en\\\/fooldal-english\\\/\",\"name\":\"Stroke Neuro Rehab\",\"description\":\"Van \u00e9let a stroke ut\u00e1n.\",\"publisher\":{\"@id\":\"https:\\\/\\\/strokeneurorehab.com\\\/en\\\/fooldal-english\\\/#organization\"},\"potentialAction\":[{\"@type\":\"SearchAction\",\"target\":{\"@type\":\"EntryPoint\",\"urlTemplate\":\"https:\\\/\\\/strokeneurorehab.com\\\/en\\\/fooldal-english\\\/?s={search_term_string}\"},\"query-input\":{\"@type\":\"PropertyValueSpecification\",\"valueRequired\":true,\"valueName\":\"search_term_string\"}}],\"inLanguage\":\"en-GB\"},{\"@type\":\"Organization\",\"@id\":\"https:\\\/\\\/strokeneurorehab.com\\\/en\\\/fooldal-english\\\/#organization\",\"name\":\"Stroke Neuro Rehab Kft.\",\"url\":\"https:\\\/\\\/strokeneurorehab.com\\\/en\\\/fooldal-english\\\/\",\"logo\":{\"@type\":\"ImageObject\",\"inLanguage\":\"en-GB\",\"@id\":\"https:\\\/\\\/strokeneurorehab.com\\\/en\\\/fooldal-english\\\/#\\\/schema\\\/logo\\\/image\\\/\",\"url\":\"https:\\\/\\\/strokeneurorehab.com\\\/wp-content\\\/uploads\\\/2024\\\/12\\\/Nevtelen-terv-54.png\",\"contentUrl\":\"https:\\\/\\\/strokeneurorehab.com\\\/wp-content\\\/uploads\\\/2024\\\/12\\\/Nevtelen-terv-54.png\",\"width\":1563,\"height\":1563,\"caption\":\"Stroke Neuro Rehab Kft.\"},\"image\":{\"@id\":\"https:\\\/\\\/strokeneurorehab.com\\\/en\\\/fooldal-english\\\/#\\\/schema\\\/logo\\\/image\\\/\"},\"sameAs\":[\"https:\\\/\\\/www.facebook.com\\\/strokeneurorehab\\\/?locale=hu_HU\",\"https:\\\/\\\/www.instagram.com\\\/stroke_neuro_rehab\\\/\",\"https:\\\/\\\/www.tiktok.com\\\/@stroke_neuro_rehab\"]}]}<\/script>\n<!-- \/ Yoast SEO Premium plugin. -->","yoast_head_json":{"title":"Andrea Tak\u00e1cs - introduction - Stroke Neuro Rehab","description":"Ismerd meg Tak\u00e1cs Andrea, tapasztalt SNR\u00ae\/ARNI tr\u00e9ner\u00fcnket, aki elhivatott a stroke rehabilit\u00e1ci\u00f3j\u00e1ban \u00e9s a betegek t\u00e1mogat\u00e1s\u00e1ban.","robots":{"index":"index","follow":"follow","max-snippet":"max-snippet:-1","max-image-preview":"max-image-preview:large","max-video-preview":"max-video-preview:-1"},"canonical":"https:\/\/strokeneurorehab.com\/en\/andrea-takacs\/","og_locale":"en_GB","og_type":"article","og_title":"Tak\u00e1cs Andrea\u00a0- bemutatkoz\u00f3 - Stroke Neuro Rehab","og_description":"Ismerd meg Tak\u00e1cs Andrea, tapasztalt SNR\u00ae\/ARNI tr\u00e9ner\u00fcnket, aki elhivatott a stroke rehabilit\u00e1ci\u00f3j\u00e1ban \u00e9s a betegek t\u00e1mogat\u00e1s\u00e1ban.","og_url":"https:\/\/strokeneurorehab.com\/en\/andrea-takacs\/","og_site_name":"Stroke Neuro Rehab","article_publisher":"https:\/\/www.facebook.com\/strokeneurorehab\/?locale=hu_HU","article_modified_time":"2026-02-20T14:58:40+00:00","og_image":[{"width":683,"height":764,"url":"https:\/\/strokeneurorehab.com\/wp-content\/uploads\/2026\/02\/takacs_andrea-2.jpg","type":"image\/jpeg"}],"twitter_card":"summary_large_image","twitter_description":"Szem\u00e9lyre szabott stroke rehabilit\u00e1ci\u00f3 ARNI m\u00f3dszerrel, k\u00e9pzett instruktorokt\u00f3l. Seg\u00edt\u00fcnk lek\u00fczdeni az agys\u00e9r\u00fcl\u00e9s k\u00f6vetkezm\u00e9nyeit \u00e9s visszatal\u00e1lni az \u00f6n\u00e1ll\u00f3 \u00e9lethez.","twitter_misc":{"Estimated reading time":"2 minutes"},"schema":{"@context":"https:\/\/schema.org","@graph":[{"@type":"WebPage","@id":"https:\/\/strokeneurorehab.com\/takacs-andrea\/","url":"https:\/\/strokeneurorehab.com\/takacs-andrea\/","name":"Andrea Tak\u00e1cs - introduction - Stroke Neuro Rehab","isPartOf":{"@id":"https:\/\/strokeneurorehab.com\/en\/fooldal-english\/#website"},"primaryImageOfPage":{"@id":"https:\/\/strokeneurorehab.com\/takacs-andrea\/#primaryimage"},"image":{"@id":"https:\/\/strokeneurorehab.com\/takacs-andrea\/#primaryimage"},"thumbnailUrl":"https:\/\/strokeneurorehab.com\/wp-content\/uploads\/2026\/02\/takacs_andrea-2.jpg","datePublished":"2025-01-12T20:57:14+00:00","dateModified":"2026-02-20T14:58:40+00:00","description":"Ismerd meg Tak\u00e1cs Andrea, tapasztalt SNR\u00ae\/ARNI tr\u00e9ner\u00fcnket, aki elhivatott a stroke rehabilit\u00e1ci\u00f3j\u00e1ban \u00e9s a betegek t\u00e1mogat\u00e1s\u00e1ban.","breadcrumb":{"@id":"https:\/\/strokeneurorehab.com\/takacs-andrea\/#breadcrumb"},"inLanguage":"en-GB","potentialAction":[{"@type":"ReadAction","target":["https:\/\/strokeneurorehab.com\/takacs-andrea\/"]}]},{"@type":"ImageObject","inLanguage":"en-GB","@id":"https:\/\/strokeneurorehab.com\/takacs-andrea\/#primaryimage","url":"https:\/\/strokeneurorehab.com\/wp-content\/uploads\/2026\/02\/takacs_andrea-2.jpg","contentUrl":"https:\/\/strokeneurorehab.com\/wp-content\/uploads\/2026\/02\/takacs_andrea-2.jpg"},{"@type":"BreadcrumbList","@id":"https:\/\/strokeneurorehab.com\/takacs-andrea\/#breadcrumb","itemListElement":[{"@type":"ListItem","position":1,"name":"Home","item":"https:\/\/strokeneurorehab.com\/"},{"@type":"ListItem","position":2,"name":"Tak\u00e1cs Andrea\u00a0&#8211; bemutatkoz\u00f3"}]},{"@type":"WebSite","@id":"https:\/\/strokeneurorehab.com\/en\/fooldal-english\/#website","url":"https:\/\/strokeneurorehab.com\/en\/fooldal-english\/","name":"Stroke Neuro Rehab","description":"There is life after stroke.","publisher":{"@id":"https:\/\/strokeneurorehab.com\/en\/fooldal-english\/#organization"},"potentialAction":[{"@type":"SearchAction","target":{"@type":"EntryPoint","urlTemplate":"https:\/\/strokeneurorehab.com\/en\/fooldal-english\/?s={search_term_string}"},"query-input":{"@type":"PropertyValueSpecification","valueRequired":true,"valueName":"search_term_string"}}],"inLanguage":"en-GB"},{"@type":"Organization","@id":"https:\/\/strokeneurorehab.com\/en\/fooldal-english\/#organization","name":"Stroke Neuro Rehab Ltd.","url":"https:\/\/strokeneurorehab.com\/en\/fooldal-english\/","logo":{"@type":"ImageObject","inLanguage":"en-GB","@id":"https:\/\/strokeneurorehab.com\/en\/fooldal-english\/#\/schema\/logo\/image\/","url":"https:\/\/strokeneurorehab.com\/wp-content\/uploads\/2024\/12\/Nevtelen-terv-54.png","contentUrl":"https:\/\/strokeneurorehab.com\/wp-content\/uploads\/2024\/12\/Nevtelen-terv-54.png","width":1563,"height":1563,"caption":"Stroke Neuro Rehab Kft."},"image":{"@id":"https:\/\/strokeneurorehab.com\/en\/fooldal-english\/#\/schema\/logo\/image\/"},"sameAs":["https:\/\/www.facebook.com\/strokeneurorehab\/?locale=hu_HU","https:\/\/www.instagram.com\/stroke_neuro_rehab\/","https:\/\/www.tiktok.com\/@stroke_neuro_rehab"]}]}},"_links":{"self":[{"href":"https:\/\/strokeneurorehab.com\/en\/wp-json\/wp\/v2\/pages\/4406","targetHints":{"allow":["GET"]}}],"collection":[{"href":"https:\/\/strokeneurorehab.com\/en\/wp-json\/wp\/v2\/pages"}],"about":[{"href":"https:\/\/strokeneurorehab.com\/en\/wp-json\/wp\/v2\/types\/page"}],"author":[{"embeddable":true,"href":"https:\/\/strokeneurorehab.com\/en\/wp-json\/wp\/v2\/users\/1"}],"replies":[{"embeddable":true,"href":"https:\/\/strokeneurorehab.com\/en\/wp-json\/wp\/v2\/comments?post=4406"}],"version-history":[{"count":0,"href":"https:\/\/strokeneurorehab.com\/en\/wp-json\/wp\/v2\/pages\/4406\/revisions"}],"wp:attachment":[{"href":"https:\/\/strokeneurorehab.com\/en\/wp-json\/wp\/v2\/media?parent=4406"}],"curies":[{"name":"wp","href":"https:\/\/api.w.org\/{rel}","templated":true}]}}