{"id":4436,"date":"2025-01-12T21:19:20","date_gmt":"2025-01-12T21:19:20","guid":{"rendered":"https:\/\/strokeneurorehab.com\/?page_id=4436"},"modified":"2026-02-20T16:56:45","modified_gmt":"2026-02-20T14:56:45","slug":"george-winkler","status":"publish","type":"page","link":"https:\/\/strokeneurorehab.com\/en\/winkler-gyorgyi\/","title":{"rendered":"Gy\u00f6rgyi Winkler \u2013 introduction"},"content":{"rendered":"<div data-elementor-type=\"wp-page\" data-elementor-id=\"4436\" class=\"elementor elementor-4436\" data-elementor-settings=\"{&quot;ha_cmc_init_switcher&quot;:&quot;no&quot;}\" data-elementor-post-type=\"page\">\n\t\t\t\t<div class=\"elementor-element elementor-element-c64cd87 e-flex e-con-boxed e-con e-parent\" data-id=\"c64cd87\" data-element_type=\"container\" data-e-type=\"container\" data-settings=\"{&quot;_ha_eqh_enable&quot;:false}\">\n\t\t\t\t\t<div class=\"e-con-inner\">\n\t\t\t\t<div class=\"elementor-element elementor-element-6cfb772 elementor-widget elementor-widget-heading\" data-id=\"6cfb772\" data-element_type=\"widget\" data-e-type=\"widget\" data-widget_type=\"heading.default\">\n\t\t\t\t<div class=\"elementor-widget-container\">\n\t\t\t\t\t<h2 class=\"elementor-heading-title elementor-size-default\">George Winkler\n<\/h2>\t\t\t\t<\/div>\n\t\t\t\t<\/div>\n\t\t\t\t<div class=\"elementor-element elementor-element-a27eb20 elementor-widget elementor-widget-text-editor\" data-id=\"a27eb20\" data-element_type=\"widget\" data-e-type=\"widget\" data-widget_type=\"text-editor.default\">\n\t\t\t\t<div class=\"elementor-widget-container\">\n\t\t\t\t\t\t\t\t\tSNR\u00ae\/ARNI trainer\t\t\t\t\t\t\t\t<\/div>\n\t\t\t\t<\/div>\n\t\t\t\t\t<\/div>\n\t\t\t\t<\/div>\n\t\t<div class=\"elementor-element elementor-element-2f94aa2 e-flex e-con-boxed e-con e-parent\" data-id=\"2f94aa2\" data-element_type=\"container\" data-e-type=\"container\" data-settings=\"{&quot;background_background&quot;:&quot;classic&quot;,&quot;_ha_eqh_enable&quot;:false}\">\n\t\t\t\t\t<div class=\"e-con-inner\">\n\t\t<div class=\"elementor-element elementor-element-ed19016 e-con-full e-flex e-con e-child\" data-id=\"ed19016\" data-element_type=\"container\" data-e-type=\"container\" data-settings=\"{&quot;background_background&quot;:&quot;classic&quot;,&quot;_ha_eqh_enable&quot;:false}\">\n\t\t\t\t<div class=\"elementor-element elementor-element-4f18612 elementor-widget elementor-widget-image\" data-id=\"4f18612\" data-element_type=\"widget\" data-e-type=\"widget\" data-widget_type=\"image.default\">\n\t\t\t\t<div class=\"elementor-widget-container\">\n\t\t\t\t\t\t\t\t\t\t\t\t\t\t\t<img fetchpriority=\"high\" decoding=\"async\" width=\"683\" height=\"764\" src=\"https:\/\/strokeneurorehab.com\/wp-content\/uploads\/2026\/02\/winkler-gyorgyi-1.webp\" class=\"attachment-large size-large wp-image-8165\" alt=\"\" srcset=\"https:\/\/strokeneurorehab.com\/wp-content\/uploads\/2026\/02\/winkler-gyorgyi-1.webp 683w, https:\/\/strokeneurorehab.com\/wp-content\/uploads\/2026\/02\/winkler-gyorgyi-1-268x300.webp 268w, https:\/\/strokeneurorehab.com\/wp-content\/uploads\/2026\/02\/winkler-gyorgyi-1-11x12.webp 11w, https:\/\/strokeneurorehab.com\/wp-content\/uploads\/2026\/02\/winkler-gyorgyi-1-600x671.webp 600w\" sizes=\"(max-width: 683px) 100vw, 683px\" \/>\t\t\t\t\t\t\t\t\t\t\t\t\t\t\t<\/div>\n\t\t\t\t<\/div>\n\t\t\t\t<\/div>\n\t\t<div class=\"elementor-element elementor-element-34aab79 e-con-full e-flex e-con e-child\" data-id=\"34aab79\" data-element_type=\"container\" data-e-type=\"container\" data-settings=\"{&quot;background_background&quot;:&quot;classic&quot;,&quot;_ha_eqh_enable&quot;:false}\">\n\t\t\t\t<div class=\"elementor-element elementor-element-2143607 elementor-widget elementor-widget-text-editor\" data-id=\"2143607\" data-element_type=\"widget\" data-e-type=\"widget\" data-widget_type=\"text-editor.default\">\n\t\t\t\t<div class=\"elementor-widget-container\">\n\t\t\t\t\t\t\t\t\t<p><span style=\"font-weight: 400;\">Hogy mi\u00e9rt csatlakoztam az SNR\u00ae\/ARNI csapat\u00e1hoz? Els\u0151 k\u00f6rben a szakmai k\u00edv\u00e1ncsis\u00e1g, hogy hogyan tudn\u00e1m a legoptim\u00e1lisabban seg\u00edteni a stroke-on \u00e1tesetteket, melyet azt\u00e1n tud\u00e1sv\u00e1gy k\u00f6vetett, az \u00faj ismeretek megszerz\u00e9se, &#8211; alkalmaz\u00e1sa a gyakorlatban, a folyamatos fejl\u0151d\u00e9s lehet\u0151s\u00e9ge, az \u00fajabbn\u00e1l- \u00fajabb kutat\u00e1si eredm\u00e9nyek be\u00e9p\u00edt\u00e9se a munk\u00e1mba, elhivatottan a kih\u00edv\u00e1sok ir\u00e1ny\u00e1ban.<\/span><br \/><br \/><span style=\"font-weight: 400;\">I am proud to be part of a team characterized by thinking together to achieve the goal, and we receive inspiration from our professional leader and from each other.<\/span><br \/><br \/><span style=\"font-weight: 400;\">Emberi oldal\u00e1t tekintve az SNR\u00ae\/ARNI csapat rendk\u00edv\u00fcl \u00f6sszetart\u00f3, seg\u00edt\u0151k\u00e9sz, tud\u00e1st megoszt\u00f3, szakmailag elhivatott k\u00f6z\u00f6ss\u00e9g, empatikus, melyet szakmai vezet\u0151nk is p\u00e9ldak\u00e9nt k\u00e9pvisel.<\/span><br \/><br \/><span style=\"font-weight: 400;\">My professional experience as a physiotherapist dates back to several years of practice, during which I have effectively helped and continue to help people who want to improve their quality of life together, as partners.<\/span><br \/><br \/><span style=\"font-weight: 400;\">I feel lucky because I can do what I love, my work is also my hobby, I am professionally dedicated, and I have a need for further training. I am characterized by perseverance, patience, analytical work, finding solutions, empathy, helpfulness, humor, and cheerfulness.<\/span><br \/><br \/><span style=\"font-weight: 400;\">The positive feedback from those involved about the joint professional work is accuracy, creativity, finding solutions \u2013 with personalized tasks, complexity, helpfulness\/suggestions for purchasing equipment, analyzing video recordings during each exercise, and individualizing the music choices listened to during training. Intimate conversations about feelings and successes are important to them. The joyful reception of the smallest successes, motivation, and their maintenance.<\/span><br \/><span style=\"font-weight: 400;\">\u00a0<\/span><br \/><span style=\"font-weight: 400;\">Amiben \u0151szint\u00e9n hiszek az SNR\u00ae munk\u00e1mmal kapcsolatban az etikus magatart\u00e1s, elk\u00f6telezetts\u00e9g, felel\u0151ss\u00e9gv\u00e1llal\u00e1s, tisztelet, neh\u00e9zs\u00e9gek megold\u00e1sa, \u0151szintes\u00e9g, kompetenci\u00e1k. Szakmailag hiteles vezet\u0151 ir\u00e1ny\u00edt\u00e1sa alatt csapatban dolgozni, k\u00f6z\u00f6s j\u00f6v\u0151k\u00e9pet kialak\u00edtani.<\/span><\/p><p><span style=\"font-weight: 400;\">SNR\u00ae munk\u00e1m sor\u00e1n szenved\u00e9llyel t\u00f6lt el, hogy seg\u00edthetek mozg\u00e1sukban korl\u00e1tozott ember t\u00e1rsaimnak min\u0151s\u00e9gibb \u00e9letet \u00e9lni a stroke bek\u00f6vetkezte ut\u00e1n, hogy min\u00e9l \u00f6n\u00e1ll\u00f3bbak legyenek, hogy ugyan elfogadva a t\u00f6rt\u00e9nteket, lend\u00fcletet adva \u00f6nbizalmukat n\u00f6velve c\u00e9lokat kit\u0171zni \u00e9s azokat k\u00f6z\u00f6sen el\u00e9rve\/a csal\u00e1dtagok bevon\u00e1s\u00e1val is, megmutatni, hogy igenis megk\u00fczd\u00e9si strat\u00e9gi\u00e1kkal az \u00fajratanul\u00e1s seg\u00edts\u00e9g\u00e9vel fokozatosan kezelni, gy\u0151zedelmeskedni tudnak saj\u00e1t korl\u00e1tjaikon.<\/span><br \/><br \/><b>Gy\u00f6rgyi&#039;s area of work:<\/b> Budapest<\/p>\t\t\t\t\t\t\t\t<\/div>\n\t\t\t\t<\/div>\n\t\t\t\t<\/div>\n\t\t\t\t\t<\/div>\n\t\t\t\t<\/div>\n\t\t\t\t<\/div>","protected":false},"excerpt":{"rendered":"<p>Winkler Gy\u00f6rgyi SNR\u00ae\/ARNI tr\u00e9ner Hogy mi\u00e9rt csatlakoztam az SNR\u00ae\/ARNI csapat\u00e1hoz? Els\u0151 k\u00f6rben a szakmai k\u00edv\u00e1ncsis\u00e1g, hogy hogyan tudn\u00e1m a legoptim\u00e1lisabban [&hellip;]<\/p>\n","protected":false},"author":1,"featured_media":0,"parent":0,"menu_order":0,"comment_status":"closed","ping_status":"closed","template":"","meta":{"site-sidebar-layout":"no-sidebar","site-content-layout":"page-builder","ast-site-content-layout":"full-width-container","site-content-style":"default","site-sidebar-style":"default","ast-global-header-display":"","ast-banner-title-visibility":"","ast-main-header-display":"","ast-hfb-above-header-display":"","ast-hfb-below-header-display":"","ast-hfb-mobile-header-display":"","site-post-title":"disabled","ast-breadcrumbs-content":"","ast-featured-img":"disabled","footer-sml-layout":"","ast-disable-related-posts":"","theme-transparent-header-meta":"","adv-header-id-meta":"","stick-header-meta":"","header-above-stick-meta":"","header-main-stick-meta":"","header-below-stick-meta":"","astra-migrate-meta-layouts":"set","ast-page-background-enabled":"default","ast-page-background-meta":{"desktop":{"background-color":"var(--ast-global-color-4)","background-image":"","background-repeat":"repeat","background-position":"center center","background-size":"auto","background-attachment":"scroll","background-type":"","background-media":"","overlay-type":"","overlay-color":"","overlay-opacity":"","overlay-gradient":""},"tablet":{"background-color":"","background-image":"","background-repeat":"repeat","background-position":"center center","background-size":"auto","background-attachment":"scroll","background-type":"","background-media":"","overlay-type":"","overlay-color":"","overlay-opacity":"","overlay-gradient":""},"mobile":{"background-color":"","background-image":"","background-repeat":"repeat","background-position":"center center","background-size":"auto","background-attachment":"scroll","background-type":"","background-media":"","overlay-type":"","overlay-color":"","overlay-opacity":"","overlay-gradient":""}},"ast-content-background-meta":{"desktop":{"background-color":"var(--ast-global-color-5)","background-image":"","background-repeat":"repeat","background-position":"center center","background-size":"auto","background-attachment":"scroll","background-type":"","background-media":"","overlay-type":"","overlay-color":"","overlay-opacity":"","overlay-gradient":""},"tablet":{"background-color":"var(--ast-global-color-5)","background-image":"","background-repeat":"repeat","background-position":"center center","background-size":"auto","background-attachment":"scroll","background-type":"","background-media":"","overlay-type":"","overlay-color":"","overlay-opacity":"","overlay-gradient":""},"mobile":{"background-color":"var(--ast-global-color-5)","background-image":"","background-repeat":"repeat","background-position":"center center","background-size":"auto","background-attachment":"scroll","background-type":"","background-media":"","overlay-type":"","overlay-color":"","overlay-opacity":"","overlay-gradient":""}},"footnotes":""},"class_list":["post-4436","page","type-page","status-publish","hentry"],"yoast_head":"<!-- This site is optimized with the Yoast SEO Premium plugin v27.1 (Yoast SEO v27.3) - https:\/\/yoast.com\/product\/yoast-seo-premium-wordpress\/ -->\n<title>Winkler Gy\u00f6rgyi\u00a0- bemutatkoz\u00f3 - Stroke Neuro Rehab<\/title>\n<meta name=\"description\" content=\"Ismerd meg Winkler Gy\u00f6rgyi, tapasztalt SNR\u00ae\/ARNI tr\u00e9ner\u00fcnket, aki elhivatott a stroke rehabilit\u00e1ci\u00f3j\u00e1ban \u00e9s a betegek t\u00e1mogat\u00e1s\u00e1ban.\" \/>\n<meta name=\"robots\" content=\"index, follow, max-snippet:-1, max-image-preview:large, max-video-preview:-1\" \/>\n<link rel=\"canonical\" href=\"https:\/\/strokeneurorehab.com\/en\/george-winkler\/\" \/>\n<meta property=\"og:locale\" content=\"en_GB\" \/>\n<meta property=\"og:type\" content=\"article\" \/>\n<meta property=\"og:title\" content=\"Winkler Gy\u00f6rgyi\u00a0- bemutatkoz\u00f3 - Stroke Neuro Rehab\" \/>\n<meta property=\"og:description\" content=\"Ismerd meg Winkler Gy\u00f6rgyi, tapasztalt SNR\u00ae\/ARNI tr\u00e9ner\u00fcnket, aki elhivatott a stroke rehabilit\u00e1ci\u00f3j\u00e1ban \u00e9s a betegek t\u00e1mogat\u00e1s\u00e1ban.\" \/>\n<meta property=\"og:url\" content=\"https:\/\/strokeneurorehab.com\/en\/george-winkler\/\" \/>\n<meta property=\"og:site_name\" content=\"Stroke Neuro Rehab\" \/>\n<meta property=\"article:publisher\" content=\"https:\/\/www.facebook.com\/strokeneurorehab\/?locale=hu_HU\" \/>\n<meta property=\"article:modified_time\" content=\"2026-02-20T14:56:45+00:00\" \/>\n<meta property=\"og:image\" content=\"https:\/\/strokeneurorehab.com\/wp-content\/uploads\/2026\/02\/winkler-gyorgyi-1.webp\" \/>\n\t<meta property=\"og:image:width\" content=\"683\" \/>\n\t<meta property=\"og:image:height\" content=\"764\" \/>\n\t<meta property=\"og:image:type\" content=\"image\/webp\" \/>\n<meta name=\"twitter:card\" content=\"summary_large_image\" \/>\n<meta name=\"twitter:description\" content=\"Szem\u00e9lyre szabott stroke rehabilit\u00e1ci\u00f3 ARNI m\u00f3dszerrel, k\u00e9pzett instruktorokt\u00f3l. Seg\u00edt\u00fcnk lek\u00fczdeni az agys\u00e9r\u00fcl\u00e9s k\u00f6vetkezm\u00e9nyeit \u00e9s visszatal\u00e1lni az \u00f6n\u00e1ll\u00f3 \u00e9lethez.\" \/>\n<meta name=\"twitter:label1\" content=\"Estimated reading time\" \/>\n\t<meta name=\"twitter:data1\" content=\"2 minutes\" \/>\n<script type=\"application\/ld+json\" class=\"yoast-schema-graph\">{\"@context\":\"https:\\\/\\\/schema.org\",\"@graph\":[{\"@type\":\"WebPage\",\"@id\":\"https:\\\/\\\/strokeneurorehab.com\\\/winkler-gyorgyi\\\/\",\"url\":\"https:\\\/\\\/strokeneurorehab.com\\\/winkler-gyorgyi\\\/\",\"name\":\"Winkler Gy\u00f6rgyi\u00a0- bemutatkoz\u00f3 - Stroke Neuro Rehab\",\"isPartOf\":{\"@id\":\"https:\\\/\\\/strokeneurorehab.com\\\/en\\\/fooldal-english\\\/#website\"},\"primaryImageOfPage\":{\"@id\":\"https:\\\/\\\/strokeneurorehab.com\\\/winkler-gyorgyi\\\/#primaryimage\"},\"image\":{\"@id\":\"https:\\\/\\\/strokeneurorehab.com\\\/winkler-gyorgyi\\\/#primaryimage\"},\"thumbnailUrl\":\"https:\\\/\\\/strokeneurorehab.com\\\/wp-content\\\/uploads\\\/2026\\\/02\\\/winkler-gyorgyi-1.webp\",\"datePublished\":\"2025-01-12T21:19:20+00:00\",\"dateModified\":\"2026-02-20T14:56:45+00:00\",\"description\":\"Ismerd meg Winkler Gy\u00f6rgyi, tapasztalt SNR\u00ae\\\/ARNI tr\u00e9ner\u00fcnket, aki elhivatott a stroke rehabilit\u00e1ci\u00f3j\u00e1ban \u00e9s a betegek t\u00e1mogat\u00e1s\u00e1ban.\",\"breadcrumb\":{\"@id\":\"https:\\\/\\\/strokeneurorehab.com\\\/winkler-gyorgyi\\\/#breadcrumb\"},\"inLanguage\":\"en-GB\",\"potentialAction\":[{\"@type\":\"ReadAction\",\"target\":[\"https:\\\/\\\/strokeneurorehab.com\\\/winkler-gyorgyi\\\/\"]}]},{\"@type\":\"ImageObject\",\"inLanguage\":\"en-GB\",\"@id\":\"https:\\\/\\\/strokeneurorehab.com\\\/winkler-gyorgyi\\\/#primaryimage\",\"url\":\"https:\\\/\\\/strokeneurorehab.com\\\/wp-content\\\/uploads\\\/2026\\\/02\\\/winkler-gyorgyi-1.webp\",\"contentUrl\":\"https:\\\/\\\/strokeneurorehab.com\\\/wp-content\\\/uploads\\\/2026\\\/02\\\/winkler-gyorgyi-1.webp\"},{\"@type\":\"BreadcrumbList\",\"@id\":\"https:\\\/\\\/strokeneurorehab.com\\\/winkler-gyorgyi\\\/#breadcrumb\",\"itemListElement\":[{\"@type\":\"ListItem\",\"position\":1,\"name\":\"Home\",\"item\":\"https:\\\/\\\/strokeneurorehab.com\\\/\"},{\"@type\":\"ListItem\",\"position\":2,\"name\":\"Winkler Gy\u00f6rgyi\u00a0&#8211; bemutatkoz\u00f3\"}]},{\"@type\":\"WebSite\",\"@id\":\"https:\\\/\\\/strokeneurorehab.com\\\/en\\\/fooldal-english\\\/#website\",\"url\":\"https:\\\/\\\/strokeneurorehab.com\\\/en\\\/fooldal-english\\\/\",\"name\":\"Stroke Neuro Rehab\",\"description\":\"Van \u00e9let a stroke ut\u00e1n.\",\"publisher\":{\"@id\":\"https:\\\/\\\/strokeneurorehab.com\\\/en\\\/fooldal-english\\\/#organization\"},\"potentialAction\":[{\"@type\":\"SearchAction\",\"target\":{\"@type\":\"EntryPoint\",\"urlTemplate\":\"https:\\\/\\\/strokeneurorehab.com\\\/en\\\/fooldal-english\\\/?s={search_term_string}\"},\"query-input\":{\"@type\":\"PropertyValueSpecification\",\"valueRequired\":true,\"valueName\":\"search_term_string\"}}],\"inLanguage\":\"en-GB\"},{\"@type\":\"Organization\",\"@id\":\"https:\\\/\\\/strokeneurorehab.com\\\/en\\\/fooldal-english\\\/#organization\",\"name\":\"Stroke Neuro Rehab Kft.\",\"url\":\"https:\\\/\\\/strokeneurorehab.com\\\/en\\\/fooldal-english\\\/\",\"logo\":{\"@type\":\"ImageObject\",\"inLanguage\":\"en-GB\",\"@id\":\"https:\\\/\\\/strokeneurorehab.com\\\/en\\\/fooldal-english\\\/#\\\/schema\\\/logo\\\/image\\\/\",\"url\":\"https:\\\/\\\/strokeneurorehab.com\\\/wp-content\\\/uploads\\\/2024\\\/12\\\/Nevtelen-terv-54.png\",\"contentUrl\":\"https:\\\/\\\/strokeneurorehab.com\\\/wp-content\\\/uploads\\\/2024\\\/12\\\/Nevtelen-terv-54.png\",\"width\":1563,\"height\":1563,\"caption\":\"Stroke Neuro Rehab Kft.\"},\"image\":{\"@id\":\"https:\\\/\\\/strokeneurorehab.com\\\/en\\\/fooldal-english\\\/#\\\/schema\\\/logo\\\/image\\\/\"},\"sameAs\":[\"https:\\\/\\\/www.facebook.com\\\/strokeneurorehab\\\/?locale=hu_HU\",\"https:\\\/\\\/www.instagram.com\\\/stroke_neuro_rehab\\\/\",\"https:\\\/\\\/www.tiktok.com\\\/@stroke_neuro_rehab\"]}]}<\/script>\n<!-- \/ Yoast SEO Premium plugin. -->","yoast_head_json":{"title":"Gy\u00f6rgyi Winkler - introduction - Stroke Neuro Rehab","description":"Ismerd meg Winkler Gy\u00f6rgyi, tapasztalt SNR\u00ae\/ARNI tr\u00e9ner\u00fcnket, aki elhivatott a stroke rehabilit\u00e1ci\u00f3j\u00e1ban \u00e9s a betegek t\u00e1mogat\u00e1s\u00e1ban.","robots":{"index":"index","follow":"follow","max-snippet":"max-snippet:-1","max-image-preview":"max-image-preview:large","max-video-preview":"max-video-preview:-1"},"canonical":"https:\/\/strokeneurorehab.com\/en\/george-winkler\/","og_locale":"en_GB","og_type":"article","og_title":"Winkler Gy\u00f6rgyi\u00a0- bemutatkoz\u00f3 - Stroke Neuro Rehab","og_description":"Ismerd meg Winkler Gy\u00f6rgyi, tapasztalt SNR\u00ae\/ARNI tr\u00e9ner\u00fcnket, aki elhivatott a stroke rehabilit\u00e1ci\u00f3j\u00e1ban \u00e9s a betegek t\u00e1mogat\u00e1s\u00e1ban.","og_url":"https:\/\/strokeneurorehab.com\/en\/george-winkler\/","og_site_name":"Stroke Neuro Rehab","article_publisher":"https:\/\/www.facebook.com\/strokeneurorehab\/?locale=hu_HU","article_modified_time":"2026-02-20T14:56:45+00:00","og_image":[{"width":683,"height":764,"url":"https:\/\/strokeneurorehab.com\/wp-content\/uploads\/2026\/02\/winkler-gyorgyi-1.webp","type":"image\/webp"}],"twitter_card":"summary_large_image","twitter_description":"Szem\u00e9lyre szabott stroke rehabilit\u00e1ci\u00f3 ARNI m\u00f3dszerrel, k\u00e9pzett instruktorokt\u00f3l. Seg\u00edt\u00fcnk lek\u00fczdeni az agys\u00e9r\u00fcl\u00e9s k\u00f6vetkezm\u00e9nyeit \u00e9s visszatal\u00e1lni az \u00f6n\u00e1ll\u00f3 \u00e9lethez.","twitter_misc":{"Estimated reading time":"2 minutes"},"schema":{"@context":"https:\/\/schema.org","@graph":[{"@type":"WebPage","@id":"https:\/\/strokeneurorehab.com\/winkler-gyorgyi\/","url":"https:\/\/strokeneurorehab.com\/winkler-gyorgyi\/","name":"Gy\u00f6rgyi Winkler - introduction - Stroke Neuro Rehab","isPartOf":{"@id":"https:\/\/strokeneurorehab.com\/en\/fooldal-english\/#website"},"primaryImageOfPage":{"@id":"https:\/\/strokeneurorehab.com\/winkler-gyorgyi\/#primaryimage"},"image":{"@id":"https:\/\/strokeneurorehab.com\/winkler-gyorgyi\/#primaryimage"},"thumbnailUrl":"https:\/\/strokeneurorehab.com\/wp-content\/uploads\/2026\/02\/winkler-gyorgyi-1.webp","datePublished":"2025-01-12T21:19:20+00:00","dateModified":"2026-02-20T14:56:45+00:00","description":"Ismerd meg Winkler Gy\u00f6rgyi, tapasztalt SNR\u00ae\/ARNI tr\u00e9ner\u00fcnket, aki elhivatott a stroke rehabilit\u00e1ci\u00f3j\u00e1ban \u00e9s a betegek t\u00e1mogat\u00e1s\u00e1ban.","breadcrumb":{"@id":"https:\/\/strokeneurorehab.com\/winkler-gyorgyi\/#breadcrumb"},"inLanguage":"en-GB","potentialAction":[{"@type":"ReadAction","target":["https:\/\/strokeneurorehab.com\/winkler-gyorgyi\/"]}]},{"@type":"ImageObject","inLanguage":"en-GB","@id":"https:\/\/strokeneurorehab.com\/winkler-gyorgyi\/#primaryimage","url":"https:\/\/strokeneurorehab.com\/wp-content\/uploads\/2026\/02\/winkler-gyorgyi-1.webp","contentUrl":"https:\/\/strokeneurorehab.com\/wp-content\/uploads\/2026\/02\/winkler-gyorgyi-1.webp"},{"@type":"BreadcrumbList","@id":"https:\/\/strokeneurorehab.com\/winkler-gyorgyi\/#breadcrumb","itemListElement":[{"@type":"ListItem","position":1,"name":"Home","item":"https:\/\/strokeneurorehab.com\/"},{"@type":"ListItem","position":2,"name":"Winkler Gy\u00f6rgyi\u00a0&#8211; bemutatkoz\u00f3"}]},{"@type":"WebSite","@id":"https:\/\/strokeneurorehab.com\/en\/fooldal-english\/#website","url":"https:\/\/strokeneurorehab.com\/en\/fooldal-english\/","name":"Stroke Neuro Rehab","description":"There is life after stroke.","publisher":{"@id":"https:\/\/strokeneurorehab.com\/en\/fooldal-english\/#organization"},"potentialAction":[{"@type":"SearchAction","target":{"@type":"EntryPoint","urlTemplate":"https:\/\/strokeneurorehab.com\/en\/fooldal-english\/?s={search_term_string}"},"query-input":{"@type":"PropertyValueSpecification","valueRequired":true,"valueName":"search_term_string"}}],"inLanguage":"en-GB"},{"@type":"Organization","@id":"https:\/\/strokeneurorehab.com\/en\/fooldal-english\/#organization","name":"Stroke Neuro Rehab Ltd.","url":"https:\/\/strokeneurorehab.com\/en\/fooldal-english\/","logo":{"@type":"ImageObject","inLanguage":"en-GB","@id":"https:\/\/strokeneurorehab.com\/en\/fooldal-english\/#\/schema\/logo\/image\/","url":"https:\/\/strokeneurorehab.com\/wp-content\/uploads\/2024\/12\/Nevtelen-terv-54.png","contentUrl":"https:\/\/strokeneurorehab.com\/wp-content\/uploads\/2024\/12\/Nevtelen-terv-54.png","width":1563,"height":1563,"caption":"Stroke Neuro Rehab Kft."},"image":{"@id":"https:\/\/strokeneurorehab.com\/en\/fooldal-english\/#\/schema\/logo\/image\/"},"sameAs":["https:\/\/www.facebook.com\/strokeneurorehab\/?locale=hu_HU","https:\/\/www.instagram.com\/stroke_neuro_rehab\/","https:\/\/www.tiktok.com\/@stroke_neuro_rehab"]}]}},"_links":{"self":[{"href":"https:\/\/strokeneurorehab.com\/en\/wp-json\/wp\/v2\/pages\/4436","targetHints":{"allow":["GET"]}}],"collection":[{"href":"https:\/\/strokeneurorehab.com\/en\/wp-json\/wp\/v2\/pages"}],"about":[{"href":"https:\/\/strokeneurorehab.com\/en\/wp-json\/wp\/v2\/types\/page"}],"author":[{"embeddable":true,"href":"https:\/\/strokeneurorehab.com\/en\/wp-json\/wp\/v2\/users\/1"}],"replies":[{"embeddable":true,"href":"https:\/\/strokeneurorehab.com\/en\/wp-json\/wp\/v2\/comments?post=4436"}],"version-history":[{"count":0,"href":"https:\/\/strokeneurorehab.com\/en\/wp-json\/wp\/v2\/pages\/4436\/revisions"}],"wp:attachment":[{"href":"https:\/\/strokeneurorehab.com\/en\/wp-json\/wp\/v2\/media?parent=4436"}],"curies":[{"name":"wp","href":"https:\/\/api.w.org\/{rel}","templated":true}]}}