{"id":4542,"date":"2025-01-12T23:06:35","date_gmt":"2025-01-12T23:06:35","guid":{"rendered":"https:\/\/strokeneurorehab.com\/?page_id=4542"},"modified":"2026-02-20T13:40:40","modified_gmt":"2026-02-20T11:40:40","slug":"petra-toth-viszlay","status":"publish","type":"page","link":"https:\/\/strokeneurorehab.com\/en\/toth-viszlay-petra\/","title":{"rendered":"Petra T\u00f3th-Viszlay \u2013 introduction"},"content":{"rendered":"<div data-elementor-type=\"wp-page\" data-elementor-id=\"4542\" class=\"elementor elementor-4542\" data-elementor-settings=\"{&quot;ha_cmc_init_switcher&quot;:&quot;no&quot;}\" data-elementor-post-type=\"page\">\n\t\t\t\t<div class=\"elementor-element elementor-element-5bc63e9 e-flex e-con-boxed e-con e-parent\" data-id=\"5bc63e9\" data-element_type=\"container\" data-e-type=\"container\" data-settings=\"{&quot;_ha_eqh_enable&quot;:false}\">\n\t\t\t\t\t<div class=\"e-con-inner\">\n\t\t\t\t<div class=\"elementor-element elementor-element-695120d elementor-widget elementor-widget-heading\" data-id=\"695120d\" data-element_type=\"widget\" data-e-type=\"widget\" data-widget_type=\"heading.default\">\n\t\t\t\t<div class=\"elementor-widget-container\">\n\t\t\t\t\t<h2 class=\"elementor-heading-title elementor-size-default\">Petra T\u00f3th-Viszlay\n<\/h2>\t\t\t\t<\/div>\n\t\t\t\t<\/div>\n\t\t\t\t<div class=\"elementor-element elementor-element-93cfe57 elementor-widget elementor-widget-text-editor\" data-id=\"93cfe57\" data-element_type=\"widget\" data-e-type=\"widget\" data-widget_type=\"text-editor.default\">\n\t\t\t\t<div class=\"elementor-widget-container\">\n\t\t\t\t\t\t\t\t\tManaging Director\t\t\t\t\t\t\t\t<\/div>\n\t\t\t\t<\/div>\n\t\t\t\t\t<\/div>\n\t\t\t\t<\/div>\n\t\t<div class=\"elementor-element elementor-element-d62c516 e-flex e-con-boxed e-con e-parent\" data-id=\"d62c516\" data-element_type=\"container\" data-e-type=\"container\" data-settings=\"{&quot;background_background&quot;:&quot;classic&quot;,&quot;_ha_eqh_enable&quot;:false}\">\n\t\t\t\t\t<div class=\"e-con-inner\">\n\t\t<div class=\"elementor-element elementor-element-0872233 e-con-full e-flex e-con e-child\" data-id=\"0872233\" data-element_type=\"container\" data-e-type=\"container\" data-settings=\"{&quot;background_background&quot;:&quot;classic&quot;,&quot;_ha_eqh_enable&quot;:false}\">\n\t\t\t\t<div class=\"elementor-element elementor-element-73f5115 elementor-widget elementor-widget-image\" data-id=\"73f5115\" data-element_type=\"widget\" data-e-type=\"widget\" data-widget_type=\"image.default\">\n\t\t\t\t<div class=\"elementor-widget-container\">\n\t\t\t\t\t\t\t\t\t\t\t\t\t\t\t<img fetchpriority=\"high\" decoding=\"async\" width=\"683\" height=\"764\" src=\"https:\/\/strokeneurorehab.com\/wp-content\/uploads\/2026\/02\/viszlay-petra-nagy.webp\" class=\"attachment-large size-large wp-image-8091\" alt=\"\" srcset=\"https:\/\/strokeneurorehab.com\/wp-content\/uploads\/2026\/02\/viszlay-petra-nagy.webp 683w, https:\/\/strokeneurorehab.com\/wp-content\/uploads\/2026\/02\/viszlay-petra-nagy-268x300.webp 268w, https:\/\/strokeneurorehab.com\/wp-content\/uploads\/2026\/02\/viszlay-petra-nagy-11x12.webp 11w, https:\/\/strokeneurorehab.com\/wp-content\/uploads\/2026\/02\/viszlay-petra-nagy-600x671.webp 600w\" sizes=\"(max-width: 683px) 100vw, 683px\" \/>\t\t\t\t\t\t\t\t\t\t\t\t\t\t\t<\/div>\n\t\t\t\t<\/div>\n\t\t\t\t<\/div>\n\t\t<div class=\"elementor-element elementor-element-0c4633a e-con-full e-flex e-con e-child\" data-id=\"0c4633a\" data-element_type=\"container\" data-e-type=\"container\" data-settings=\"{&quot;background_background&quot;:&quot;classic&quot;,&quot;_ha_eqh_enable&quot;:false}\">\n\t\t\t\t<div class=\"elementor-element elementor-element-fc80dc6 elementor-widget elementor-widget-text-editor\" data-id=\"fc80dc6\" data-element_type=\"widget\" data-e-type=\"widget\" data-widget_type=\"text-editor.default\">\n\t\t\t\t<div class=\"elementor-widget-container\">\n\t\t\t\t\t\t\t\t\tI am Petra T\u00f3th-Viszlay, the CEO of Stroke Neuro Rehab Ltd. I graduated from Kodol\u00e1nyi J\u00e1nos University in 2013 as an economist. Since its founding, I have been managing the company&#039;s full range of administrative and organizational tasks.<br>\n<br>\nI am the first point of contact for those affected and their relatives, and I help with information and reservations for out-of-home, in-home, and residential care.<br>\n<br>It is a great pleasure for me to be able to work with a unique rehabilitation method that is unique in Hungary and can be used exclusively by Stroke Neuro Rehab Ltd.<br>\n<br>My goal is to provide as detailed and comprehensive information as possible to all interested parties and to find a solution that meets their individual needs.<br>\n<br>From 2014, I lived and worked in London for 6 years as a patient coordinator, which gave me the opportunity to gain experience in mastering communication channels, developing my problem-solving skills, and organizational skills.<br>\n<br>I try to incorporate these into my daily work as a leader and to bring together this super team with the owner Gabriella P\u00e1sztor, which forms Stroke Neuro Rehab Ltd.\t\t\t\t\t\t\t\t<\/div>\n\t\t\t\t<\/div>\n\t\t\t\t<\/div>\n\t\t\t\t\t<\/div>\n\t\t\t\t<\/div>\n\t\t\t\t<\/div>","protected":false},"excerpt":{"rendered":"<p>T\u00f3th &#8211; Viszlay Petra \u00dcgyvezet\u0151 Igazgat\u00f3 T\u00f3th -Viszlay Petra vagyok a Stroke Neuro Rehab Kft \u00fcgyvezet\u0151je. 2013-ban, k\u00f6zgazd\u00e1szk\u00e9nt v\u00e9geztem a [&hellip;]<\/p>\n","protected":false},"author":1,"featured_media":0,"parent":0,"menu_order":0,"comment_status":"closed","ping_status":"closed","template":"","meta":{"site-sidebar-layout":"no-sidebar","site-content-layout":"page-builder","ast-site-content-layout":"full-width-container","site-content-style":"default","site-sidebar-style":"default","ast-global-header-display":"","ast-banner-title-visibility":"","ast-main-header-display":"","ast-hfb-above-header-display":"","ast-hfb-below-header-display":"","ast-hfb-mobile-header-display":"","site-post-title":"disabled","ast-breadcrumbs-content":"","ast-featured-img":"disabled","footer-sml-layout":"","ast-disable-related-posts":"","theme-transparent-header-meta":"","adv-header-id-meta":"","stick-header-meta":"","header-above-stick-meta":"","header-main-stick-meta":"","header-below-stick-meta":"","astra-migrate-meta-layouts":"set","ast-page-background-enabled":"default","ast-page-background-meta":{"desktop":{"background-color":"var(--ast-global-color-4)","background-image":"","background-repeat":"repeat","background-position":"center center","background-size":"auto","background-attachment":"scroll","background-type":"","background-media":"","overlay-type":"","overlay-color":"","overlay-opacity":"","overlay-gradient":""},"tablet":{"background-color":"","background-image":"","background-repeat":"repeat","background-position":"center center","background-size":"auto","background-attachment":"scroll","background-type":"","background-media":"","overlay-type":"","overlay-color":"","overlay-opacity":"","overlay-gradient":""},"mobile":{"background-color":"","background-image":"","background-repeat":"repeat","background-position":"center center","background-size":"auto","background-attachment":"scroll","background-type":"","background-media":"","overlay-type":"","overlay-color":"","overlay-opacity":"","overlay-gradient":""}},"ast-content-background-meta":{"desktop":{"background-color":"var(--ast-global-color-5)","background-image":"","background-repeat":"repeat","background-position":"center center","background-size":"auto","background-attachment":"scroll","background-type":"","background-media":"","overlay-type":"","overlay-color":"","overlay-opacity":"","overlay-gradient":""},"tablet":{"background-color":"var(--ast-global-color-5)","background-image":"","background-repeat":"repeat","background-position":"center center","background-size":"auto","background-attachment":"scroll","background-type":"","background-media":"","overlay-type":"","overlay-color":"","overlay-opacity":"","overlay-gradient":""},"mobile":{"background-color":"var(--ast-global-color-5)","background-image":"","background-repeat":"repeat","background-position":"center center","background-size":"auto","background-attachment":"scroll","background-type":"","background-media":"","overlay-type":"","overlay-color":"","overlay-opacity":"","overlay-gradient":""}},"footnotes":""},"class_list":["post-4542","page","type-page","status-publish","hentry"],"yoast_head":"<!-- This site is optimized with the Yoast SEO Premium plugin v27.1 (Yoast SEO v27.3) - https:\/\/yoast.com\/product\/yoast-seo-premium-wordpress\/ -->\n<title>T\u00f3th-Viszlay Petra\u00a0 - bemutatkoz\u00f3 - Stroke Neuro Rehab<\/title>\n<meta name=\"description\" content=\"Ismerd meg T\u00f3th\u2011Viszlay Petr\u00e1t, a Stroke Neuro Rehab\u00ae \u00fcgyvezet\u0151 igazgat\u00f3j\u00e1t, aki elhivatott vezet\u0151k\u00e9nt ir\u00e1ny\u00edtja rehabilit\u00e1ci\u00f3s k\u00f6zpontunkat.\" \/>\n<meta name=\"robots\" content=\"index, follow, max-snippet:-1, max-image-preview:large, max-video-preview:-1\" \/>\n<link rel=\"canonical\" href=\"https:\/\/strokeneurorehab.com\/en\/petra-toth-viszlay\/\" \/>\n<meta property=\"og:locale\" content=\"en_GB\" \/>\n<meta property=\"og:type\" content=\"article\" \/>\n<meta property=\"og:title\" content=\"T\u00f3th-Viszlay Petra\u00a0 - bemutatkoz\u00f3 - Stroke Neuro Rehab\" \/>\n<meta property=\"og:description\" content=\"Ismerd meg T\u00f3th\u2011Viszlay Petr\u00e1t, a Stroke Neuro Rehab\u00ae \u00fcgyvezet\u0151 igazgat\u00f3j\u00e1t, aki elhivatott vezet\u0151k\u00e9nt ir\u00e1ny\u00edtja rehabilit\u00e1ci\u00f3s k\u00f6zpontunkat.\" \/>\n<meta property=\"og:url\" content=\"https:\/\/strokeneurorehab.com\/en\/petra-toth-viszlay\/\" \/>\n<meta property=\"og:site_name\" content=\"Stroke Neuro Rehab\" \/>\n<meta property=\"article:publisher\" content=\"https:\/\/www.facebook.com\/strokeneurorehab\/?locale=hu_HU\" \/>\n<meta property=\"article:modified_time\" content=\"2026-02-20T11:40:40+00:00\" \/>\n<meta property=\"og:image\" content=\"https:\/\/strokeneurorehab.com\/wp-content\/uploads\/2026\/02\/viszlay-petra-nagy.webp\" \/>\n\t<meta property=\"og:image:width\" content=\"683\" \/>\n\t<meta property=\"og:image:height\" content=\"764\" \/>\n\t<meta property=\"og:image:type\" content=\"image\/webp\" \/>\n<meta name=\"twitter:card\" content=\"summary_large_image\" \/>\n<meta name=\"twitter:description\" content=\"Szem\u00e9lyre szabott stroke rehabilit\u00e1ci\u00f3 ARNI m\u00f3dszerrel, k\u00e9pzett instruktorokt\u00f3l. Seg\u00edt\u00fcnk lek\u00fczdeni az agys\u00e9r\u00fcl\u00e9s k\u00f6vetkezm\u00e9nyeit \u00e9s visszatal\u00e1lni az \u00f6n\u00e1ll\u00f3 \u00e9lethez.\" \/>\n<meta name=\"twitter:label1\" content=\"Estimated reading time\" \/>\n\t<meta name=\"twitter:data1\" content=\"2 minutes\" \/>\n<script type=\"application\/ld+json\" class=\"yoast-schema-graph\">{\"@context\":\"https:\\\/\\\/schema.org\",\"@graph\":[{\"@type\":\"WebPage\",\"@id\":\"https:\\\/\\\/strokeneurorehab.com\\\/toth-viszlay-petra\\\/\",\"url\":\"https:\\\/\\\/strokeneurorehab.com\\\/toth-viszlay-petra\\\/\",\"name\":\"T\u00f3th-Viszlay Petra\u00a0 - bemutatkoz\u00f3 - Stroke Neuro Rehab\",\"isPartOf\":{\"@id\":\"https:\\\/\\\/strokeneurorehab.com\\\/en\\\/fooldal-english\\\/#website\"},\"primaryImageOfPage\":{\"@id\":\"https:\\\/\\\/strokeneurorehab.com\\\/toth-viszlay-petra\\\/#primaryimage\"},\"image\":{\"@id\":\"https:\\\/\\\/strokeneurorehab.com\\\/toth-viszlay-petra\\\/#primaryimage\"},\"thumbnailUrl\":\"https:\\\/\\\/strokeneurorehab.com\\\/wp-content\\\/uploads\\\/2026\\\/02\\\/viszlay-petra-nagy.webp\",\"datePublished\":\"2025-01-12T23:06:35+00:00\",\"dateModified\":\"2026-02-20T11:40:40+00:00\",\"description\":\"Ismerd meg T\u00f3th\u2011Viszlay Petr\u00e1t, a Stroke Neuro Rehab\u00ae \u00fcgyvezet\u0151 igazgat\u00f3j\u00e1t, aki elhivatott vezet\u0151k\u00e9nt ir\u00e1ny\u00edtja rehabilit\u00e1ci\u00f3s k\u00f6zpontunkat.\",\"breadcrumb\":{\"@id\":\"https:\\\/\\\/strokeneurorehab.com\\\/toth-viszlay-petra\\\/#breadcrumb\"},\"inLanguage\":\"en-GB\",\"potentialAction\":[{\"@type\":\"ReadAction\",\"target\":[\"https:\\\/\\\/strokeneurorehab.com\\\/toth-viszlay-petra\\\/\"]}]},{\"@type\":\"ImageObject\",\"inLanguage\":\"en-GB\",\"@id\":\"https:\\\/\\\/strokeneurorehab.com\\\/toth-viszlay-petra\\\/#primaryimage\",\"url\":\"https:\\\/\\\/strokeneurorehab.com\\\/wp-content\\\/uploads\\\/2026\\\/02\\\/viszlay-petra-nagy.webp\",\"contentUrl\":\"https:\\\/\\\/strokeneurorehab.com\\\/wp-content\\\/uploads\\\/2026\\\/02\\\/viszlay-petra-nagy.webp\"},{\"@type\":\"BreadcrumbList\",\"@id\":\"https:\\\/\\\/strokeneurorehab.com\\\/toth-viszlay-petra\\\/#breadcrumb\",\"itemListElement\":[{\"@type\":\"ListItem\",\"position\":1,\"name\":\"Home\",\"item\":\"https:\\\/\\\/strokeneurorehab.com\\\/\"},{\"@type\":\"ListItem\",\"position\":2,\"name\":\"T\u00f3th-Viszlay Petra\u00a0 &#8211; bemutatkoz\u00f3\"}]},{\"@type\":\"WebSite\",\"@id\":\"https:\\\/\\\/strokeneurorehab.com\\\/en\\\/fooldal-english\\\/#website\",\"url\":\"https:\\\/\\\/strokeneurorehab.com\\\/en\\\/fooldal-english\\\/\",\"name\":\"Stroke Neuro Rehab\",\"description\":\"Van \u00e9let a stroke ut\u00e1n.\",\"publisher\":{\"@id\":\"https:\\\/\\\/strokeneurorehab.com\\\/en\\\/fooldal-english\\\/#organization\"},\"potentialAction\":[{\"@type\":\"SearchAction\",\"target\":{\"@type\":\"EntryPoint\",\"urlTemplate\":\"https:\\\/\\\/strokeneurorehab.com\\\/en\\\/fooldal-english\\\/?s={search_term_string}\"},\"query-input\":{\"@type\":\"PropertyValueSpecification\",\"valueRequired\":true,\"valueName\":\"search_term_string\"}}],\"inLanguage\":\"en-GB\"},{\"@type\":\"Organization\",\"@id\":\"https:\\\/\\\/strokeneurorehab.com\\\/en\\\/fooldal-english\\\/#organization\",\"name\":\"Stroke Neuro Rehab Kft.\",\"url\":\"https:\\\/\\\/strokeneurorehab.com\\\/en\\\/fooldal-english\\\/\",\"logo\":{\"@type\":\"ImageObject\",\"inLanguage\":\"en-GB\",\"@id\":\"https:\\\/\\\/strokeneurorehab.com\\\/en\\\/fooldal-english\\\/#\\\/schema\\\/logo\\\/image\\\/\",\"url\":\"https:\\\/\\\/strokeneurorehab.com\\\/wp-content\\\/uploads\\\/2024\\\/12\\\/Nevtelen-terv-54.png\",\"contentUrl\":\"https:\\\/\\\/strokeneurorehab.com\\\/wp-content\\\/uploads\\\/2024\\\/12\\\/Nevtelen-terv-54.png\",\"width\":1563,\"height\":1563,\"caption\":\"Stroke Neuro Rehab Kft.\"},\"image\":{\"@id\":\"https:\\\/\\\/strokeneurorehab.com\\\/en\\\/fooldal-english\\\/#\\\/schema\\\/logo\\\/image\\\/\"},\"sameAs\":[\"https:\\\/\\\/www.facebook.com\\\/strokeneurorehab\\\/?locale=hu_HU\",\"https:\\\/\\\/www.instagram.com\\\/stroke_neuro_rehab\\\/\",\"https:\\\/\\\/www.tiktok.com\\\/@stroke_neuro_rehab\"]}]}<\/script>\n<!-- \/ Yoast SEO Premium plugin. -->","yoast_head_json":{"title":"Petra T\u00f3th-Viszlay - introduction - Stroke Neuro Rehab","description":"Ismerd meg T\u00f3th\u2011Viszlay Petr\u00e1t, a Stroke Neuro Rehab\u00ae \u00fcgyvezet\u0151 igazgat\u00f3j\u00e1t, aki elhivatott vezet\u0151k\u00e9nt ir\u00e1ny\u00edtja rehabilit\u00e1ci\u00f3s k\u00f6zpontunkat.","robots":{"index":"index","follow":"follow","max-snippet":"max-snippet:-1","max-image-preview":"max-image-preview:large","max-video-preview":"max-video-preview:-1"},"canonical":"https:\/\/strokeneurorehab.com\/en\/petra-toth-viszlay\/","og_locale":"en_GB","og_type":"article","og_title":"T\u00f3th-Viszlay Petra\u00a0 - bemutatkoz\u00f3 - Stroke Neuro Rehab","og_description":"Ismerd meg T\u00f3th\u2011Viszlay Petr\u00e1t, a Stroke Neuro Rehab\u00ae \u00fcgyvezet\u0151 igazgat\u00f3j\u00e1t, aki elhivatott vezet\u0151k\u00e9nt ir\u00e1ny\u00edtja rehabilit\u00e1ci\u00f3s k\u00f6zpontunkat.","og_url":"https:\/\/strokeneurorehab.com\/en\/petra-toth-viszlay\/","og_site_name":"Stroke Neuro Rehab","article_publisher":"https:\/\/www.facebook.com\/strokeneurorehab\/?locale=hu_HU","article_modified_time":"2026-02-20T11:40:40+00:00","og_image":[{"width":683,"height":764,"url":"https:\/\/strokeneurorehab.com\/wp-content\/uploads\/2026\/02\/viszlay-petra-nagy.webp","type":"image\/webp"}],"twitter_card":"summary_large_image","twitter_description":"Szem\u00e9lyre szabott stroke rehabilit\u00e1ci\u00f3 ARNI m\u00f3dszerrel, k\u00e9pzett instruktorokt\u00f3l. Seg\u00edt\u00fcnk lek\u00fczdeni az agys\u00e9r\u00fcl\u00e9s k\u00f6vetkezm\u00e9nyeit \u00e9s visszatal\u00e1lni az \u00f6n\u00e1ll\u00f3 \u00e9lethez.","twitter_misc":{"Estimated reading time":"2 minutes"},"schema":{"@context":"https:\/\/schema.org","@graph":[{"@type":"WebPage","@id":"https:\/\/strokeneurorehab.com\/toth-viszlay-petra\/","url":"https:\/\/strokeneurorehab.com\/toth-viszlay-petra\/","name":"Petra T\u00f3th-Viszlay - introduction - Stroke Neuro Rehab","isPartOf":{"@id":"https:\/\/strokeneurorehab.com\/en\/fooldal-english\/#website"},"primaryImageOfPage":{"@id":"https:\/\/strokeneurorehab.com\/toth-viszlay-petra\/#primaryimage"},"image":{"@id":"https:\/\/strokeneurorehab.com\/toth-viszlay-petra\/#primaryimage"},"thumbnailUrl":"https:\/\/strokeneurorehab.com\/wp-content\/uploads\/2026\/02\/viszlay-petra-nagy.webp","datePublished":"2025-01-12T23:06:35+00:00","dateModified":"2026-02-20T11:40:40+00:00","description":"Ismerd meg T\u00f3th\u2011Viszlay Petr\u00e1t, a Stroke Neuro Rehab\u00ae \u00fcgyvezet\u0151 igazgat\u00f3j\u00e1t, aki elhivatott vezet\u0151k\u00e9nt ir\u00e1ny\u00edtja rehabilit\u00e1ci\u00f3s k\u00f6zpontunkat.","breadcrumb":{"@id":"https:\/\/strokeneurorehab.com\/toth-viszlay-petra\/#breadcrumb"},"inLanguage":"en-GB","potentialAction":[{"@type":"ReadAction","target":["https:\/\/strokeneurorehab.com\/toth-viszlay-petra\/"]}]},{"@type":"ImageObject","inLanguage":"en-GB","@id":"https:\/\/strokeneurorehab.com\/toth-viszlay-petra\/#primaryimage","url":"https:\/\/strokeneurorehab.com\/wp-content\/uploads\/2026\/02\/viszlay-petra-nagy.webp","contentUrl":"https:\/\/strokeneurorehab.com\/wp-content\/uploads\/2026\/02\/viszlay-petra-nagy.webp"},{"@type":"BreadcrumbList","@id":"https:\/\/strokeneurorehab.com\/toth-viszlay-petra\/#breadcrumb","itemListElement":[{"@type":"ListItem","position":1,"name":"Home","item":"https:\/\/strokeneurorehab.com\/"},{"@type":"ListItem","position":2,"name":"T\u00f3th-Viszlay Petra\u00a0 &#8211; bemutatkoz\u00f3"}]},{"@type":"WebSite","@id":"https:\/\/strokeneurorehab.com\/en\/fooldal-english\/#website","url":"https:\/\/strokeneurorehab.com\/en\/fooldal-english\/","name":"Stroke Neuro Rehab","description":"There is life after stroke.","publisher":{"@id":"https:\/\/strokeneurorehab.com\/en\/fooldal-english\/#organization"},"potentialAction":[{"@type":"SearchAction","target":{"@type":"EntryPoint","urlTemplate":"https:\/\/strokeneurorehab.com\/en\/fooldal-english\/?s={search_term_string}"},"query-input":{"@type":"PropertyValueSpecification","valueRequired":true,"valueName":"search_term_string"}}],"inLanguage":"en-GB"},{"@type":"Organization","@id":"https:\/\/strokeneurorehab.com\/en\/fooldal-english\/#organization","name":"Stroke Neuro Rehab Ltd.","url":"https:\/\/strokeneurorehab.com\/en\/fooldal-english\/","logo":{"@type":"ImageObject","inLanguage":"en-GB","@id":"https:\/\/strokeneurorehab.com\/en\/fooldal-english\/#\/schema\/logo\/image\/","url":"https:\/\/strokeneurorehab.com\/wp-content\/uploads\/2024\/12\/Nevtelen-terv-54.png","contentUrl":"https:\/\/strokeneurorehab.com\/wp-content\/uploads\/2024\/12\/Nevtelen-terv-54.png","width":1563,"height":1563,"caption":"Stroke Neuro Rehab Kft."},"image":{"@id":"https:\/\/strokeneurorehab.com\/en\/fooldal-english\/#\/schema\/logo\/image\/"},"sameAs":["https:\/\/www.facebook.com\/strokeneurorehab\/?locale=hu_HU","https:\/\/www.instagram.com\/stroke_neuro_rehab\/","https:\/\/www.tiktok.com\/@stroke_neuro_rehab"]}]}},"_links":{"self":[{"href":"https:\/\/strokeneurorehab.com\/en\/wp-json\/wp\/v2\/pages\/4542","targetHints":{"allow":["GET"]}}],"collection":[{"href":"https:\/\/strokeneurorehab.com\/en\/wp-json\/wp\/v2\/pages"}],"about":[{"href":"https:\/\/strokeneurorehab.com\/en\/wp-json\/wp\/v2\/types\/page"}],"author":[{"embeddable":true,"href":"https:\/\/strokeneurorehab.com\/en\/wp-json\/wp\/v2\/users\/1"}],"replies":[{"embeddable":true,"href":"https:\/\/strokeneurorehab.com\/en\/wp-json\/wp\/v2\/comments?post=4542"}],"version-history":[{"count":0,"href":"https:\/\/strokeneurorehab.com\/en\/wp-json\/wp\/v2\/pages\/4542\/revisions"}],"wp:attachment":[{"href":"https:\/\/strokeneurorehab.com\/en\/wp-json\/wp\/v2\/media?parent=4542"}],"curies":[{"name":"wp","href":"https:\/\/api.w.org\/{rel}","templated":true}]}}