{"id":4559,"date":"2025-01-12T23:21:14","date_gmt":"2025-01-12T23:21:14","guid":{"rendered":"https:\/\/strokeneurorehab.com\/?page_id=4559"},"modified":"2026-02-20T18:27:56","modified_gmt":"2026-02-20T16:27:56","slug":"pella-mandula","status":"publish","type":"page","link":"https:\/\/strokeneurorehab.com\/en\/pella-mandula\/","title":{"rendered":"Pella Mandula\u00a0 &#8211; bemutatkoz\u00f3"},"content":{"rendered":"<div data-elementor-type=\"wp-page\" data-elementor-id=\"4559\" class=\"elementor elementor-4559\" data-elementor-settings=\"{&quot;ha_cmc_init_switcher&quot;:&quot;no&quot;}\" data-elementor-post-type=\"page\">\n\t\t\t\t<div class=\"elementor-element elementor-element-08d2a93 e-flex e-con-boxed e-con e-parent\" data-id=\"08d2a93\" data-element_type=\"container\" data-e-type=\"container\" data-settings=\"{&quot;_ha_eqh_enable&quot;:false}\">\n\t\t\t\t\t<div class=\"e-con-inner\">\n\t\t\t\t<div class=\"elementor-element elementor-element-8a87f62 elementor-widget elementor-widget-heading\" data-id=\"8a87f62\" data-element_type=\"widget\" data-e-type=\"widget\" data-widget_type=\"heading.default\">\n\t\t\t\t<div class=\"elementor-widget-container\">\n\t\t\t\t\t<h2 class=\"elementor-heading-title elementor-size-default\">Pella Mandula<\/h2>\t\t\t\t<\/div>\n\t\t\t\t<\/div>\n\t\t\t\t<div class=\"elementor-element elementor-element-247094c elementor-widget elementor-widget-text-editor\" data-id=\"247094c\" data-element_type=\"widget\" data-e-type=\"widget\" data-widget_type=\"text-editor.default\">\n\t\t\t\t<div class=\"elementor-widget-container\">\n\t\t\t\t\t\t\t\t\tPhysiotherapist\t\t\t\t\t\t\t\t<\/div>\n\t\t\t\t<\/div>\n\t\t\t\t\t<\/div>\n\t\t\t\t<\/div>\n\t\t<div class=\"elementor-element elementor-element-02211c9 e-flex e-con-boxed e-con e-parent\" data-id=\"02211c9\" data-element_type=\"container\" data-e-type=\"container\" data-settings=\"{&quot;background_background&quot;:&quot;classic&quot;,&quot;_ha_eqh_enable&quot;:false}\">\n\t\t\t\t\t<div class=\"e-con-inner\">\n\t\t<div class=\"elementor-element elementor-element-0c5e4f8 e-con-full e-flex e-con e-child\" data-id=\"0c5e4f8\" data-element_type=\"container\" data-e-type=\"container\" data-settings=\"{&quot;background_background&quot;:&quot;classic&quot;,&quot;_ha_eqh_enable&quot;:false}\">\n\t\t\t\t<div class=\"elementor-element elementor-element-1d2a018 elementor-widget elementor-widget-image\" data-id=\"1d2a018\" data-element_type=\"widget\" data-e-type=\"widget\" data-widget_type=\"image.default\">\n\t\t\t\t<div class=\"elementor-widget-container\">\n\t\t\t\t\t\t\t\t\t\t\t\t\t\t\t<img fetchpriority=\"high\" decoding=\"async\" width=\"683\" height=\"764\" src=\"https:\/\/strokeneurorehab.com\/wp-content\/uploads\/2025\/09\/pellamandula.jpg\" class=\"attachment-full size-full wp-image-7715\" alt=\"\" srcset=\"https:\/\/strokeneurorehab.com\/wp-content\/uploads\/2025\/09\/pellamandula.jpg 683w, https:\/\/strokeneurorehab.com\/wp-content\/uploads\/2025\/09\/pellamandula-268x300.jpg 268w, https:\/\/strokeneurorehab.com\/wp-content\/uploads\/2025\/09\/pellamandula-11x12.jpg 11w, https:\/\/strokeneurorehab.com\/wp-content\/uploads\/2025\/09\/pellamandula-600x671.jpg 600w\" sizes=\"(max-width: 683px) 100vw, 683px\" \/>\t\t\t\t\t\t\t\t\t\t\t\t\t\t\t<\/div>\n\t\t\t\t<\/div>\n\t\t\t\t<\/div>\n\t\t<div class=\"elementor-element elementor-element-0ac2b1f e-con-full e-flex e-con e-child\" data-id=\"0ac2b1f\" data-element_type=\"container\" data-e-type=\"container\" data-settings=\"{&quot;background_background&quot;:&quot;classic&quot;,&quot;_ha_eqh_enable&quot;:false}\">\n\t\t\t\t<div class=\"elementor-element elementor-element-f4f3fa2 elementor-widget elementor-widget-text-editor\" data-id=\"f4f3fa2\" data-element_type=\"widget\" data-e-type=\"widget\" data-widget_type=\"text-editor.default\">\n\t\t\t\t<div class=\"elementor-widget-container\">\n\t\t\t\t\t\t\t\t\t<p>Pella Mandula vagyok, gy\u00f3gytorn\u00e1sz. 2024-ben v\u00e9geztem a Debreceni<br \/>Egyetem gy\u00f3gytorn\u00e1sz szak\u00e1n. Legink\u00e1bb az motiv\u00e1lt a<br \/>p\u00e1lyav\u00e1laszt\u00e1som sor\u00e1n, hogy seg\u00edteni tudjak az embereknek a<br \/>gy\u00f3gyul\u00e1sban \u00e9s t\u00e1mogatni tudjam \u0151ket ezen az \u00faton. Fontosnak<br \/>tartom a folyamatos szakmai fejl\u0151d\u00e9st, hiszen \u00fagy gondolom ezen a<br \/>ter\u00fcleten a tanul\u00e1s elengedhetetlen.<\/p><p><b>My studies: <\/b><br \/><b>2023:<\/b> Kinematic Taping-Funkcion\u00e1lis Elasztikus Taping bevezet\u0151<br \/>alaptanfolyam<br \/><b>2025:<\/b> Funkcion\u00e1lis Rehabilit\u00e1ci\u00f3s Gyakorlati Tr\u00e9ning Stroke ut\u00e1n<br \/>(FRETS) alap kurzus<\/p>\t\t\t\t\t\t\t\t<\/div>\n\t\t\t\t<\/div>\n\t\t\t\t<\/div>\n\t\t\t\t\t<\/div>\n\t\t\t\t<\/div>\n\t\t\t\t<\/div>","protected":false},"excerpt":{"rendered":"<p>Pella Mandula Gy\u00f3gytorn\u00e1sz Pella Mandula vagyok, gy\u00f3gytorn\u00e1sz. 2024-ben v\u00e9geztem a DebreceniEgyetem gy\u00f3gytorn\u00e1sz szak\u00e1n. Legink\u00e1bb az motiv\u00e1lt ap\u00e1lyav\u00e1laszt\u00e1som sor\u00e1n, hogy seg\u00edteni [&hellip;]<\/p>\n","protected":false},"author":1,"featured_media":0,"parent":0,"menu_order":0,"comment_status":"closed","ping_status":"closed","template":"","meta":{"site-sidebar-layout":"no-sidebar","site-content-layout":"page-builder","ast-site-content-layout":"full-width-container","site-content-style":"default","site-sidebar-style":"default","ast-global-header-display":"","ast-banner-title-visibility":"","ast-main-header-display":"","ast-hfb-above-header-display":"","ast-hfb-below-header-display":"","ast-hfb-mobile-header-display":"","site-post-title":"disabled","ast-breadcrumbs-content":"","ast-featured-img":"disabled","footer-sml-layout":"","ast-disable-related-posts":"","theme-transparent-header-meta":"","adv-header-id-meta":"","stick-header-meta":"","header-above-stick-meta":"","header-main-stick-meta":"","header-below-stick-meta":"","astra-migrate-meta-layouts":"set","ast-page-background-enabled":"default","ast-page-background-meta":{"desktop":{"background-color":"var(--ast-global-color-4)","background-image":"","background-repeat":"repeat","background-position":"center center","background-size":"auto","background-attachment":"scroll","background-type":"","background-media":"","overlay-type":"","overlay-color":"","overlay-opacity":"","overlay-gradient":""},"tablet":{"background-color":"","background-image":"","background-repeat":"repeat","background-position":"center center","background-size":"auto","background-attachment":"scroll","background-type":"","background-media":"","overlay-type":"","overlay-color":"","overlay-opacity":"","overlay-gradient":""},"mobile":{"background-color":"","background-image":"","background-repeat":"repeat","background-position":"center center","background-size":"auto","background-attachment":"scroll","background-type":"","background-media":"","overlay-type":"","overlay-color":"","overlay-opacity":"","overlay-gradient":""}},"ast-content-background-meta":{"desktop":{"background-color":"var(--ast-global-color-5)","background-image":"","background-repeat":"repeat","background-position":"center center","background-size":"auto","background-attachment":"scroll","background-type":"","background-media":"","overlay-type":"","overlay-color":"","overlay-opacity":"","overlay-gradient":""},"tablet":{"background-color":"var(--ast-global-color-5)","background-image":"","background-repeat":"repeat","background-position":"center center","background-size":"auto","background-attachment":"scroll","background-type":"","background-media":"","overlay-type":"","overlay-color":"","overlay-opacity":"","overlay-gradient":""},"mobile":{"background-color":"var(--ast-global-color-5)","background-image":"","background-repeat":"repeat","background-position":"center center","background-size":"auto","background-attachment":"scroll","background-type":"","background-media":"","overlay-type":"","overlay-color":"","overlay-opacity":"","overlay-gradient":""}},"footnotes":""},"class_list":["post-4559","page","type-page","status-publish","hentry"],"yoast_head":"<!-- This site is optimized with the Yoast SEO Premium plugin v27.1 (Yoast SEO v27.3) - https:\/\/yoast.com\/product\/yoast-seo-premium-wordpress\/ -->\n<title>Pella Mandula\u00a0 - bemutatkoz\u00f3 - Stroke Neuro Rehab<\/title>\n<meta name=\"description\" content=\"Ismerd meg Jeges Am\u00e1lia recepci\u00f3sunkat, aki els\u0151k\u00e9nt fogad, seg\u00edt az eligazod\u00e1sban, \u00e9s gondoskodik a g\u00f6rd\u00fcl\u00e9keny kapcsolattart\u00e1sr\u00f3l.\" \/>\n<meta name=\"robots\" content=\"index, follow, max-snippet:-1, max-image-preview:large, max-video-preview:-1\" \/>\n<link rel=\"canonical\" href=\"https:\/\/strokeneurorehab.com\/en\/pella-mandula\/\" \/>\n<meta property=\"og:locale\" content=\"en_GB\" \/>\n<meta property=\"og:type\" content=\"article\" \/>\n<meta property=\"og:title\" content=\"Pella Mandula\u00a0 - bemutatkoz\u00f3 - Stroke Neuro Rehab\" \/>\n<meta property=\"og:description\" content=\"Ismerd meg Jeges Am\u00e1lia recepci\u00f3sunkat, aki els\u0151k\u00e9nt fogad, seg\u00edt az eligazod\u00e1sban, \u00e9s gondoskodik a g\u00f6rd\u00fcl\u00e9keny kapcsolattart\u00e1sr\u00f3l.\" \/>\n<meta property=\"og:url\" content=\"https:\/\/strokeneurorehab.com\/en\/pella-mandula\/\" \/>\n<meta property=\"og:site_name\" content=\"Stroke Neuro Rehab\" \/>\n<meta property=\"article:publisher\" content=\"https:\/\/www.facebook.com\/strokeneurorehab\/?locale=hu_HU\" \/>\n<meta property=\"article:modified_time\" content=\"2026-02-20T16:27:56+00:00\" \/>\n<meta property=\"og:image\" content=\"https:\/\/strokeneurorehab.com\/wp-content\/uploads\/2025\/09\/pellamandula.jpg\" \/>\n\t<meta property=\"og:image:width\" content=\"683\" \/>\n\t<meta property=\"og:image:height\" content=\"764\" \/>\n\t<meta property=\"og:image:type\" content=\"image\/jpeg\" \/>\n<meta name=\"twitter:card\" content=\"summary_large_image\" \/>\n<meta name=\"twitter:description\" content=\"Szem\u00e9lyre szabott stroke rehabilit\u00e1ci\u00f3 ARNI m\u00f3dszerrel, k\u00e9pzett instruktorokt\u00f3l. Seg\u00edt\u00fcnk lek\u00fczdeni az agys\u00e9r\u00fcl\u00e9s k\u00f6vetkezm\u00e9nyeit \u00e9s visszatal\u00e1lni az \u00f6n\u00e1ll\u00f3 \u00e9lethez.\" \/>\n<meta name=\"twitter:label1\" content=\"Estimated reading time\" \/>\n\t<meta name=\"twitter:data1\" content=\"1 minute\" \/>\n<script type=\"application\/ld+json\" class=\"yoast-schema-graph\">{\"@context\":\"https:\\\/\\\/schema.org\",\"@graph\":[{\"@type\":\"WebPage\",\"@id\":\"https:\\\/\\\/strokeneurorehab.com\\\/pella-mandula\\\/\",\"url\":\"https:\\\/\\\/strokeneurorehab.com\\\/pella-mandula\\\/\",\"name\":\"Pella Mandula\u00a0 - bemutatkoz\u00f3 - Stroke Neuro Rehab\",\"isPartOf\":{\"@id\":\"https:\\\/\\\/strokeneurorehab.com\\\/en\\\/fooldal-english\\\/#website\"},\"primaryImageOfPage\":{\"@id\":\"https:\\\/\\\/strokeneurorehab.com\\\/pella-mandula\\\/#primaryimage\"},\"image\":{\"@id\":\"https:\\\/\\\/strokeneurorehab.com\\\/pella-mandula\\\/#primaryimage\"},\"thumbnailUrl\":\"https:\\\/\\\/strokeneurorehab.com\\\/wp-content\\\/uploads\\\/2025\\\/09\\\/pellamandula.jpg\",\"datePublished\":\"2025-01-12T23:21:14+00:00\",\"dateModified\":\"2026-02-20T16:27:56+00:00\",\"description\":\"Ismerd meg Jeges Am\u00e1lia recepci\u00f3sunkat, aki els\u0151k\u00e9nt fogad, seg\u00edt az eligazod\u00e1sban, \u00e9s gondoskodik a g\u00f6rd\u00fcl\u00e9keny kapcsolattart\u00e1sr\u00f3l.\",\"breadcrumb\":{\"@id\":\"https:\\\/\\\/strokeneurorehab.com\\\/pella-mandula\\\/#breadcrumb\"},\"inLanguage\":\"en-GB\",\"potentialAction\":[{\"@type\":\"ReadAction\",\"target\":[\"https:\\\/\\\/strokeneurorehab.com\\\/pella-mandula\\\/\"]}]},{\"@type\":\"ImageObject\",\"inLanguage\":\"en-GB\",\"@id\":\"https:\\\/\\\/strokeneurorehab.com\\\/pella-mandula\\\/#primaryimage\",\"url\":\"https:\\\/\\\/strokeneurorehab.com\\\/wp-content\\\/uploads\\\/2025\\\/09\\\/pellamandula.jpg\",\"contentUrl\":\"https:\\\/\\\/strokeneurorehab.com\\\/wp-content\\\/uploads\\\/2025\\\/09\\\/pellamandula.jpg\"},{\"@type\":\"BreadcrumbList\",\"@id\":\"https:\\\/\\\/strokeneurorehab.com\\\/pella-mandula\\\/#breadcrumb\",\"itemListElement\":[{\"@type\":\"ListItem\",\"position\":1,\"name\":\"Home\",\"item\":\"https:\\\/\\\/strokeneurorehab.com\\\/\"},{\"@type\":\"ListItem\",\"position\":2,\"name\":\"Pella Mandula\u00a0 &#8211; bemutatkoz\u00f3\"}]},{\"@type\":\"WebSite\",\"@id\":\"https:\\\/\\\/strokeneurorehab.com\\\/en\\\/fooldal-english\\\/#website\",\"url\":\"https:\\\/\\\/strokeneurorehab.com\\\/en\\\/fooldal-english\\\/\",\"name\":\"Stroke Neuro Rehab\",\"description\":\"Van \u00e9let a stroke ut\u00e1n.\",\"publisher\":{\"@id\":\"https:\\\/\\\/strokeneurorehab.com\\\/en\\\/fooldal-english\\\/#organization\"},\"potentialAction\":[{\"@type\":\"SearchAction\",\"target\":{\"@type\":\"EntryPoint\",\"urlTemplate\":\"https:\\\/\\\/strokeneurorehab.com\\\/en\\\/fooldal-english\\\/?s={search_term_string}\"},\"query-input\":{\"@type\":\"PropertyValueSpecification\",\"valueRequired\":true,\"valueName\":\"search_term_string\"}}],\"inLanguage\":\"en-GB\"},{\"@type\":\"Organization\",\"@id\":\"https:\\\/\\\/strokeneurorehab.com\\\/en\\\/fooldal-english\\\/#organization\",\"name\":\"Stroke Neuro Rehab Kft.\",\"url\":\"https:\\\/\\\/strokeneurorehab.com\\\/en\\\/fooldal-english\\\/\",\"logo\":{\"@type\":\"ImageObject\",\"inLanguage\":\"en-GB\",\"@id\":\"https:\\\/\\\/strokeneurorehab.com\\\/en\\\/fooldal-english\\\/#\\\/schema\\\/logo\\\/image\\\/\",\"url\":\"https:\\\/\\\/strokeneurorehab.com\\\/wp-content\\\/uploads\\\/2024\\\/12\\\/Nevtelen-terv-54.png\",\"contentUrl\":\"https:\\\/\\\/strokeneurorehab.com\\\/wp-content\\\/uploads\\\/2024\\\/12\\\/Nevtelen-terv-54.png\",\"width\":1563,\"height\":1563,\"caption\":\"Stroke Neuro Rehab Kft.\"},\"image\":{\"@id\":\"https:\\\/\\\/strokeneurorehab.com\\\/en\\\/fooldal-english\\\/#\\\/schema\\\/logo\\\/image\\\/\"},\"sameAs\":[\"https:\\\/\\\/www.facebook.com\\\/strokeneurorehab\\\/?locale=hu_HU\",\"https:\\\/\\\/www.instagram.com\\\/stroke_neuro_rehab\\\/\",\"https:\\\/\\\/www.tiktok.com\\\/@stroke_neuro_rehab\"]}]}<\/script>\n<!-- \/ Yoast SEO Premium plugin. -->","yoast_head_json":{"title":"Pella Mandula\u00a0 - bemutatkoz\u00f3 - Stroke Neuro Rehab","description":"Ismerd meg Jeges Am\u00e1lia recepci\u00f3sunkat, aki els\u0151k\u00e9nt fogad, seg\u00edt az eligazod\u00e1sban, \u00e9s gondoskodik a g\u00f6rd\u00fcl\u00e9keny kapcsolattart\u00e1sr\u00f3l.","robots":{"index":"index","follow":"follow","max-snippet":"max-snippet:-1","max-image-preview":"max-image-preview:large","max-video-preview":"max-video-preview:-1"},"canonical":"https:\/\/strokeneurorehab.com\/en\/pella-mandula\/","og_locale":"en_GB","og_type":"article","og_title":"Pella Mandula\u00a0 - bemutatkoz\u00f3 - Stroke Neuro Rehab","og_description":"Ismerd meg Jeges Am\u00e1lia recepci\u00f3sunkat, aki els\u0151k\u00e9nt fogad, seg\u00edt az eligazod\u00e1sban, \u00e9s gondoskodik a g\u00f6rd\u00fcl\u00e9keny kapcsolattart\u00e1sr\u00f3l.","og_url":"https:\/\/strokeneurorehab.com\/en\/pella-mandula\/","og_site_name":"Stroke Neuro Rehab","article_publisher":"https:\/\/www.facebook.com\/strokeneurorehab\/?locale=hu_HU","article_modified_time":"2026-02-20T16:27:56+00:00","og_image":[{"width":683,"height":764,"url":"https:\/\/strokeneurorehab.com\/wp-content\/uploads\/2025\/09\/pellamandula.jpg","type":"image\/jpeg"}],"twitter_card":"summary_large_image","twitter_description":"Szem\u00e9lyre szabott stroke rehabilit\u00e1ci\u00f3 ARNI m\u00f3dszerrel, k\u00e9pzett instruktorokt\u00f3l. Seg\u00edt\u00fcnk lek\u00fczdeni az agys\u00e9r\u00fcl\u00e9s k\u00f6vetkezm\u00e9nyeit \u00e9s visszatal\u00e1lni az \u00f6n\u00e1ll\u00f3 \u00e9lethez.","twitter_misc":{"Estimated reading time":"1 minute"},"schema":{"@context":"https:\/\/schema.org","@graph":[{"@type":"WebPage","@id":"https:\/\/strokeneurorehab.com\/pella-mandula\/","url":"https:\/\/strokeneurorehab.com\/pella-mandula\/","name":"Pella Mandula\u00a0 - bemutatkoz\u00f3 - Stroke Neuro Rehab","isPartOf":{"@id":"https:\/\/strokeneurorehab.com\/en\/fooldal-english\/#website"},"primaryImageOfPage":{"@id":"https:\/\/strokeneurorehab.com\/pella-mandula\/#primaryimage"},"image":{"@id":"https:\/\/strokeneurorehab.com\/pella-mandula\/#primaryimage"},"thumbnailUrl":"https:\/\/strokeneurorehab.com\/wp-content\/uploads\/2025\/09\/pellamandula.jpg","datePublished":"2025-01-12T23:21:14+00:00","dateModified":"2026-02-20T16:27:56+00:00","description":"Ismerd meg Jeges Am\u00e1lia recepci\u00f3sunkat, aki els\u0151k\u00e9nt fogad, seg\u00edt az eligazod\u00e1sban, \u00e9s gondoskodik a g\u00f6rd\u00fcl\u00e9keny kapcsolattart\u00e1sr\u00f3l.","breadcrumb":{"@id":"https:\/\/strokeneurorehab.com\/pella-mandula\/#breadcrumb"},"inLanguage":"en-GB","potentialAction":[{"@type":"ReadAction","target":["https:\/\/strokeneurorehab.com\/pella-mandula\/"]}]},{"@type":"ImageObject","inLanguage":"en-GB","@id":"https:\/\/strokeneurorehab.com\/pella-mandula\/#primaryimage","url":"https:\/\/strokeneurorehab.com\/wp-content\/uploads\/2025\/09\/pellamandula.jpg","contentUrl":"https:\/\/strokeneurorehab.com\/wp-content\/uploads\/2025\/09\/pellamandula.jpg"},{"@type":"BreadcrumbList","@id":"https:\/\/strokeneurorehab.com\/pella-mandula\/#breadcrumb","itemListElement":[{"@type":"ListItem","position":1,"name":"Home","item":"https:\/\/strokeneurorehab.com\/"},{"@type":"ListItem","position":2,"name":"Pella Mandula\u00a0 &#8211; bemutatkoz\u00f3"}]},{"@type":"WebSite","@id":"https:\/\/strokeneurorehab.com\/en\/fooldal-english\/#website","url":"https:\/\/strokeneurorehab.com\/en\/fooldal-english\/","name":"Stroke Neuro Rehab","description":"There is life after stroke.","publisher":{"@id":"https:\/\/strokeneurorehab.com\/en\/fooldal-english\/#organization"},"potentialAction":[{"@type":"SearchAction","target":{"@type":"EntryPoint","urlTemplate":"https:\/\/strokeneurorehab.com\/en\/fooldal-english\/?s={search_term_string}"},"query-input":{"@type":"PropertyValueSpecification","valueRequired":true,"valueName":"search_term_string"}}],"inLanguage":"en-GB"},{"@type":"Organization","@id":"https:\/\/strokeneurorehab.com\/en\/fooldal-english\/#organization","name":"Stroke Neuro Rehab Ltd.","url":"https:\/\/strokeneurorehab.com\/en\/fooldal-english\/","logo":{"@type":"ImageObject","inLanguage":"en-GB","@id":"https:\/\/strokeneurorehab.com\/en\/fooldal-english\/#\/schema\/logo\/image\/","url":"https:\/\/strokeneurorehab.com\/wp-content\/uploads\/2024\/12\/Nevtelen-terv-54.png","contentUrl":"https:\/\/strokeneurorehab.com\/wp-content\/uploads\/2024\/12\/Nevtelen-terv-54.png","width":1563,"height":1563,"caption":"Stroke Neuro Rehab Kft."},"image":{"@id":"https:\/\/strokeneurorehab.com\/en\/fooldal-english\/#\/schema\/logo\/image\/"},"sameAs":["https:\/\/www.facebook.com\/strokeneurorehab\/?locale=hu_HU","https:\/\/www.instagram.com\/stroke_neuro_rehab\/","https:\/\/www.tiktok.com\/@stroke_neuro_rehab"]}]}},"_links":{"self":[{"href":"https:\/\/strokeneurorehab.com\/en\/wp-json\/wp\/v2\/pages\/4559","targetHints":{"allow":["GET"]}}],"collection":[{"href":"https:\/\/strokeneurorehab.com\/en\/wp-json\/wp\/v2\/pages"}],"about":[{"href":"https:\/\/strokeneurorehab.com\/en\/wp-json\/wp\/v2\/types\/page"}],"author":[{"embeddable":true,"href":"https:\/\/strokeneurorehab.com\/en\/wp-json\/wp\/v2\/users\/1"}],"replies":[{"embeddable":true,"href":"https:\/\/strokeneurorehab.com\/en\/wp-json\/wp\/v2\/comments?post=4559"}],"version-history":[{"count":0,"href":"https:\/\/strokeneurorehab.com\/en\/wp-json\/wp\/v2\/pages\/4559\/revisions"}],"wp:attachment":[{"href":"https:\/\/strokeneurorehab.com\/en\/wp-json\/wp\/v2\/media?parent=4559"}],"curies":[{"name":"wp","href":"https:\/\/api.w.org\/{rel}","templated":true}]}}