{"id":4796,"date":"2025-01-13T09:21:45","date_gmt":"2025-01-13T09:21:45","guid":{"rendered":"https:\/\/strokeneurorehab.com\/?page_id=4796"},"modified":"2026-02-09T16:34:59","modified_gmt":"2026-02-09T14:34:59","slug":"snr-camp-hajduszoboszlo-2024-september","status":"publish","type":"page","link":"https:\/\/strokeneurorehab.com\/en\/snr-tabor-hajduszoboszlo-2024-szeptember\/","title":{"rendered":"SNR camp Hajd\u00faszoboszl\u00f3 September 2024"},"content":{"rendered":"<div data-elementor-type=\"wp-page\" data-elementor-id=\"4796\" class=\"elementor elementor-4796\" data-elementor-settings=\"{&quot;ha_cmc_init_switcher&quot;:&quot;no&quot;}\" data-elementor-post-type=\"page\">\n\t\t\t\t<div class=\"elementor-element elementor-element-7f25173 e-flex e-con-boxed e-con e-parent\" data-id=\"7f25173\" data-element_type=\"container\" data-e-type=\"container\" data-settings=\"{&quot;_ha_eqh_enable&quot;:false}\">\n\t\t\t\t\t<div class=\"e-con-inner\">\n\t\t\t\t<div class=\"elementor-element elementor-element-aa5914e elementor-widget elementor-widget-heading\" data-id=\"aa5914e\" data-element_type=\"widget\" data-e-type=\"widget\" data-widget_type=\"heading.default\">\n\t\t\t\t<div class=\"elementor-widget-container\">\n\t\t\t\t\t<h2 class=\"elementor-heading-title elementor-size-default\">SNR\u00ae Camp Hajd\u00faszoboszl\u00f3 September 2024<\/h2>\t\t\t\t<\/div>\n\t\t\t\t<\/div>\n\t\t\t\t<div class=\"elementor-element elementor-element-761b9d8 elementor-widget elementor-widget-ha-justified-gallery happy-addon ha-justified-gallery\" data-id=\"761b9d8\" data-element_type=\"widget\" data-e-type=\"widget\" data-settings=\"{&quot;row_height&quot;:{&quot;unit&quot;:&quot;px&quot;,&quot;size&quot;:150,&quot;sizes&quot;:[]},&quot;margins&quot;:{&quot;unit&quot;:&quot;px&quot;,&quot;size&quot;:10,&quot;sizes&quot;:[]},&quot;last_row&quot;:&quot;justify&quot;,&quot;enable_popup&quot;:&quot;yes&quot;}\" data-widget_type=\"ha-justified-gallery.default\">\n\t\t\t\t<div class=\"elementor-widget-container\">\n\t\t\t\t\t\n\t\t<div class=\"ha-justified-grid__wrap hajs-justified-grid\">\n\t\t\t\t\t\t\t<a href=\"#\" data-mfp-src=\"https:\/\/strokeneurorehab.com\/wp-content\/uploads\/2025\/01\/0229C522-F104-440C-9D15-2D3C020BD81A_1_105_c-576x1024.jpeg\" class=\"ha-justified-grid__item ha-js-lightbox __fltr-1\" title=\"\">\n\t\t\t\t\t<img fetchpriority=\"high\" decoding=\"async\" width=\"665\" height=\"1182\" src=\"https:\/\/strokeneurorehab.com\/wp-content\/uploads\/2025\/01\/0229C522-F104-440C-9D15-2D3C020BD81A_1_105_c.jpeg\" class=\"elementor-animation-grow\" alt=\"\" srcset=\"https:\/\/strokeneurorehab.com\/wp-content\/uploads\/2025\/01\/0229C522-F104-440C-9D15-2D3C020BD81A_1_105_c.jpeg 665w, https:\/\/strokeneurorehab.com\/wp-content\/uploads\/2025\/01\/0229C522-F104-440C-9D15-2D3C020BD81A_1_105_c-600x1066.jpeg 600w, https:\/\/strokeneurorehab.com\/wp-content\/uploads\/2025\/01\/0229C522-F104-440C-9D15-2D3C020BD81A_1_105_c-169x300.jpeg 169w, https:\/\/strokeneurorehab.com\/wp-content\/uploads\/2025\/01\/0229C522-F104-440C-9D15-2D3C020BD81A_1_105_c-576x1024.jpeg 576w\" sizes=\"(max-width: 665px) 100vw, 665px\" \/>\t\t\t\t<\/a>\n\t\t\t\t\t\t\t<a href=\"#\" data-mfp-src=\"https:\/\/strokeneurorehab.com\/wp-content\/uploads\/2025\/01\/8A64F75C-561D-4194-BC65-5CC2BB549765_1_105_c-1024x576.jpeg\" class=\"ha-justified-grid__item ha-js-lightbox __fltr-1\" title=\"\">\n\t\t\t\t\t<img decoding=\"async\" width=\"768\" height=\"432\" src=\"https:\/\/strokeneurorehab.com\/wp-content\/uploads\/2025\/01\/8A64F75C-561D-4194-BC65-5CC2BB549765_1_105_c-768x432.jpeg\" class=\"elementor-animation-grow\" alt=\"\" srcset=\"https:\/\/strokeneurorehab.com\/wp-content\/uploads\/2025\/01\/8A64F75C-561D-4194-BC65-5CC2BB549765_1_105_c-768x432.jpeg 768w, https:\/\/strokeneurorehab.com\/wp-content\/uploads\/2025\/01\/8A64F75C-561D-4194-BC65-5CC2BB549765_1_105_c-600x338.jpeg 600w, https:\/\/strokeneurorehab.com\/wp-content\/uploads\/2025\/01\/8A64F75C-561D-4194-BC65-5CC2BB549765_1_105_c-300x169.jpeg 300w, https:\/\/strokeneurorehab.com\/wp-content\/uploads\/2025\/01\/8A64F75C-561D-4194-BC65-5CC2BB549765_1_105_c-1024x576.jpeg 1024w, https:\/\/strokeneurorehab.com\/wp-content\/uploads\/2025\/01\/8A64F75C-561D-4194-BC65-5CC2BB549765_1_105_c.jpeg 1182w\" sizes=\"(max-width: 768px) 100vw, 768px\" \/>\t\t\t\t<\/a>\n\t\t\t\t\t\t\t<a href=\"#\" data-mfp-src=\"https:\/\/strokeneurorehab.com\/wp-content\/uploads\/2025\/01\/1D7740FF-12FC-4046-878C-16C5BDD530B7_1_105_c.jpeg\" class=\"ha-justified-grid__item ha-js-lightbox __fltr-1\" title=\"\">\n\t\t\t\t\t<img decoding=\"async\" width=\"768\" height=\"1024\" src=\"https:\/\/strokeneurorehab.com\/wp-content\/uploads\/2025\/01\/1D7740FF-12FC-4046-878C-16C5BDD530B7_1_105_c.jpeg\" class=\"elementor-animation-grow\" alt=\"\" srcset=\"https:\/\/strokeneurorehab.com\/wp-content\/uploads\/2025\/01\/1D7740FF-12FC-4046-878C-16C5BDD530B7_1_105_c.jpeg 768w, https:\/\/strokeneurorehab.com\/wp-content\/uploads\/2025\/01\/1D7740FF-12FC-4046-878C-16C5BDD530B7_1_105_c-600x800.jpeg 600w, https:\/\/strokeneurorehab.com\/wp-content\/uploads\/2025\/01\/1D7740FF-12FC-4046-878C-16C5BDD530B7_1_105_c-225x300.jpeg 225w\" sizes=\"(max-width: 768px) 100vw, 768px\" \/>\t\t\t\t<\/a>\n\t\t\t\t\t\t\t<a href=\"#\" data-mfp-src=\"https:\/\/strokeneurorehab.com\/wp-content\/uploads\/2025\/01\/0DEB5755-D762-4670-8E85-0DCACF10B40B_1_105_c.jpeg\" class=\"ha-justified-grid__item ha-js-lightbox __fltr-1\" title=\"\">\n\t\t\t\t\t<img loading=\"lazy\" decoding=\"async\" width=\"768\" height=\"1024\" src=\"https:\/\/strokeneurorehab.com\/wp-content\/uploads\/2025\/01\/0DEB5755-D762-4670-8E85-0DCACF10B40B_1_105_c.jpeg\" class=\"elementor-animation-grow\" alt=\"\" srcset=\"https:\/\/strokeneurorehab.com\/wp-content\/uploads\/2025\/01\/0DEB5755-D762-4670-8E85-0DCACF10B40B_1_105_c.jpeg 768w, https:\/\/strokeneurorehab.com\/wp-content\/uploads\/2025\/01\/0DEB5755-D762-4670-8E85-0DCACF10B40B_1_105_c-600x800.jpeg 600w, https:\/\/strokeneurorehab.com\/wp-content\/uploads\/2025\/01\/0DEB5755-D762-4670-8E85-0DCACF10B40B_1_105_c-225x300.jpeg 225w\" sizes=\"(max-width: 768px) 100vw, 768px\" \/>\t\t\t\t<\/a>\n\t\t\t\t\t<\/div>\n\n\t\t\t\t\t\t<\/div>\n\t\t\t\t<\/div>\n\t\t\t\t\t<\/div>\n\t\t\t\t<\/div>\n\t\t\t\t<\/div>","protected":false},"excerpt":{"rendered":"<p>SNR\u00ae t\u00e1bor Hajd\u00faszoboszl\u00f3 2024. szeptember<\/p>","protected":false},"author":1,"featured_media":0,"parent":0,"menu_order":0,"comment_status":"closed","ping_status":"closed","template":"","meta":{"site-sidebar-layout":"no-sidebar","site-content-layout":"page-builder","ast-site-content-layout":"full-width-container","site-content-style":"default","site-sidebar-style":"default","ast-global-header-display":"","ast-banner-title-visibility":"","ast-main-header-display":"","ast-hfb-above-header-display":"","ast-hfb-below-header-display":"","ast-hfb-mobile-header-display":"","site-post-title":"disabled","ast-breadcrumbs-content":"","ast-featured-img":"disabled","footer-sml-layout":"","ast-disable-related-posts":"","theme-transparent-header-meta":"","adv-header-id-meta":"","stick-header-meta":"","header-above-stick-meta":"","header-main-stick-meta":"","header-below-stick-meta":"","astra-migrate-meta-layouts":"set","ast-page-background-enabled":"default","ast-page-background-meta":{"desktop":{"background-color":"var(--ast-global-color-4)","background-image":"","background-repeat":"repeat","background-position":"center center","background-size":"auto","background-attachment":"scroll","background-type":"","background-media":"","overlay-type":"","overlay-color":"","overlay-opacity":"","overlay-gradient":""},"tablet":{"background-color":"","background-image":"","background-repeat":"repeat","background-position":"center center","background-size":"auto","background-attachment":"scroll","background-type":"","background-media":"","overlay-type":"","overlay-color":"","overlay-opacity":"","overlay-gradient":""},"mobile":{"background-color":"","background-image":"","background-repeat":"repeat","background-position":"center center","background-size":"auto","background-attachment":"scroll","background-type":"","background-media":"","overlay-type":"","overlay-color":"","overlay-opacity":"","overlay-gradient":""}},"ast-content-background-meta":{"desktop":{"background-color":"var(--ast-global-color-5)","background-image":"","background-repeat":"repeat","background-position":"center center","background-size":"auto","background-attachment":"scroll","background-type":"","background-media":"","overlay-type":"","overlay-color":"","overlay-opacity":"","overlay-gradient":""},"tablet":{"background-color":"var(--ast-global-color-5)","background-image":"","background-repeat":"repeat","background-position":"center center","background-size":"auto","background-attachment":"scroll","background-type":"","background-media":"","overlay-type":"","overlay-color":"","overlay-opacity":"","overlay-gradient":""},"mobile":{"background-color":"var(--ast-global-color-5)","background-image":"","background-repeat":"repeat","background-position":"center center","background-size":"auto","background-attachment":"scroll","background-type":"","background-media":"","overlay-type":"","overlay-color":"","overlay-opacity":"","overlay-gradient":""}},"footnotes":""},"class_list":["post-4796","page","type-page","status-publish","hentry"],"yoast_head":"<!-- This site is optimized with the Yoast SEO Premium plugin v27.1 (Yoast SEO v27.3) - https:\/\/yoast.com\/product\/yoast-seo-premium-wordpress\/ -->\n<title>SNR t\u00e1bor Hajd\u00faszoboszl\u00f3 2024. szeptember\u200b - Stroke Neuro Rehab<\/title>\n<meta name=\"description\" content=\"Tekintsd meg a 2024 szeptemberi SNR t\u00e1bor legjobb pillanatait Hajd\u00faszoboszl\u00f3n, ahol stroke t\u00fal\u00e9l\u0151k rehabilit\u00e1ci\u00f3s programon vettek r\u00e9szt.\" \/>\n<meta name=\"robots\" content=\"index, follow, max-snippet:-1, max-image-preview:large, max-video-preview:-1\" \/>\n<link rel=\"canonical\" href=\"https:\/\/strokeneurorehab.com\/en\/snr-camp-hajduszoboszlo-2024-september\/\" \/>\n<meta property=\"og:locale\" content=\"en_GB\" \/>\n<meta property=\"og:type\" content=\"article\" \/>\n<meta property=\"og:title\" content=\"SNR t\u00e1bor Hajd\u00faszoboszl\u00f3 2024. szeptember\u200b - Stroke Neuro Rehab\" \/>\n<meta property=\"og:description\" content=\"Tekintsd meg a 2024 szeptemberi SNR t\u00e1bor legjobb pillanatait Hajd\u00faszoboszl\u00f3n, ahol stroke t\u00fal\u00e9l\u0151k rehabilit\u00e1ci\u00f3s programon vettek r\u00e9szt.\" \/>\n<meta property=\"og:url\" content=\"https:\/\/strokeneurorehab.com\/en\/snr-camp-hajduszoboszlo-2024-september\/\" \/>\n<meta property=\"og:site_name\" content=\"Stroke Neuro Rehab\" \/>\n<meta property=\"article:publisher\" content=\"https:\/\/www.facebook.com\/strokeneurorehab\/?locale=hu_HU\" \/>\n<meta property=\"article:modified_time\" content=\"2026-02-09T14:34:59+00:00\" \/>\n<meta property=\"og:image\" content=\"https:\/\/strokeneurorehab.com\/wp-content\/uploads\/2025\/01\/0229C522-F104-440C-9D15-2D3C020BD81A_1_105_c.jpeg\" \/>\n<meta name=\"twitter:card\" content=\"summary_large_image\" \/>\n<meta name=\"twitter:description\" content=\"Szem\u00e9lyre szabott stroke rehabilit\u00e1ci\u00f3 ARNI m\u00f3dszerrel, k\u00e9pzett instruktorokt\u00f3l. Seg\u00edt\u00fcnk lek\u00fczdeni az agys\u00e9r\u00fcl\u00e9s k\u00f6vetkezm\u00e9nyeit \u00e9s visszatal\u00e1lni az \u00f6n\u00e1ll\u00f3 \u00e9lethez.\" \/>\n<meta name=\"twitter:label1\" content=\"Estimated reading time\" \/>\n\t<meta name=\"twitter:data1\" content=\"1 minute\" \/>\n<script type=\"application\/ld+json\" class=\"yoast-schema-graph\">{\"@context\":\"https:\\\/\\\/schema.org\",\"@graph\":[{\"@type\":\"WebPage\",\"@id\":\"https:\\\/\\\/strokeneurorehab.com\\\/snr-tabor-hajduszoboszlo-2024-szeptember\\\/\",\"url\":\"https:\\\/\\\/strokeneurorehab.com\\\/snr-tabor-hajduszoboszlo-2024-szeptember\\\/\",\"name\":\"SNR t\u00e1bor Hajd\u00faszoboszl\u00f3 2024. szeptember\u200b - Stroke Neuro Rehab\",\"isPartOf\":{\"@id\":\"https:\\\/\\\/strokeneurorehab.com\\\/en\\\/fooldal-english\\\/#website\"},\"primaryImageOfPage\":{\"@id\":\"https:\\\/\\\/strokeneurorehab.com\\\/snr-tabor-hajduszoboszlo-2024-szeptember\\\/#primaryimage\"},\"image\":{\"@id\":\"https:\\\/\\\/strokeneurorehab.com\\\/snr-tabor-hajduszoboszlo-2024-szeptember\\\/#primaryimage\"},\"thumbnailUrl\":\"https:\\\/\\\/strokeneurorehab.com\\\/wp-content\\\/uploads\\\/2025\\\/01\\\/0229C522-F104-440C-9D15-2D3C020BD81A_1_105_c.jpeg\",\"datePublished\":\"2025-01-13T09:21:45+00:00\",\"dateModified\":\"2026-02-09T14:34:59+00:00\",\"description\":\"Tekintsd meg a 2024 szeptemberi SNR t\u00e1bor legjobb pillanatait Hajd\u00faszoboszl\u00f3n, ahol stroke t\u00fal\u00e9l\u0151k rehabilit\u00e1ci\u00f3s programon vettek r\u00e9szt.\",\"breadcrumb\":{\"@id\":\"https:\\\/\\\/strokeneurorehab.com\\\/snr-tabor-hajduszoboszlo-2024-szeptember\\\/#breadcrumb\"},\"inLanguage\":\"en-GB\",\"potentialAction\":[{\"@type\":\"ReadAction\",\"target\":[\"https:\\\/\\\/strokeneurorehab.com\\\/snr-tabor-hajduszoboszlo-2024-szeptember\\\/\"]}]},{\"@type\":\"ImageObject\",\"inLanguage\":\"en-GB\",\"@id\":\"https:\\\/\\\/strokeneurorehab.com\\\/snr-tabor-hajduszoboszlo-2024-szeptember\\\/#primaryimage\",\"url\":\"https:\\\/\\\/strokeneurorehab.com\\\/wp-content\\\/uploads\\\/2025\\\/01\\\/0229C522-F104-440C-9D15-2D3C020BD81A_1_105_c.jpeg\",\"contentUrl\":\"https:\\\/\\\/strokeneurorehab.com\\\/wp-content\\\/uploads\\\/2025\\\/01\\\/0229C522-F104-440C-9D15-2D3C020BD81A_1_105_c.jpeg\"},{\"@type\":\"BreadcrumbList\",\"@id\":\"https:\\\/\\\/strokeneurorehab.com\\\/snr-tabor-hajduszoboszlo-2024-szeptember\\\/#breadcrumb\",\"itemListElement\":[{\"@type\":\"ListItem\",\"position\":1,\"name\":\"Home\",\"item\":\"https:\\\/\\\/strokeneurorehab.com\\\/\"},{\"@type\":\"ListItem\",\"position\":2,\"name\":\"SNR t\u00e1bor Hajd\u00faszoboszl\u00f3 2024. szeptember\u200b\"}]},{\"@type\":\"WebSite\",\"@id\":\"https:\\\/\\\/strokeneurorehab.com\\\/en\\\/fooldal-english\\\/#website\",\"url\":\"https:\\\/\\\/strokeneurorehab.com\\\/en\\\/fooldal-english\\\/\",\"name\":\"Stroke Neuro Rehab\",\"description\":\"Van \u00e9let a stroke ut\u00e1n.\",\"publisher\":{\"@id\":\"https:\\\/\\\/strokeneurorehab.com\\\/en\\\/fooldal-english\\\/#organization\"},\"potentialAction\":[{\"@type\":\"SearchAction\",\"target\":{\"@type\":\"EntryPoint\",\"urlTemplate\":\"https:\\\/\\\/strokeneurorehab.com\\\/en\\\/fooldal-english\\\/?s={search_term_string}\"},\"query-input\":{\"@type\":\"PropertyValueSpecification\",\"valueRequired\":true,\"valueName\":\"search_term_string\"}}],\"inLanguage\":\"en-GB\"},{\"@type\":\"Organization\",\"@id\":\"https:\\\/\\\/strokeneurorehab.com\\\/en\\\/fooldal-english\\\/#organization\",\"name\":\"Stroke Neuro Rehab Kft.\",\"url\":\"https:\\\/\\\/strokeneurorehab.com\\\/en\\\/fooldal-english\\\/\",\"logo\":{\"@type\":\"ImageObject\",\"inLanguage\":\"en-GB\",\"@id\":\"https:\\\/\\\/strokeneurorehab.com\\\/en\\\/fooldal-english\\\/#\\\/schema\\\/logo\\\/image\\\/\",\"url\":\"https:\\\/\\\/strokeneurorehab.com\\\/wp-content\\\/uploads\\\/2024\\\/12\\\/Nevtelen-terv-54.png\",\"contentUrl\":\"https:\\\/\\\/strokeneurorehab.com\\\/wp-content\\\/uploads\\\/2024\\\/12\\\/Nevtelen-terv-54.png\",\"width\":1563,\"height\":1563,\"caption\":\"Stroke Neuro Rehab Kft.\"},\"image\":{\"@id\":\"https:\\\/\\\/strokeneurorehab.com\\\/en\\\/fooldal-english\\\/#\\\/schema\\\/logo\\\/image\\\/\"},\"sameAs\":[\"https:\\\/\\\/www.facebook.com\\\/strokeneurorehab\\\/?locale=hu_HU\",\"https:\\\/\\\/www.instagram.com\\\/stroke_neuro_rehab\\\/\",\"https:\\\/\\\/www.tiktok.com\\\/@stroke_neuro_rehab\"]}]}<\/script>\n<!-- \/ Yoast SEO Premium plugin. -->","yoast_head_json":{"title":"SNR camp Hajd\u00faszoboszl\u00f3 September 2024 - Stroke Neuro Rehab","description":"Tekintsd meg a 2024 szeptemberi SNR t\u00e1bor legjobb pillanatait Hajd\u00faszoboszl\u00f3n, ahol stroke t\u00fal\u00e9l\u0151k rehabilit\u00e1ci\u00f3s programon vettek r\u00e9szt.","robots":{"index":"index","follow":"follow","max-snippet":"max-snippet:-1","max-image-preview":"max-image-preview:large","max-video-preview":"max-video-preview:-1"},"canonical":"https:\/\/strokeneurorehab.com\/en\/snr-camp-hajduszoboszlo-2024-september\/","og_locale":"en_GB","og_type":"article","og_title":"SNR t\u00e1bor Hajd\u00faszoboszl\u00f3 2024. szeptember\u200b - Stroke Neuro Rehab","og_description":"Tekintsd meg a 2024 szeptemberi SNR t\u00e1bor legjobb pillanatait Hajd\u00faszoboszl\u00f3n, ahol stroke t\u00fal\u00e9l\u0151k rehabilit\u00e1ci\u00f3s programon vettek r\u00e9szt.","og_url":"https:\/\/strokeneurorehab.com\/en\/snr-camp-hajduszoboszlo-2024-september\/","og_site_name":"Stroke Neuro Rehab","article_publisher":"https:\/\/www.facebook.com\/strokeneurorehab\/?locale=hu_HU","article_modified_time":"2026-02-09T14:34:59+00:00","og_image":[{"url":"https:\/\/strokeneurorehab.com\/wp-content\/uploads\/2025\/01\/0229C522-F104-440C-9D15-2D3C020BD81A_1_105_c.jpeg","type":"","width":"","height":""}],"twitter_card":"summary_large_image","twitter_description":"Szem\u00e9lyre szabott stroke rehabilit\u00e1ci\u00f3 ARNI m\u00f3dszerrel, k\u00e9pzett instruktorokt\u00f3l. Seg\u00edt\u00fcnk lek\u00fczdeni az agys\u00e9r\u00fcl\u00e9s k\u00f6vetkezm\u00e9nyeit \u00e9s visszatal\u00e1lni az \u00f6n\u00e1ll\u00f3 \u00e9lethez.","twitter_misc":{"Estimated reading time":"1 minute"},"schema":{"@context":"https:\/\/schema.org","@graph":[{"@type":"WebPage","@id":"https:\/\/strokeneurorehab.com\/snr-tabor-hajduszoboszlo-2024-szeptember\/","url":"https:\/\/strokeneurorehab.com\/snr-tabor-hajduszoboszlo-2024-szeptember\/","name":"SNR camp Hajd\u00faszoboszl\u00f3 September 2024 - Stroke Neuro Rehab","isPartOf":{"@id":"https:\/\/strokeneurorehab.com\/en\/fooldal-english\/#website"},"primaryImageOfPage":{"@id":"https:\/\/strokeneurorehab.com\/snr-tabor-hajduszoboszlo-2024-szeptember\/#primaryimage"},"image":{"@id":"https:\/\/strokeneurorehab.com\/snr-tabor-hajduszoboszlo-2024-szeptember\/#primaryimage"},"thumbnailUrl":"https:\/\/strokeneurorehab.com\/wp-content\/uploads\/2025\/01\/0229C522-F104-440C-9D15-2D3C020BD81A_1_105_c.jpeg","datePublished":"2025-01-13T09:21:45+00:00","dateModified":"2026-02-09T14:34:59+00:00","description":"Tekintsd meg a 2024 szeptemberi SNR t\u00e1bor legjobb pillanatait Hajd\u00faszoboszl\u00f3n, ahol stroke t\u00fal\u00e9l\u0151k rehabilit\u00e1ci\u00f3s programon vettek r\u00e9szt.","breadcrumb":{"@id":"https:\/\/strokeneurorehab.com\/snr-tabor-hajduszoboszlo-2024-szeptember\/#breadcrumb"},"inLanguage":"en-GB","potentialAction":[{"@type":"ReadAction","target":["https:\/\/strokeneurorehab.com\/snr-tabor-hajduszoboszlo-2024-szeptember\/"]}]},{"@type":"ImageObject","inLanguage":"en-GB","@id":"https:\/\/strokeneurorehab.com\/snr-tabor-hajduszoboszlo-2024-szeptember\/#primaryimage","url":"https:\/\/strokeneurorehab.com\/wp-content\/uploads\/2025\/01\/0229C522-F104-440C-9D15-2D3C020BD81A_1_105_c.jpeg","contentUrl":"https:\/\/strokeneurorehab.com\/wp-content\/uploads\/2025\/01\/0229C522-F104-440C-9D15-2D3C020BD81A_1_105_c.jpeg"},{"@type":"BreadcrumbList","@id":"https:\/\/strokeneurorehab.com\/snr-tabor-hajduszoboszlo-2024-szeptember\/#breadcrumb","itemListElement":[{"@type":"ListItem","position":1,"name":"Home","item":"https:\/\/strokeneurorehab.com\/"},{"@type":"ListItem","position":2,"name":"SNR t\u00e1bor Hajd\u00faszoboszl\u00f3 2024. szeptember\u200b"}]},{"@type":"WebSite","@id":"https:\/\/strokeneurorehab.com\/en\/fooldal-english\/#website","url":"https:\/\/strokeneurorehab.com\/en\/fooldal-english\/","name":"Stroke Neuro Rehab","description":"There is life after stroke.","publisher":{"@id":"https:\/\/strokeneurorehab.com\/en\/fooldal-english\/#organization"},"potentialAction":[{"@type":"SearchAction","target":{"@type":"EntryPoint","urlTemplate":"https:\/\/strokeneurorehab.com\/en\/fooldal-english\/?s={search_term_string}"},"query-input":{"@type":"PropertyValueSpecification","valueRequired":true,"valueName":"search_term_string"}}],"inLanguage":"en-GB"},{"@type":"Organization","@id":"https:\/\/strokeneurorehab.com\/en\/fooldal-english\/#organization","name":"Stroke Neuro Rehab Ltd.","url":"https:\/\/strokeneurorehab.com\/en\/fooldal-english\/","logo":{"@type":"ImageObject","inLanguage":"en-GB","@id":"https:\/\/strokeneurorehab.com\/en\/fooldal-english\/#\/schema\/logo\/image\/","url":"https:\/\/strokeneurorehab.com\/wp-content\/uploads\/2024\/12\/Nevtelen-terv-54.png","contentUrl":"https:\/\/strokeneurorehab.com\/wp-content\/uploads\/2024\/12\/Nevtelen-terv-54.png","width":1563,"height":1563,"caption":"Stroke Neuro Rehab Kft."},"image":{"@id":"https:\/\/strokeneurorehab.com\/en\/fooldal-english\/#\/schema\/logo\/image\/"},"sameAs":["https:\/\/www.facebook.com\/strokeneurorehab\/?locale=hu_HU","https:\/\/www.instagram.com\/stroke_neuro_rehab\/","https:\/\/www.tiktok.com\/@stroke_neuro_rehab"]}]}},"_links":{"self":[{"href":"https:\/\/strokeneurorehab.com\/en\/wp-json\/wp\/v2\/pages\/4796","targetHints":{"allow":["GET"]}}],"collection":[{"href":"https:\/\/strokeneurorehab.com\/en\/wp-json\/wp\/v2\/pages"}],"about":[{"href":"https:\/\/strokeneurorehab.com\/en\/wp-json\/wp\/v2\/types\/page"}],"author":[{"embeddable":true,"href":"https:\/\/strokeneurorehab.com\/en\/wp-json\/wp\/v2\/users\/1"}],"replies":[{"embeddable":true,"href":"https:\/\/strokeneurorehab.com\/en\/wp-json\/wp\/v2\/comments?post=4796"}],"version-history":[{"count":0,"href":"https:\/\/strokeneurorehab.com\/en\/wp-json\/wp\/v2\/pages\/4796\/revisions"}],"wp:attachment":[{"href":"https:\/\/strokeneurorehab.com\/en\/wp-json\/wp\/v2\/media?parent=4796"}],"curies":[{"name":"wp","href":"https:\/\/api.w.org\/{rel}","templated":true}]}}