{"id":4894,"date":"2025-01-15T10:34:32","date_gmt":"2025-01-15T08:34:32","guid":{"rendered":"https:\/\/strokeneurorehab.com\/?page_id=4894"},"modified":"2025-06-16T15:36:41","modified_gmt":"2025-06-16T13:36:41","slug":"for-professionals","status":"publish","type":"page","link":"https:\/\/strokeneurorehab.com\/en\/szakembereknek\/","title":{"rendered":"For professionals"},"content":{"rendered":"<div data-elementor-type=\"wp-page\" data-elementor-id=\"4894\" class=\"elementor elementor-4894\" data-elementor-settings=\"{&quot;ha_cmc_init_switcher&quot;:&quot;no&quot;}\" data-elementor-post-type=\"page\">\n\t\t\t\t<div class=\"elementor-element elementor-element-8d5f5f2 e-flex e-con-boxed e-con e-parent\" data-id=\"8d5f5f2\" data-element_type=\"container\" data-e-type=\"container\" data-settings=\"{&quot;_ha_eqh_enable&quot;:false}\">\n\t\t\t\t\t<div class=\"e-con-inner\">\n\t\t<div class=\"elementor-element elementor-element-0a1c42e e-con-full e-flex e-con e-child\" data-id=\"0a1c42e\" data-element_type=\"container\" data-e-type=\"container\" data-settings=\"{&quot;_ha_eqh_enable&quot;:false}\">\n\t\t\t\t<div class=\"elementor-element elementor-element-ebeb563 elementor-widget elementor-widget-image\" data-id=\"ebeb563\" data-element_type=\"widget\" data-e-type=\"widget\" data-widget_type=\"image.default\">\n\t\t\t\t<div class=\"elementor-widget-container\">\n\t\t\t\t\t\t\t\t\t\t\t\t\t\t\t<img fetchpriority=\"high\" decoding=\"async\" width=\"1536\" height=\"2048\" src=\"https:\/\/strokeneurorehab.com\/wp-content\/uploads\/2025\/01\/IMG_7607.jpeg\" class=\"attachment-full size-full wp-image-5695\" alt=\"\" srcset=\"https:\/\/strokeneurorehab.com\/wp-content\/uploads\/2025\/01\/IMG_7607.jpeg 1536w, https:\/\/strokeneurorehab.com\/wp-content\/uploads\/2025\/01\/IMG_7607-225x300.jpeg 225w, https:\/\/strokeneurorehab.com\/wp-content\/uploads\/2025\/01\/IMG_7607-768x1024.jpeg 768w, https:\/\/strokeneurorehab.com\/wp-content\/uploads\/2025\/01\/IMG_7607-1152x1536.jpeg 1152w, https:\/\/strokeneurorehab.com\/wp-content\/uploads\/2025\/01\/IMG_7607-600x800.jpeg 600w\" sizes=\"(max-width: 1536px) 100vw, 1536px\" \/>\t\t\t\t\t\t\t\t\t\t\t\t\t\t\t<\/div>\n\t\t\t\t<\/div>\n\t\t\t\t<\/div>\n\t\t<div class=\"elementor-element elementor-element-c070249 e-con-full e-flex e-con e-child\" data-id=\"c070249\" data-element_type=\"container\" data-e-type=\"container\" data-settings=\"{&quot;_ha_eqh_enable&quot;:false}\">\n\t\t\t\t<div class=\"elementor-element elementor-element-95bcfe3 elementor-widget elementor-widget-heading\" data-id=\"95bcfe3\" data-element_type=\"widget\" data-e-type=\"widget\" data-widget_type=\"heading.default\">\n\t\t\t\t<div class=\"elementor-widget-container\">\n\t\t\t\t\t<h2 class=\"elementor-heading-title elementor-size-default\">Purpose and information of the Hungarian course:<\/h2>\t\t\t\t<\/div>\n\t\t\t\t<\/div>\n\t\t\t\t<div class=\"elementor-element elementor-element-416e606 elementor-widget elementor-widget-text-editor\" data-id=\"416e606\" data-element_type=\"widget\" data-e-type=\"widget\" data-widget_type=\"text-editor.default\">\n\t\t\t\t<div class=\"elementor-widget-container\">\n\t\t\t\t\t\t\t\t\t<p><span style=\"font-weight: 400;\">A training course for professionals on brain injury rehabilitation and a condensed version of a 6-day international course that was established in England in 2008.<\/span><span style=\"font-weight: 400;\"><br \/><\/span><span style=\"font-weight: 400;\">The course has been designed in collaboration with the UK Stroke Network for therapists who wish to gain further evidence-based knowledge and innovative skills in the area of Functional Rehabilitation and Exercise Training after Stroke (FRETS). The course includes full theoretical material and provides the opportunity to apply the acquired knowledge in a case study. In Hungary, the Director of the ARNI Institute, Prof. Dr. Tom Balchin, will deliver the theoretical training, and Gabriella P\u00e1sztor, Senior ARNI Instructor, - Physiotherapist, European Development Manager, will deliver the practical training (Workshops).<\/span><\/p>\t\t\t\t\t\t\t\t<\/div>\n\t\t\t\t<\/div>\n\t\t\t\t<\/div>\n\t\t\t\t\t<\/div>\n\t\t\t\t<\/div>\n\t\t<div class=\"elementor-element elementor-element-e0c0664 e-flex e-con-boxed e-con e-parent\" data-id=\"e0c0664\" data-element_type=\"container\" data-e-type=\"container\" data-settings=\"{&quot;_ha_eqh_enable&quot;:false}\">\n\t\t\t\t\t<div class=\"e-con-inner\">\n\t\t\t\t<div class=\"elementor-element elementor-element-3cb0a8b elementor-widget elementor-widget-text-editor\" data-id=\"3cb0a8b\" data-element_type=\"widget\" data-e-type=\"widget\" data-widget_type=\"text-editor.default\">\n\t\t\t\t<div class=\"elementor-widget-container\">\n\t\t\t\t\t\t\t\t\t<p><span style=\"font-weight: 400;\">Our course has the official Adult Education Registration Number: B\/2021\/000945<\/span><span style=\"font-weight: 400;\"><br \/><\/span><span style=\"font-weight: 400;\">Accreditation registration number: <\/span><b>SZTK-A-52135\/2024<\/b><span style=\"font-weight: 400;\"><br \/><\/span><span style=\"font-weight: 400;\">The Movement Therapy and Physiotherapy professional group receives 14 points for this.<\/span><span style=\"font-weight: 400;\"><br \/><\/span><\/p><p><span style=\"font-weight: 400;\">Anyone who participates in this course will gain knowledge that they did not know before, so the fee paid for the training is fully justified and well-founded compensation.<\/span><\/p><p><span style=\"font-weight: 400;\">The student will receive a Hungarian-language syllabus and description of the English material, as well as informative links about research and evidence.<\/span><span style=\"font-weight: 400;\"><br \/><\/span><span style=\"font-weight: 400;\">The course\/further training is primarily intended for 4th year physiotherapy students, qualified physiotherapists, movement therapists, ergo therapists, human kinesiologists, and rehabilitation specialists.<\/span><\/p><p><span style=\"font-weight: 400;\">Application for a Hungarian further training course:\u00a0<\/span><\/p><p><span style=\"font-weight: 400;\">You can apply for the Hungarian training by prior arrangement. For effective education, a group of a predetermined number of people can start so that the participants can successfully master\/apply the special practical training and individual techniques. The organizers launch new intensive courses every year (Prof. Dr. Tom Balchin, Gabriella P\u00e1sztor), for which <\/span><span style=\"font-weight: 400;\">tanfolyam@strokeneurorehab.com<\/span><span style=\"font-weight: 400;\"> You can register at.\u00a0<\/span><\/p><p><span data-contrast=\"auto\">Prices, information, location: <\/span><a href=\"mailto:tanfolyam@strokeneurorehab.com\"><span data-contrast=\"none\">tanfolyam@strokeneurorehab.com<\/span><\/a><span data-contrast=\"auto\">\u00a0<\/span><span data-ccp-props=\"{&quot;134233117&quot;:false,&quot;134233118&quot;:false,&quot;201341983&quot;:0,&quot;335551550&quot;:0,&quot;335551620&quot;:0,&quot;335559738&quot;:0,&quot;335559739&quot;:0,&quot;335559740&quot;:276}\">\u00a0<br \/><\/span><span style=\"font-style: inherit; font-weight: inherit; text-align: var(--text-align); background-color: var(--ast-global-color-4); color: var(--ast-global-color-3); text-decoration-line: initial;\" data-contrast=\"auto\">Phone: <\/span><a style=\"font-style: inherit; font-weight: inherit; text-align: var(--text-align);\" href=\"tel:+36703880697\"><span data-contrast=\"none\">+36703880697<\/span><\/a><span style=\"font-style: inherit; font-weight: inherit; text-align: var(--text-align); background-color: var(--ast-global-color-4); color: var(--ast-global-color-3); text-decoration-line: initial;\" data-ccp-props=\"{&quot;134233117&quot;:false,&quot;134233118&quot;:false,&quot;201341983&quot;:0,&quot;335551550&quot;:0,&quot;335551620&quot;:0,&quot;335559738&quot;:0,&quot;335559739&quot;:0,&quot;335559740&quot;:276}\">\u00a0<\/span><\/p>\t\t\t\t\t\t\t\t<\/div>\n\t\t\t\t<\/div>\n\t\t\t\t\t<\/div>\n\t\t\t\t<\/div>\n\t\t\t\t<\/div>","protected":false},"excerpt":{"rendered":"<p>Magyarorsz\u00e1gi tanfolyam c\u00e9lja, inform\u00e1ci\u00f3: Szakembereknek sz\u00f3l\u00f3 k\u00e9pz\u00e9s mely az agys\u00e9r\u00fcl\u00e9sek rehabilit\u00e1ci\u00f3j\u00e1r\u00f3l sz\u00f3l \u00e9s egy 6 napos nemzetk\u00f6zi tanfolyam s\u0171r\u00edtett v\u00e1ltozata, [&hellip;]<\/p>\n","protected":false},"author":1,"featured_media":0,"parent":0,"menu_order":0,"comment_status":"closed","ping_status":"closed","template":"","meta":{"site-sidebar-layout":"no-sidebar","site-content-layout":"page-builder","ast-site-content-layout":"full-width-container","site-content-style":"default","site-sidebar-style":"default","ast-global-header-display":"","ast-banner-title-visibility":"","ast-main-header-display":"","ast-hfb-above-header-display":"","ast-hfb-below-header-display":"","ast-hfb-mobile-header-display":"","site-post-title":"disabled","ast-breadcrumbs-content":"","ast-featured-img":"disabled","footer-sml-layout":"","ast-disable-related-posts":"","theme-transparent-header-meta":"","adv-header-id-meta":"","stick-header-meta":"","header-above-stick-meta":"","header-main-stick-meta":"","header-below-stick-meta":"","astra-migrate-meta-layouts":"set","ast-page-background-enabled":"default","ast-page-background-meta":{"desktop":{"background-color":"var(--ast-global-color-4)","background-image":"","background-repeat":"repeat","background-position":"center center","background-size":"auto","background-attachment":"scroll","background-type":"","background-media":"","overlay-type":"","overlay-color":"","overlay-opacity":"","overlay-gradient":""},"tablet":{"background-color":"","background-image":"","background-repeat":"repeat","background-position":"center center","background-size":"auto","background-attachment":"scroll","background-type":"","background-media":"","overlay-type":"","overlay-color":"","overlay-opacity":"","overlay-gradient":""},"mobile":{"background-color":"","background-image":"","background-repeat":"repeat","background-position":"center center","background-size":"auto","background-attachment":"scroll","background-type":"","background-media":"","overlay-type":"","overlay-color":"","overlay-opacity":"","overlay-gradient":""}},"ast-content-background-meta":{"desktop":{"background-color":"var(--ast-global-color-5)","background-image":"","background-repeat":"repeat","background-position":"center center","background-size":"auto","background-attachment":"scroll","background-type":"","background-media":"","overlay-type":"","overlay-color":"","overlay-opacity":"","overlay-gradient":""},"tablet":{"background-color":"var(--ast-global-color-5)","background-image":"","background-repeat":"repeat","background-position":"center center","background-size":"auto","background-attachment":"scroll","background-type":"","background-media":"","overlay-type":"","overlay-color":"","overlay-opacity":"","overlay-gradient":""},"mobile":{"background-color":"var(--ast-global-color-5)","background-image":"","background-repeat":"repeat","background-position":"center center","background-size":"auto","background-attachment":"scroll","background-type":"","background-media":"","overlay-type":"","overlay-color":"","overlay-opacity":"","overlay-gradient":""}},"footnotes":""},"class_list":["post-4894","page","type-page","status-publish","hentry"],"yoast_head":"<!-- This site is optimized with the Yoast SEO Premium plugin v27.1 (Yoast SEO v27.3) - https:\/\/yoast.com\/product\/yoast-seo-premium-wordpress\/ -->\n<title>Szakembereknek - Stroke Neuro Rehab<\/title>\n<meta name=\"description\" content=\"Funkcion\u00e1lis Rehabilit\u00e1ci\u00f3 \u00e9s Gyakorlati Tr\u00e9ning szakembereknek a stroke ut\u00e1ni hat\u00e9kony \u00e9s c\u00e9lzott rehabilit\u00e1ci\u00f3 t\u00e1mogat\u00e1s\u00e1ra.\" \/>\n<meta name=\"robots\" content=\"index, follow, max-snippet:-1, max-image-preview:large, max-video-preview:-1\" \/>\n<link rel=\"canonical\" href=\"https:\/\/strokeneurorehab.com\/en\/for-professionals\/\" \/>\n<meta property=\"og:locale\" content=\"en_GB\" \/>\n<meta property=\"og:type\" content=\"article\" \/>\n<meta property=\"og:title\" content=\"Szakembereknek - Stroke Neuro Rehab\" \/>\n<meta property=\"og:description\" content=\"Funkcion\u00e1lis Rehabilit\u00e1ci\u00f3 \u00e9s Gyakorlati Tr\u00e9ning szakembereknek a stroke ut\u00e1ni hat\u00e9kony \u00e9s c\u00e9lzott rehabilit\u00e1ci\u00f3 t\u00e1mogat\u00e1s\u00e1ra.\" \/>\n<meta property=\"og:url\" content=\"https:\/\/strokeneurorehab.com\/en\/for-professionals\/\" \/>\n<meta property=\"og:site_name\" content=\"Stroke Neuro Rehab\" \/>\n<meta property=\"article:publisher\" content=\"https:\/\/www.facebook.com\/strokeneurorehab\/?locale=hu_HU\" \/>\n<meta property=\"article:modified_time\" content=\"2025-06-16T13:36:41+00:00\" \/>\n<meta property=\"og:image\" content=\"https:\/\/strokeneurorehab.com\/wp-content\/uploads\/2025\/01\/IMG_7607.jpeg\" \/>\n<meta name=\"twitter:card\" content=\"summary_large_image\" \/>\n<meta name=\"twitter:description\" content=\"Szem\u00e9lyre szabott stroke rehabilit\u00e1ci\u00f3 ARNI m\u00f3dszerrel, k\u00e9pzett instruktorokt\u00f3l. Seg\u00edt\u00fcnk lek\u00fczdeni az agys\u00e9r\u00fcl\u00e9s k\u00f6vetkezm\u00e9nyeit \u00e9s visszatal\u00e1lni az \u00f6n\u00e1ll\u00f3 \u00e9lethez.\" \/>\n<meta name=\"twitter:label1\" content=\"Estimated reading time\" \/>\n\t<meta name=\"twitter:data1\" content=\"2 minutes\" \/>\n<script type=\"application\/ld+json\" class=\"yoast-schema-graph\">{\"@context\":\"https:\\\/\\\/schema.org\",\"@graph\":[{\"@type\":\"WebPage\",\"@id\":\"https:\\\/\\\/strokeneurorehab.com\\\/szakembereknek\\\/\",\"url\":\"https:\\\/\\\/strokeneurorehab.com\\\/szakembereknek\\\/\",\"name\":\"Szakembereknek - Stroke Neuro Rehab\",\"isPartOf\":{\"@id\":\"https:\\\/\\\/strokeneurorehab.com\\\/en\\\/fooldal-english\\\/#website\"},\"primaryImageOfPage\":{\"@id\":\"https:\\\/\\\/strokeneurorehab.com\\\/szakembereknek\\\/#primaryimage\"},\"image\":{\"@id\":\"https:\\\/\\\/strokeneurorehab.com\\\/szakembereknek\\\/#primaryimage\"},\"thumbnailUrl\":\"https:\\\/\\\/strokeneurorehab.com\\\/wp-content\\\/uploads\\\/2025\\\/01\\\/IMG_7607.jpeg\",\"datePublished\":\"2025-01-15T08:34:32+00:00\",\"dateModified\":\"2025-06-16T13:36:41+00:00\",\"description\":\"Funkcion\u00e1lis Rehabilit\u00e1ci\u00f3 \u00e9s Gyakorlati Tr\u00e9ning szakembereknek a stroke ut\u00e1ni hat\u00e9kony \u00e9s c\u00e9lzott rehabilit\u00e1ci\u00f3 t\u00e1mogat\u00e1s\u00e1ra.\",\"breadcrumb\":{\"@id\":\"https:\\\/\\\/strokeneurorehab.com\\\/szakembereknek\\\/#breadcrumb\"},\"inLanguage\":\"en-GB\",\"potentialAction\":[{\"@type\":\"ReadAction\",\"target\":[\"https:\\\/\\\/strokeneurorehab.com\\\/szakembereknek\\\/\"]}]},{\"@type\":\"ImageObject\",\"inLanguage\":\"en-GB\",\"@id\":\"https:\\\/\\\/strokeneurorehab.com\\\/szakembereknek\\\/#primaryimage\",\"url\":\"https:\\\/\\\/strokeneurorehab.com\\\/wp-content\\\/uploads\\\/2025\\\/01\\\/IMG_7607.jpeg\",\"contentUrl\":\"https:\\\/\\\/strokeneurorehab.com\\\/wp-content\\\/uploads\\\/2025\\\/01\\\/IMG_7607.jpeg\"},{\"@type\":\"BreadcrumbList\",\"@id\":\"https:\\\/\\\/strokeneurorehab.com\\\/szakembereknek\\\/#breadcrumb\",\"itemListElement\":[{\"@type\":\"ListItem\",\"position\":1,\"name\":\"Home\",\"item\":\"https:\\\/\\\/strokeneurorehab.com\\\/\"},{\"@type\":\"ListItem\",\"position\":2,\"name\":\"Szakembereknek\"}]},{\"@type\":\"WebSite\",\"@id\":\"https:\\\/\\\/strokeneurorehab.com\\\/en\\\/fooldal-english\\\/#website\",\"url\":\"https:\\\/\\\/strokeneurorehab.com\\\/en\\\/fooldal-english\\\/\",\"name\":\"Stroke Neuro Rehab\",\"description\":\"Van \u00e9let a stroke ut\u00e1n.\",\"publisher\":{\"@id\":\"https:\\\/\\\/strokeneurorehab.com\\\/en\\\/fooldal-english\\\/#organization\"},\"potentialAction\":[{\"@type\":\"SearchAction\",\"target\":{\"@type\":\"EntryPoint\",\"urlTemplate\":\"https:\\\/\\\/strokeneurorehab.com\\\/en\\\/fooldal-english\\\/?s={search_term_string}\"},\"query-input\":{\"@type\":\"PropertyValueSpecification\",\"valueRequired\":true,\"valueName\":\"search_term_string\"}}],\"inLanguage\":\"en-GB\"},{\"@type\":\"Organization\",\"@id\":\"https:\\\/\\\/strokeneurorehab.com\\\/en\\\/fooldal-english\\\/#organization\",\"name\":\"Stroke Neuro Rehab Kft.\",\"url\":\"https:\\\/\\\/strokeneurorehab.com\\\/en\\\/fooldal-english\\\/\",\"logo\":{\"@type\":\"ImageObject\",\"inLanguage\":\"en-GB\",\"@id\":\"https:\\\/\\\/strokeneurorehab.com\\\/en\\\/fooldal-english\\\/#\\\/schema\\\/logo\\\/image\\\/\",\"url\":\"https:\\\/\\\/strokeneurorehab.com\\\/wp-content\\\/uploads\\\/2024\\\/12\\\/Nevtelen-terv-54.png\",\"contentUrl\":\"https:\\\/\\\/strokeneurorehab.com\\\/wp-content\\\/uploads\\\/2024\\\/12\\\/Nevtelen-terv-54.png\",\"width\":1563,\"height\":1563,\"caption\":\"Stroke Neuro Rehab Kft.\"},\"image\":{\"@id\":\"https:\\\/\\\/strokeneurorehab.com\\\/en\\\/fooldal-english\\\/#\\\/schema\\\/logo\\\/image\\\/\"},\"sameAs\":[\"https:\\\/\\\/www.facebook.com\\\/strokeneurorehab\\\/?locale=hu_HU\",\"https:\\\/\\\/www.instagram.com\\\/stroke_neuro_rehab\\\/\",\"https:\\\/\\\/www.tiktok.com\\\/@stroke_neuro_rehab\"]}]}<\/script>\n<!-- \/ Yoast SEO Premium plugin. -->","yoast_head_json":{"title":"For professionals - Stroke Neuro Rehab","description":"Funkcion\u00e1lis Rehabilit\u00e1ci\u00f3 \u00e9s Gyakorlati Tr\u00e9ning szakembereknek a stroke ut\u00e1ni hat\u00e9kony \u00e9s c\u00e9lzott rehabilit\u00e1ci\u00f3 t\u00e1mogat\u00e1s\u00e1ra.","robots":{"index":"index","follow":"follow","max-snippet":"max-snippet:-1","max-image-preview":"max-image-preview:large","max-video-preview":"max-video-preview:-1"},"canonical":"https:\/\/strokeneurorehab.com\/en\/for-professionals\/","og_locale":"en_GB","og_type":"article","og_title":"Szakembereknek - Stroke Neuro Rehab","og_description":"Funkcion\u00e1lis Rehabilit\u00e1ci\u00f3 \u00e9s Gyakorlati Tr\u00e9ning szakembereknek a stroke ut\u00e1ni hat\u00e9kony \u00e9s c\u00e9lzott rehabilit\u00e1ci\u00f3 t\u00e1mogat\u00e1s\u00e1ra.","og_url":"https:\/\/strokeneurorehab.com\/en\/for-professionals\/","og_site_name":"Stroke Neuro Rehab","article_publisher":"https:\/\/www.facebook.com\/strokeneurorehab\/?locale=hu_HU","article_modified_time":"2025-06-16T13:36:41+00:00","og_image":[{"url":"https:\/\/strokeneurorehab.com\/wp-content\/uploads\/2025\/01\/IMG_7607.jpeg","type":"","width":"","height":""}],"twitter_card":"summary_large_image","twitter_description":"Szem\u00e9lyre szabott stroke rehabilit\u00e1ci\u00f3 ARNI m\u00f3dszerrel, k\u00e9pzett instruktorokt\u00f3l. Seg\u00edt\u00fcnk lek\u00fczdeni az agys\u00e9r\u00fcl\u00e9s k\u00f6vetkezm\u00e9nyeit \u00e9s visszatal\u00e1lni az \u00f6n\u00e1ll\u00f3 \u00e9lethez.","twitter_misc":{"Estimated reading time":"2 minutes"},"schema":{"@context":"https:\/\/schema.org","@graph":[{"@type":"WebPage","@id":"https:\/\/strokeneurorehab.com\/szakembereknek\/","url":"https:\/\/strokeneurorehab.com\/szakembereknek\/","name":"For professionals - Stroke Neuro Rehab","isPartOf":{"@id":"https:\/\/strokeneurorehab.com\/en\/fooldal-english\/#website"},"primaryImageOfPage":{"@id":"https:\/\/strokeneurorehab.com\/szakembereknek\/#primaryimage"},"image":{"@id":"https:\/\/strokeneurorehab.com\/szakembereknek\/#primaryimage"},"thumbnailUrl":"https:\/\/strokeneurorehab.com\/wp-content\/uploads\/2025\/01\/IMG_7607.jpeg","datePublished":"2025-01-15T08:34:32+00:00","dateModified":"2025-06-16T13:36:41+00:00","description":"Funkcion\u00e1lis Rehabilit\u00e1ci\u00f3 \u00e9s Gyakorlati Tr\u00e9ning szakembereknek a stroke ut\u00e1ni hat\u00e9kony \u00e9s c\u00e9lzott rehabilit\u00e1ci\u00f3 t\u00e1mogat\u00e1s\u00e1ra.","breadcrumb":{"@id":"https:\/\/strokeneurorehab.com\/szakembereknek\/#breadcrumb"},"inLanguage":"en-GB","potentialAction":[{"@type":"ReadAction","target":["https:\/\/strokeneurorehab.com\/szakembereknek\/"]}]},{"@type":"ImageObject","inLanguage":"en-GB","@id":"https:\/\/strokeneurorehab.com\/szakembereknek\/#primaryimage","url":"https:\/\/strokeneurorehab.com\/wp-content\/uploads\/2025\/01\/IMG_7607.jpeg","contentUrl":"https:\/\/strokeneurorehab.com\/wp-content\/uploads\/2025\/01\/IMG_7607.jpeg"},{"@type":"BreadcrumbList","@id":"https:\/\/strokeneurorehab.com\/szakembereknek\/#breadcrumb","itemListElement":[{"@type":"ListItem","position":1,"name":"Home","item":"https:\/\/strokeneurorehab.com\/"},{"@type":"ListItem","position":2,"name":"Szakembereknek"}]},{"@type":"WebSite","@id":"https:\/\/strokeneurorehab.com\/en\/fooldal-english\/#website","url":"https:\/\/strokeneurorehab.com\/en\/fooldal-english\/","name":"Stroke Neuro Rehab","description":"There is life after stroke.","publisher":{"@id":"https:\/\/strokeneurorehab.com\/en\/fooldal-english\/#organization"},"potentialAction":[{"@type":"SearchAction","target":{"@type":"EntryPoint","urlTemplate":"https:\/\/strokeneurorehab.com\/en\/fooldal-english\/?s={search_term_string}"},"query-input":{"@type":"PropertyValueSpecification","valueRequired":true,"valueName":"search_term_string"}}],"inLanguage":"en-GB"},{"@type":"Organization","@id":"https:\/\/strokeneurorehab.com\/en\/fooldal-english\/#organization","name":"Stroke Neuro Rehab Ltd.","url":"https:\/\/strokeneurorehab.com\/en\/fooldal-english\/","logo":{"@type":"ImageObject","inLanguage":"en-GB","@id":"https:\/\/strokeneurorehab.com\/en\/fooldal-english\/#\/schema\/logo\/image\/","url":"https:\/\/strokeneurorehab.com\/wp-content\/uploads\/2024\/12\/Nevtelen-terv-54.png","contentUrl":"https:\/\/strokeneurorehab.com\/wp-content\/uploads\/2024\/12\/Nevtelen-terv-54.png","width":1563,"height":1563,"caption":"Stroke Neuro Rehab Kft."},"image":{"@id":"https:\/\/strokeneurorehab.com\/en\/fooldal-english\/#\/schema\/logo\/image\/"},"sameAs":["https:\/\/www.facebook.com\/strokeneurorehab\/?locale=hu_HU","https:\/\/www.instagram.com\/stroke_neuro_rehab\/","https:\/\/www.tiktok.com\/@stroke_neuro_rehab"]}]}},"_links":{"self":[{"href":"https:\/\/strokeneurorehab.com\/en\/wp-json\/wp\/v2\/pages\/4894","targetHints":{"allow":["GET"]}}],"collection":[{"href":"https:\/\/strokeneurorehab.com\/en\/wp-json\/wp\/v2\/pages"}],"about":[{"href":"https:\/\/strokeneurorehab.com\/en\/wp-json\/wp\/v2\/types\/page"}],"author":[{"embeddable":true,"href":"https:\/\/strokeneurorehab.com\/en\/wp-json\/wp\/v2\/users\/1"}],"replies":[{"embeddable":true,"href":"https:\/\/strokeneurorehab.com\/en\/wp-json\/wp\/v2\/comments?post=4894"}],"version-history":[{"count":0,"href":"https:\/\/strokeneurorehab.com\/en\/wp-json\/wp\/v2\/pages\/4894\/revisions"}],"wp:attachment":[{"href":"https:\/\/strokeneurorehab.com\/en\/wp-json\/wp\/v2\/media?parent=4894"}],"curies":[{"name":"wp","href":"https:\/\/api.w.org\/{rel}","templated":true}]}}