{"id":6063,"date":"2025-01-29T12:54:13","date_gmt":"2025-01-29T10:54:13","guid":{"rendered":"https:\/\/strokeneurorehab.com\/?post_type=product&#038;p=6063"},"modified":"2026-01-09T12:31:31","modified_gmt":"2026-01-09T10:31:31","slug":"snr-arni-elo-online-gyogytorna-4-alkalmas","status":"publish","type":"product","link":"https:\/\/strokeneurorehab.com\/en\/product\/snr-arni-elo-online-gyogytorna-4-alkalmas\/","title":{"rendered":"SNR\/ARNI LIVE ONLINE Therapeutic Exercise 4 times"},"content":{"rendered":"<div class=\"x11i5rnm xat24cr x1mh8g0r x1vvkbs xtlvy1s x126k92a\">\n<div dir=\"auto\">\n<div class=\"x11i5rnm xat24cr x1mh8g0r x1vvkbs xtlvy1s x126k92a\">\n<div dir=\"auto\">\n<h3>LIVE ONLINE Stroke Neuro Rehab GYM\/Intensive Functional Exercise Training<\/h3>\n<p><strong>H\u00e9tf\u0151nk\u00e9nt \u00e9l\u0151ben folyik, Zoom alkalmaz\u00e1son kereszt\u00fcl. Nem lesz visszaj\u00e1tszhat\u00f3.<\/strong><\/p>\n<p>A qualified SNR\/ARNI Physiotherapist\/Trainer will conduct the training, for a maximum of 25 people at a time, so he\/she can monitor your progress with the exercises and help you if necessary.<\/p>\n<p>Gabi P\u00e1sztor, ARNI&#039;s leading physiotherapist, will also participate in the training as a professional guide. At the end of the training, you can ask Gabi for personalized advice regarding your own condition.<\/p>\n<p>You can only participate with the camera turned on. This is the only way for the trainer to monitor the correct execution of the exercises. If the camera is turned off, the participant will be removed from the group. The participation fee will not be refunded in this case.<\/p>\n<p>What is important to us is to help you get your old life back as soon as possible!<\/p>\n<h4>A torna 60 perces, h\u00e9tf\u0151nk\u00e9nt 18:00-19:00-ig tart.<\/h4>\n<\/div>\n<p>Zoom room login details will be sent by email on the day of the tournament after payment.<\/p>\n<h4>The number of people is limited!<\/h4>\n<p>Please note when registering that if others pay before you, you may miss the tournament. You can secure your spot for the next class by prior arrangement, so that the time is convenient for you too.<\/p>\n<p>If you have any questions\/requests, please contact us.\u00a0<strong>Petra T\u00f3th-Viszlay at +36703880697<\/strong>\u00a0<strong>on the phone number<\/strong>or write a message to\u00a0<a href=\"mailto:info@strokeneurorehab.com\">info@strokeneurorehab.com<\/a>\u00a0to the address!<\/p>\n<\/div>\n<\/div>\n<\/div>","protected":false},"excerpt":{"rendered":"<div class=\"x11i5rnm xat24cr x1mh8g0r x1vvkbs xtlvy1s x126k92a\">\n<div dir=\"auto\">A qualified SNR\/ARNI Physiotherapist\/Trainer will conduct the training, for a maximum of 20 people at a time, so he\/she can monitor your progress with the exercises and help you if necessary.<\/div>\n<\/div>\n<div class=\"x11i5rnm xat24cr x1mh8g0r x1vvkbs xtlvy1s x126k92a\">\n<div dir=\"auto\"><\/div>\n<\/div>","protected":false},"featured_media":6068,"comment_status":"open","ping_status":"closed","template":"","meta":{"site-sidebar-layout":"default","site-content-layout":"","ast-site-content-layout":"default","site-content-style":"default","site-sidebar-style":"default","ast-global-header-display":"","ast-banner-title-visibility":"","ast-main-header-display":"","ast-hfb-above-header-display":"","ast-hfb-below-header-display":"","ast-hfb-mobile-header-display":"","site-post-title":"","ast-breadcrumbs-content":"","ast-featured-img":"","footer-sml-layout":"","ast-disable-related-posts":"","theme-transparent-header-meta":"default","adv-header-id-meta":"","stick-header-meta":"default","header-above-stick-meta":"","header-main-stick-meta":"","header-below-stick-meta":"","astra-migrate-meta-layouts":"set","ast-page-background-enabled":"default","ast-page-background-meta":{"desktop":{"background-color":"var(--ast-global-color-4)","background-image":"","background-repeat":"repeat","background-position":"center center","background-size":"auto","background-attachment":"scroll","background-type":"","background-media":"","overlay-type":"","overlay-color":"","overlay-opacity":"","overlay-gradient":""},"tablet":{"background-color":"","background-image":"","background-repeat":"repeat","background-position":"center center","background-size":"auto","background-attachment":"scroll","background-type":"","background-media":"","overlay-type":"","overlay-color":"","overlay-opacity":"","overlay-gradient":""},"mobile":{"background-color":"","background-image":"","background-repeat":"repeat","background-position":"center center","background-size":"auto","background-attachment":"scroll","background-type":"","background-media":"","overlay-type":"","overlay-color":"","overlay-opacity":"","overlay-gradient":""}},"ast-content-background-meta":{"desktop":{"background-color":"var(--ast-global-color-5)","background-image":"","background-repeat":"repeat","background-position":"center center","background-size":"auto","background-attachment":"scroll","background-type":"","background-media":"","overlay-type":"","overlay-color":"","overlay-opacity":"","overlay-gradient":""},"tablet":{"background-color":"var(--ast-global-color-5)","background-image":"","background-repeat":"repeat","background-position":"center center","background-size":"auto","background-attachment":"scroll","background-type":"","background-media":"","overlay-type":"","overlay-color":"","overlay-opacity":"","overlay-gradient":""},"mobile":{"background-color":"var(--ast-global-color-5)","background-image":"","background-repeat":"repeat","background-position":"center center","background-size":"auto","background-attachment":"scroll","background-type":"","background-media":"","overlay-type":"","overlay-color":"","overlay-opacity":"","overlay-gradient":""}}},"product_brand":[],"product_cat":[67],"product_tag":[68],"class_list":{"0":"post-6063","1":"product","2":"type-product","3":"status-publish","4":"has-post-thumbnail","6":"product_cat-snr-arni-elo-online-torna","7":"product_tag-online_torna","8":"desktop-align-left","9":"tablet-align-left","10":"mobile-align-left","12":"first","13":"instock","14":"virtual","15":"purchasable","16":"product-type-simple"},"yoast_head":"<!-- This site is optimized with the Yoast SEO Premium plugin v27.1 (Yoast SEO v27.3) - https:\/\/yoast.com\/product\/yoast-seo-premium-wordpress\/ -->\n<title>SNR\/ARNI \u00c9L\u0150 ONLINE Gy\u00f3gytorna 4 alkalmas - Stroke Neuro Rehab<\/title>\n<meta name=\"robots\" content=\"index, follow, max-snippet:-1, max-image-preview:large, max-video-preview:-1\" \/>\n<link rel=\"canonical\" href=\"https:\/\/strokeneurorehab.com\/en\/product\/snr-arni-elo-online-gyogytorna-4-alkalmas\/\" \/>\n<meta property=\"og:locale\" content=\"en_GB\" \/>\n<meta property=\"og:type\" content=\"article\" \/>\n<meta property=\"og:title\" content=\"SNR\/ARNI \u00c9L\u0150 ONLINE Gy\u00f3gytorna 4 alkalmas\" \/>\n<meta property=\"og:description\" content=\"Egy szakk\u00e9pzett SNR\/ARNI Gy\u00f3gytorn\u00e1sz\/Tr\u00e9ner tartja a tr\u00e9ninget, egyszerre maximum 20 f\u0151 sz\u00e1m\u00e1ra, \u00edgy nyomon tudja k\u00f6vetni, hogy hogy haladsz a gyakorlattal, \u00e9s sz\u00fcks\u00e9g eset\u00e9n seg\u00edteni tud Neked a Tr\u00e9ner\/gy\u00f3gytorn\u00e1sz.\" \/>\n<meta property=\"og:url\" content=\"https:\/\/strokeneurorehab.com\/en\/product\/snr-arni-elo-online-gyogytorna-4-alkalmas\/\" \/>\n<meta property=\"og:site_name\" content=\"Stroke Neuro Rehab\" \/>\n<meta property=\"article:publisher\" content=\"https:\/\/www.facebook.com\/strokeneurorehab\/?locale=hu_HU\" \/>\n<meta property=\"article:modified_time\" content=\"2026-01-09T10:31:31+00:00\" \/>\n<meta property=\"og:image\" content=\"https:\/\/strokeneurorehab.com\/wp-content\/uploads\/2025\/01\/2023_torna-4.jpg\" \/>\n\t<meta property=\"og:image:width\" content=\"540\" \/>\n\t<meta property=\"og:image:height\" content=\"540\" \/>\n\t<meta property=\"og:image:type\" content=\"image\/jpeg\" \/>\n<meta name=\"twitter:card\" content=\"summary_large_image\" \/>\n<meta name=\"twitter:label1\" content=\"Price\" \/>\n\t<meta name=\"twitter:data1\" content=\"22 500&nbsp;&#070;&#116;\" \/>\n\t<meta name=\"twitter:label2\" content=\"Availability\" \/>\n\t<meta name=\"twitter:data2\" content=\"In stock\" \/>\n<script type=\"application\/ld+json\" class=\"yoast-schema-graph\">{\"@context\":\"https:\\\/\\\/schema.org\",\"@graph\":[{\"@type\":\"WebPage\",\"@id\":\"https:\\\/\\\/strokeneurorehab.com\\\/product\\\/snr-arni-elo-online-gyogytorna-4-alkalmas\\\/\",\"url\":\"https:\\\/\\\/strokeneurorehab.com\\\/product\\\/snr-arni-elo-online-gyogytorna-4-alkalmas\\\/\",\"name\":\"SNR\\\/ARNI \u00c9L\u0150 ONLINE Gy\u00f3gytorna 4 alkalmas - Stroke Neuro Rehab\",\"isPartOf\":{\"@id\":\"https:\\\/\\\/strokeneurorehab.com\\\/en\\\/fooldal-english\\\/#website\"},\"primaryImageOfPage\":{\"@id\":\"https:\\\/\\\/strokeneurorehab.com\\\/product\\\/snr-arni-elo-online-gyogytorna-4-alkalmas\\\/#primaryimage\"},\"image\":{\"@id\":\"https:\\\/\\\/strokeneurorehab.com\\\/product\\\/snr-arni-elo-online-gyogytorna-4-alkalmas\\\/#primaryimage\"},\"thumbnailUrl\":\"https:\\\/\\\/strokeneurorehab.com\\\/wp-content\\\/uploads\\\/2025\\\/01\\\/2023_torna-4.jpg\",\"datePublished\":\"2025-01-29T10:54:13+00:00\",\"dateModified\":\"2026-01-09T10:31:31+00:00\",\"breadcrumb\":{\"@id\":\"https:\\\/\\\/strokeneurorehab.com\\\/product\\\/snr-arni-elo-online-gyogytorna-4-alkalmas\\\/#breadcrumb\"},\"inLanguage\":\"en-GB\",\"potentialAction\":[{\"@type\":\"ReadAction\",\"target\":[\"https:\\\/\\\/strokeneurorehab.com\\\/product\\\/snr-arni-elo-online-gyogytorna-4-alkalmas\\\/\"]}]},{\"@type\":\"ImageObject\",\"inLanguage\":\"en-GB\",\"@id\":\"https:\\\/\\\/strokeneurorehab.com\\\/product\\\/snr-arni-elo-online-gyogytorna-4-alkalmas\\\/#primaryimage\",\"url\":\"https:\\\/\\\/strokeneurorehab.com\\\/wp-content\\\/uploads\\\/2025\\\/01\\\/2023_torna-4.jpg\",\"contentUrl\":\"https:\\\/\\\/strokeneurorehab.com\\\/wp-content\\\/uploads\\\/2025\\\/01\\\/2023_torna-4.jpg\",\"width\":540,\"height\":540},{\"@type\":\"BreadcrumbList\",\"@id\":\"https:\\\/\\\/strokeneurorehab.com\\\/product\\\/snr-arni-elo-online-gyogytorna-4-alkalmas\\\/#breadcrumb\",\"itemListElement\":[{\"@type\":\"ListItem\",\"position\":1,\"name\":\"Home\",\"item\":\"https:\\\/\\\/strokeneurorehab.com\\\/\"},{\"@type\":\"ListItem\",\"position\":2,\"name\":\"Shop\",\"item\":\"https:\\\/\\\/strokeneurorehab.com\\\/shop\\\/\"},{\"@type\":\"ListItem\",\"position\":3,\"name\":\"SNR\\\/ARNI \u00c9L\u0150 ONLINE Gy\u00f3gytorna 4 alkalmas\"}]},{\"@type\":\"WebSite\",\"@id\":\"https:\\\/\\\/strokeneurorehab.com\\\/en\\\/fooldal-english\\\/#website\",\"url\":\"https:\\\/\\\/strokeneurorehab.com\\\/en\\\/fooldal-english\\\/\",\"name\":\"Stroke Neuro Rehab\",\"description\":\"Van \u00e9let a stroke ut\u00e1n.\",\"publisher\":{\"@id\":\"https:\\\/\\\/strokeneurorehab.com\\\/en\\\/fooldal-english\\\/#organization\"},\"potentialAction\":[{\"@type\":\"SearchAction\",\"target\":{\"@type\":\"EntryPoint\",\"urlTemplate\":\"https:\\\/\\\/strokeneurorehab.com\\\/en\\\/fooldal-english\\\/?s={search_term_string}\"},\"query-input\":{\"@type\":\"PropertyValueSpecification\",\"valueRequired\":true,\"valueName\":\"search_term_string\"}}],\"inLanguage\":\"en-GB\"},{\"@type\":\"Organization\",\"@id\":\"https:\\\/\\\/strokeneurorehab.com\\\/en\\\/fooldal-english\\\/#organization\",\"name\":\"Stroke Neuro Rehab Kft.\",\"url\":\"https:\\\/\\\/strokeneurorehab.com\\\/en\\\/fooldal-english\\\/\",\"logo\":{\"@type\":\"ImageObject\",\"inLanguage\":\"en-GB\",\"@id\":\"https:\\\/\\\/strokeneurorehab.com\\\/en\\\/fooldal-english\\\/#\\\/schema\\\/logo\\\/image\\\/\",\"url\":\"https:\\\/\\\/strokeneurorehab.com\\\/wp-content\\\/uploads\\\/2024\\\/12\\\/Nevtelen-terv-54.png\",\"contentUrl\":\"https:\\\/\\\/strokeneurorehab.com\\\/wp-content\\\/uploads\\\/2024\\\/12\\\/Nevtelen-terv-54.png\",\"width\":1563,\"height\":1563,\"caption\":\"Stroke Neuro Rehab Kft.\"},\"image\":{\"@id\":\"https:\\\/\\\/strokeneurorehab.com\\\/en\\\/fooldal-english\\\/#\\\/schema\\\/logo\\\/image\\\/\"},\"sameAs\":[\"https:\\\/\\\/www.facebook.com\\\/strokeneurorehab\\\/?locale=hu_HU\",\"https:\\\/\\\/www.instagram.com\\\/stroke_neuro_rehab\\\/\",\"https:\\\/\\\/www.tiktok.com\\\/@stroke_neuro_rehab\"]}]}<\/script>\n<meta property=\"product:price:amount\" content=\"22500\" \/>\n<meta property=\"product:price:currency\" content=\"HUF\" \/>\n<meta property=\"og:availability\" content=\"instock\" \/>\n<meta property=\"product:availability\" content=\"instock\" \/>\n<meta property=\"product:condition\" content=\"new\" \/>\n<!-- \/ Yoast SEO Premium plugin. -->","yoast_head_json":{"title":"SNR\/ARNI \u00c9L\u0150 ONLINE Gy\u00f3gytorna 4 alkalmas - Stroke Neuro Rehab","robots":{"index":"index","follow":"follow","max-snippet":"max-snippet:-1","max-image-preview":"max-image-preview:large","max-video-preview":"max-video-preview:-1"},"canonical":"https:\/\/strokeneurorehab.com\/en\/product\/snr-arni-elo-online-gyogytorna-4-alkalmas\/","og_locale":"en_GB","og_type":"article","og_title":"SNR\/ARNI \u00c9L\u0150 ONLINE Gy\u00f3gytorna 4 alkalmas","og_description":"Egy szakk\u00e9pzett SNR\/ARNI Gy\u00f3gytorn\u00e1sz\/Tr\u00e9ner tartja a tr\u00e9ninget, egyszerre maximum 20 f\u0151 sz\u00e1m\u00e1ra, \u00edgy nyomon tudja k\u00f6vetni, hogy hogy haladsz a gyakorlattal, \u00e9s sz\u00fcks\u00e9g eset\u00e9n seg\u00edteni tud Neked a Tr\u00e9ner\/gy\u00f3gytorn\u00e1sz.","og_url":"https:\/\/strokeneurorehab.com\/en\/product\/snr-arni-elo-online-gyogytorna-4-alkalmas\/","og_site_name":"Stroke Neuro Rehab","article_publisher":"https:\/\/www.facebook.com\/strokeneurorehab\/?locale=hu_HU","article_modified_time":"2026-01-09T10:31:31+00:00","og_image":[{"width":540,"height":540,"url":"https:\/\/strokeneurorehab.com\/wp-content\/uploads\/2025\/01\/2023_torna-4.jpg","type":"image\/jpeg"}],"twitter_card":"summary_large_image","twitter_misc":{"Price":"22 500&nbsp;&#70;&#116;","Availability":"In stock"},"schema":{"@context":"https:\/\/schema.org","@graph":[{"@type":"WebPage","@id":"https:\/\/strokeneurorehab.com\/product\/snr-arni-elo-online-gyogytorna-4-alkalmas\/","url":"https:\/\/strokeneurorehab.com\/product\/snr-arni-elo-online-gyogytorna-4-alkalmas\/","name":"SNR\/ARNI \u00c9L\u0150 ONLINE Gy\u00f3gytorna 4 alkalmas - Stroke Neuro Rehab","isPartOf":{"@id":"https:\/\/strokeneurorehab.com\/en\/fooldal-english\/#website"},"primaryImageOfPage":{"@id":"https:\/\/strokeneurorehab.com\/product\/snr-arni-elo-online-gyogytorna-4-alkalmas\/#primaryimage"},"image":{"@id":"https:\/\/strokeneurorehab.com\/product\/snr-arni-elo-online-gyogytorna-4-alkalmas\/#primaryimage"},"thumbnailUrl":"https:\/\/strokeneurorehab.com\/wp-content\/uploads\/2025\/01\/2023_torna-4.jpg","datePublished":"2025-01-29T10:54:13+00:00","dateModified":"2026-01-09T10:31:31+00:00","breadcrumb":{"@id":"https:\/\/strokeneurorehab.com\/product\/snr-arni-elo-online-gyogytorna-4-alkalmas\/#breadcrumb"},"inLanguage":"en-GB","potentialAction":[{"@type":"ReadAction","target":["https:\/\/strokeneurorehab.com\/product\/snr-arni-elo-online-gyogytorna-4-alkalmas\/"]}]},{"@type":"ImageObject","inLanguage":"en-GB","@id":"https:\/\/strokeneurorehab.com\/product\/snr-arni-elo-online-gyogytorna-4-alkalmas\/#primaryimage","url":"https:\/\/strokeneurorehab.com\/wp-content\/uploads\/2025\/01\/2023_torna-4.jpg","contentUrl":"https:\/\/strokeneurorehab.com\/wp-content\/uploads\/2025\/01\/2023_torna-4.jpg","width":540,"height":540},{"@type":"BreadcrumbList","@id":"https:\/\/strokeneurorehab.com\/product\/snr-arni-elo-online-gyogytorna-4-alkalmas\/#breadcrumb","itemListElement":[{"@type":"ListItem","position":1,"name":"Home","item":"https:\/\/strokeneurorehab.com\/"},{"@type":"ListItem","position":2,"name":"Shop","item":"https:\/\/strokeneurorehab.com\/shop\/"},{"@type":"ListItem","position":3,"name":"SNR\/ARNI \u00c9L\u0150 ONLINE Gy\u00f3gytorna 4 alkalmas"}]},{"@type":"WebSite","@id":"https:\/\/strokeneurorehab.com\/en\/fooldal-english\/#website","url":"https:\/\/strokeneurorehab.com\/en\/fooldal-english\/","name":"Stroke Neuro Rehab","description":"There is life after stroke.","publisher":{"@id":"https:\/\/strokeneurorehab.com\/en\/fooldal-english\/#organization"},"potentialAction":[{"@type":"SearchAction","target":{"@type":"EntryPoint","urlTemplate":"https:\/\/strokeneurorehab.com\/en\/fooldal-english\/?s={search_term_string}"},"query-input":{"@type":"PropertyValueSpecification","valueRequired":true,"valueName":"search_term_string"}}],"inLanguage":"en-GB"},{"@type":"Organization","@id":"https:\/\/strokeneurorehab.com\/en\/fooldal-english\/#organization","name":"Stroke Neuro Rehab Ltd.","url":"https:\/\/strokeneurorehab.com\/en\/fooldal-english\/","logo":{"@type":"ImageObject","inLanguage":"en-GB","@id":"https:\/\/strokeneurorehab.com\/en\/fooldal-english\/#\/schema\/logo\/image\/","url":"https:\/\/strokeneurorehab.com\/wp-content\/uploads\/2024\/12\/Nevtelen-terv-54.png","contentUrl":"https:\/\/strokeneurorehab.com\/wp-content\/uploads\/2024\/12\/Nevtelen-terv-54.png","width":1563,"height":1563,"caption":"Stroke Neuro Rehab Kft."},"image":{"@id":"https:\/\/strokeneurorehab.com\/en\/fooldal-english\/#\/schema\/logo\/image\/"},"sameAs":["https:\/\/www.facebook.com\/strokeneurorehab\/?locale=hu_HU","https:\/\/www.instagram.com\/stroke_neuro_rehab\/","https:\/\/www.tiktok.com\/@stroke_neuro_rehab"]}]},"product_price_amount":"22500","product_price_currency":"HUF","og_availability":"instock","product_availability":"instock","product_condition":"new"},"_links":{"self":[{"href":"https:\/\/strokeneurorehab.com\/en\/wp-json\/wp\/v2\/product\/6063","targetHints":{"allow":["GET"]}}],"collection":[{"href":"https:\/\/strokeneurorehab.com\/en\/wp-json\/wp\/v2\/product"}],"about":[{"href":"https:\/\/strokeneurorehab.com\/en\/wp-json\/wp\/v2\/types\/product"}],"replies":[{"embeddable":true,"href":"https:\/\/strokeneurorehab.com\/en\/wp-json\/wp\/v2\/comments?post=6063"}],"wp:featuredmedia":[{"embeddable":true,"href":"https:\/\/strokeneurorehab.com\/en\/wp-json\/wp\/v2\/media\/6068"}],"wp:attachment":[{"href":"https:\/\/strokeneurorehab.com\/en\/wp-json\/wp\/v2\/media?parent=6063"}],"wp:term":[{"taxonomy":"product_brand","embeddable":true,"href":"https:\/\/strokeneurorehab.com\/en\/wp-json\/wp\/v2\/product_brand?post=6063"},{"taxonomy":"product_cat","embeddable":true,"href":"https:\/\/strokeneurorehab.com\/en\/wp-json\/wp\/v2\/product_cat?post=6063"},{"taxonomy":"product_tag","embeddable":true,"href":"https:\/\/strokeneurorehab.com\/en\/wp-json\/wp\/v2\/product_tag?post=6063"}],"curies":[{"name":"wp","href":"https:\/\/api.w.org\/{rel}","templated":true}]}}